{"id":16,"date":"2023-11-27T09:58:08","date_gmt":"2023-11-27T08:58:08","guid":{"rendered":"http:\/\/latelierducoon.com\/?page_id=16"},"modified":"2024-01-29T10:26:49","modified_gmt":"2024-01-29T09:26:49","slug":"mentions-legales","status":"publish","type":"page","link":"https:\/\/latelierducoon.com\/index.php\/mentions-legales\/","title":{"rendered":"Mentions l\u00e9gales"},"content":{"rendered":"[et_pb_section fb_built=\u00a0\u00bb1&Prime; admin_label=\u00a0\u00bbsection\u00a0\u00bb _builder_version=\u00a0\u00bb4.23.1&Prime; hover_enabled=\u00a0\u00bb0&Prime; global_colors_info=\u00a0\u00bb{}\u00a0\u00bb background_color=\u00a0\u00bb#F5F5EF\u00a0\u00bb sticky_enabled=\u00a0\u00bb0&Prime;][et_pb_row admin_label=\u00a0\u00bbrow\u00a0\u00bb _builder_version=\u00a0\u00bb4.23.1&Prime; background_size=\u00a0\u00bbinitial\u00a0\u00bb background_position=\u00a0\u00bbtop_left\u00a0\u00bb background_repeat=\u00a0\u00bbrepeat\u00a0\u00bb hover_enabled=\u00a0\u00bb0&Prime; global_colors_info=\u00a0\u00bb{}\u00a0\u00bb background_color=\u00a0\u00bb#F5F5EF\u00a0\u00bb sticky_enabled=\u00a0\u00bb0&Prime;][et_pb_column type=\u00a0\u00bb4_4&Prime; _builder_version=\u00a0\u00bb4.16&Prime; custom_padding=\u00a0\u00bb|||\u00a0\u00bb global_colors_info=\u00a0\u00bb{}\u00a0\u00bb custom_padding__hover=\u00a0\u00bb|||\u00a0\u00bb][et_pb_text admin_label=\u00a0\u00bbText\u00a0\u00bb _builder_version=\u00a0\u00bb4.23.1&Prime; background_size=\u00a0\u00bbinitial\u00a0\u00bb background_position=\u00a0\u00bbtop_left\u00a0\u00bb background_repeat=\u00a0\u00bbrepeat\u00a0\u00bb hover_enabled=\u00a0\u00bb0&Prime; global_colors_info=\u00a0\u00bb{}\u00a0\u00bb background_color=\u00a0\u00bb#F5F5EF\u00a0\u00bb sticky_enabled=\u00a0\u00bb0&Prime;]<p><strong>Mentions l\u00e9gales<\/strong><\/p>\n<p><\/p>\n<p>En vigueur au 05\/01\/2022<\/p>\n<p><\/p>\n<p>Le site www.latelierducoon.com est \u00e9dit\u00e9 par Mme ROPITAL Susan, auto-entrepreneure immatricul\u00e9e au registre du commerce et des soci\u00e9t\u00e9s \u00e0\u00a0Lille sous le num\u00e9ro 911 794 485 dont le si\u00e8ge social est situ\u00e9 au 62 rue Henri Dunant \u00e0 Roubaix 59100.\u00a0<\/p>\n<p><\/p>\n<p>En vertu de la loi sur les petites entreprises, nous n&rsquo;affichons et ne pr\u00e9levons aucune TVA<\/p>\n<p><\/p>\n<p>Conform\u00e9ment aux dispositions des Articles 6-III et 19 de la Loi n\u00b02004-575 du 21 juin 2004 pour la Confiance dans l\u2019\u00e9conomie num\u00e9rique, dite L.C.E.N., il est port\u00e9 \u00e0 la connaissance des utilisateurs et visiteurs, ci-apr\u00e8s l\u00a0\u00bb\u00a0\u00bb<strong>Utilisateur<\/strong>\u00ab\u00a0, du site www.latelierducoon.com , ci-apr\u00e8s le \u00ab\u00a0<strong>Site<\/strong>\u00ab\u00a0, les pr\u00e9sentes mentions l\u00e9gales.<\/p>\n<p><\/p>\n<p>La connexion et la navigation sur le Site par l\u2019Utilisateur implique acceptation int\u00e9grale et sans r\u00e9serve des pr\u00e9sentes mentions l\u00e9gales.<\/p>\n<p><\/p>\n<p>Ces derni\u00e8res sont accessibles sur le Site \u00e0 la rubrique \u00ab Mentions l\u00e9gales \u00bb.<\/p>\n<p><\/p>\n<p><strong>ARTICLE 1 &#8211; L&rsquo;EDITEUR<\/strong><\/p>\n<p><\/p>\n<p>L\u2019\u00e9dition et la direction de la publication du Site est assur\u00e9e par Susan Ropital, domicili\u00e9e 62 rue Henri Dunant 59100 ROUBAIX, dont le num\u00e9ro de t\u00e9l\u00e9phone est 0631465083, et l&rsquo;adresse e-mail latelierducoon@gmail.com.<\/p>\n<p><\/p>\n<p>ci-apr\u00e8s l'\u00a0\u00bb<strong>Editeur<\/strong>\u00ab\u00a0.<\/p>\n<p><\/p>\n<p><strong>ARTICLE 2 &#8211; L&rsquo;HEBERGEUR<\/strong><\/p>\n<p><\/p>\n<p>L&rsquo;h\u00e9bergeur du Site est la soci\u00e9t\u00e9 Automattic, dont le si\u00e8ge social est situ\u00e9 au<\/p>\n<p><\/p>\n<p>60 29th Street\u00a0#343<br \/>San Francisco, CA 94110<\/p>\n<p><\/p>\n<p>United States of America<\/p>\n<p><\/p>\n<p><strong>ARTICLE 3 &#8211; ACCES AU SITE<\/strong><\/p>\n<p><\/p>\n<p>Le Site est accessible en tout endroit, 7j\/7, 24h\/24 sauf cas de force majeure, interruption programm\u00e9e ou non et pouvant d\u00e9coulant d\u2019une n\u00e9cessit\u00e9 de maintenance.<\/p>\n<p><\/p>\n<p>En cas de modification, interruption ou suspension du Site, l&rsquo;Editeur ne saurait \u00eatre tenu responsable.<\/p>\n<p><\/p>\n<p><strong>ARTICLE 4 &#8211; COLLECTE DES DONNEES<\/strong><\/p>\n<p><\/p>\n<p>Le Site assure \u00e0 l&rsquo;Utilisateur une collecte et un traitement d&rsquo;informations personnelles dans le respect de la vie priv\u00e9e conform\u00e9ment \u00e0 la loi n\u00b078-17 du 6 janvier 1978 relative \u00e0 l&rsquo;informatique, aux fichiers et aux libert\u00e9s.<\/p>\n<p><\/p>\n<p>En vertu de la loi Informatique et Libert\u00e9s, en date du 6 janvier 1978, l&rsquo;Utilisateur dispose d&rsquo;un droit d&rsquo;acc\u00e8s, de rectification, de suppression et d&rsquo;opposition de ses donn\u00e9es personnelles. L&rsquo;Utilisateur exerce ce droit :<\/p>\n<p><\/p>\n<p>\u00b7\u00a0\u00a0 \u00a0 \u00a0 \u00a0\u00a0par mail \u00e0 l&rsquo;adresse email latelierducoon@gmail.com<\/p>\n<p><\/p>\n<p>\u00b7\u00a0\u00a0 \u00a0 \u00a0 \u00a0\u00a0via son espace personnel ;<\/p>\n<p><\/p>\n<p>Toute utilisation, reproduction, diffusion, commercialisation, modification de toute ou partie du Site, sans autorisation de l\u2019Editeur est prohib\u00e9e et pourra entra\u00een\u00e9e des actions et poursuites judiciaires telles que notamment pr\u00e9vues par le Code de la propri\u00e9t\u00e9 intellectuelle et le Code civil.<\/p>\n<p><\/p>\n<p>Pour plus d\u2019informations, se reporter aux CGU du site www.latelierducoon.com accessible \u00e0 la rubrique \u00ab\u00a0CGU\u00a0\u00bb<\/p>\n<p><\/p>\n<p>Pour plus d\u2019informations, se reporter aux CGV du site www.latelierducoon.com accessible \u00e0 la rubrique \u00ab\u00a0CGV\u00a0\u00bb<\/p>\n<p><\/p>[\/et_pb_text][\/et_pb_column][\/et_pb_row][\/et_pb_section]","protected":false},"excerpt":{"rendered":"<p>Mentions l\u00e9gales En vigueur au 05\/01\/2022 Le site www.latelierducoon.com est \u00e9dit\u00e9 par Mme ROPITAL Susan, auto-entrepreneure immatricul\u00e9e au registre du commerce et des soci\u00e9t\u00e9s \u00e0\u00a0Lille sous le num\u00e9ro 911 794 485 dont le si\u00e8ge social est situ\u00e9 au 62 rue Henri Dunant \u00e0 Roubaix 59100.\u00a0 En vertu de la loi sur les petites entreprises, nous [&hellip;]<\/p>\n","protected":false},"author":1,"featured_media":0,"parent":0,"menu_order":0,"comment_status":"closed","ping_status":"closed","template":"","meta":{"_et_pb_use_builder":"on","_et_pb_old_content":"<!-- wp:paragraph -->\n<p><strong>Mentions l\u00e9gales<\/strong><\/p>\n<!-- \/wp:paragraph -->\n\n<!-- wp:paragraph -->\n<p>En vigueur au 05\/01\/2022<\/p>\n<!-- \/wp:paragraph -->\n\n<!-- wp:paragraph -->\n<p>Le site www.latelierducoon.com est \u00e9dit\u00e9 par Mme ROPITAL Susan, auto-entrepreneure immatricul\u00e9e au registre du commerce et des soci\u00e9t\u00e9s \u00e0&nbsp;Lille sous le num\u00e9ro 911 794 485 dont le si\u00e8ge social est situ\u00e9 au 62 rue Henri Dunant \u00e0 Roubaix 59100.&nbsp;<\/p>\n<!-- \/wp:paragraph -->\n\n<!-- wp:paragraph -->\n<p>En vertu de la loi sur les petites entreprises, nous n'affichons et ne pr\u00e9levons aucune TVA<\/p>\n<!-- \/wp:paragraph -->\n\n<!-- wp:paragraph -->\n<p>Conform\u00e9ment aux dispositions des Articles 6-III et 19 de la Loi n\u00b02004-575 du 21 juin 2004 pour la Confiance dans l\u2019\u00e9conomie num\u00e9rique, dite L.C.E.N., il est port\u00e9 \u00e0 la connaissance des utilisateurs et visiteurs, ci-apr\u00e8s l\"\"<strong>Utilisateur<\/strong>\", du site www.latelierducoon.com , ci-apr\u00e8s le \"<strong>Site<\/strong>\", les pr\u00e9sentes mentions l\u00e9gales.<\/p>\n<!-- \/wp:paragraph -->\n\n<!-- wp:paragraph -->\n<p>La connexion et la navigation sur le Site par l\u2019Utilisateur implique acceptation int\u00e9grale et sans r\u00e9serve des pr\u00e9sentes mentions l\u00e9gales.<\/p>\n<!-- \/wp:paragraph -->\n\n<!-- wp:paragraph -->\n<p>Ces derni\u00e8res sont accessibles sur le Site \u00e0 la rubrique \u00ab Mentions l\u00e9gales \u00bb.<\/p>\n<!-- \/wp:paragraph -->\n\n<!-- wp:paragraph -->\n<p><strong>ARTICLE 1 - L'EDITEUR<\/strong><\/p>\n<!-- \/wp:paragraph -->\n\n<!-- wp:paragraph -->\n<p>L\u2019\u00e9dition et la direction de la publication du Site est assur\u00e9e par Susan Ropital, domicili\u00e9e 62 rue Henri Dunant 59100 ROUBAIX, dont le num\u00e9ro de t\u00e9l\u00e9phone est 0631465083, et l'adresse e-mail latelierducoon@gmail.com.<\/p>\n<!-- \/wp:paragraph -->\n\n<!-- wp:paragraph -->\n<p>ci-apr\u00e8s l'\"<strong>Editeur<\/strong>\".<\/p>\n<!-- \/wp:paragraph -->\n\n<!-- wp:paragraph -->\n<p><strong>ARTICLE 2 - L'HEBERGEUR<\/strong><\/p>\n<!-- \/wp:paragraph -->\n\n<!-- wp:paragraph -->\n<p>L'h\u00e9bergeur du Site est la soci\u00e9t\u00e9 Automattic, dont le si\u00e8ge social est situ\u00e9 au<\/p>\n<!-- \/wp:paragraph -->\n\n<!-- wp:paragraph -->\n<p>60 29th Street&nbsp;#343<br>San Francisco, CA 94110<\/p>\n<!-- \/wp:paragraph -->\n\n<!-- wp:paragraph -->\n<p>United States of America<\/p>\n<!-- \/wp:paragraph -->\n\n<!-- wp:paragraph -->\n<p><strong>ARTICLE 3 - ACCES AU SITE<\/strong><\/p>\n<!-- \/wp:paragraph -->\n\n<!-- wp:paragraph -->\n<p>Le Site est accessible en tout endroit, 7j\/7, 24h\/24 sauf cas de force majeure, interruption programm\u00e9e ou non et pouvant d\u00e9coulant d\u2019une n\u00e9cessit\u00e9 de maintenance.<\/p>\n<!-- \/wp:paragraph -->\n\n<!-- wp:paragraph -->\n<p>En cas de modification, interruption ou suspension du Site, l'Editeur ne saurait \u00eatre tenu responsable.<\/p>\n<!-- \/wp:paragraph -->\n\n<!-- wp:paragraph -->\n<p><strong>ARTICLE 4 - COLLECTE DES DONNEES<\/strong><\/p>\n<!-- \/wp:paragraph -->\n\n<!-- wp:paragraph -->\n<p>Le Site assure \u00e0 l'Utilisateur une collecte et un traitement d'informations personnelles dans le respect de la vie priv\u00e9e conform\u00e9ment \u00e0 la loi n\u00b078-17 du 6 janvier 1978 relative \u00e0 l'informatique, aux fichiers et aux libert\u00e9s.<\/p>\n<!-- \/wp:paragraph -->\n\n<!-- wp:paragraph -->\n<p>En vertu de la loi Informatique et Libert\u00e9s, en date du 6 janvier 1978, l'Utilisateur dispose d'un droit d'acc\u00e8s, de rectification, de suppression et d'opposition de ses donn\u00e9es personnelles. L'Utilisateur exerce ce droit :<\/p>\n<!-- \/wp:paragraph -->\n\n<!-- wp:paragraph -->\n<p>\u00b7&nbsp;&nbsp; &nbsp; &nbsp; &nbsp;&nbsp;par mail \u00e0 l'adresse email latelierducoon@gmail.com<\/p>\n<!-- \/wp:paragraph -->\n\n<!-- wp:paragraph -->\n<p>\u00b7&nbsp;&nbsp; &nbsp; &nbsp; &nbsp;&nbsp;via son espace personnel ;<\/p>\n<!-- \/wp:paragraph -->\n\n<!-- wp:paragraph -->\n<p>Toute utilisation, reproduction, diffusion, commercialisation, modification de toute ou partie du Site, sans autorisation de l\u2019Editeur est prohib\u00e9e et pourra entra\u00een\u00e9e des actions et poursuites judiciaires telles que notamment pr\u00e9vues par le Code de la propri\u00e9t\u00e9 intellectuelle et le Code civil.<\/p>\n<!-- \/wp:paragraph -->\n\n<!-- wp:paragraph -->\n<p>Pour plus d\u2019informations, se reporter aux CGU du site www.latelierducoon.com accessible \u00e0 la rubrique \"CGU\"<\/p>\n<!-- \/wp:paragraph -->\n\n<!-- wp:paragraph -->\n<p>Pour plus d\u2019informations, se reporter aux CGV du site www.latelierducoon.com accessible \u00e0 la rubrique \"CGV\"<\/p>\n<!-- \/wp:paragraph -->","_et_gb_content_width":"","footnotes":""},"class_list":["post-16","page","type-page","status-publish","hentry"],"yoast_head":"<!-- This site is optimized with the Yoast SEO plugin v27.5 - https:\/\/yoast.com\/product\/yoast-seo-wordpress\/ -->\n<title>Mentions l\u00e9gales - L\u2019atelier du Coon<\/title>\n<meta name=\"robots\" content=\"index, follow, max-snippet:-1, max-image-preview:large, max-video-preview:-1\" \/>\n<link rel=\"canonical\" href=\"https:\/\/latelierducoon.com\/index.php\/mentions-legales\/\" \/>\n<meta property=\"og:locale\" content=\"fr_FR\" \/>\n<meta property=\"og:type\" content=\"article\" \/>\n<meta property=\"og:title\" content=\"Mentions l\u00e9gales - L\u2019atelier du Coon\" \/>\n<meta property=\"og:description\" content=\"Mentions l\u00e9gales En vigueur au 05\/01\/2022 Le site www.latelierducoon.com est \u00e9dit\u00e9 par Mme ROPITAL Susan, auto-entrepreneure immatricul\u00e9e au registre du commerce et des soci\u00e9t\u00e9s \u00e0\u00a0Lille sous le num\u00e9ro 911 794 485 dont le si\u00e8ge social est situ\u00e9 au 62 rue Henri Dunant \u00e0 Roubaix 59100.\u00a0 En vertu de la loi sur les petites entreprises, nous [&hellip;]\" \/>\n<meta property=\"og:url\" content=\"https:\/\/latelierducoon.com\/index.php\/mentions-legales\/\" \/>\n<meta property=\"og:site_name\" content=\"L\u2019atelier du Coon\" \/>\n<meta property=\"article:modified_time\" content=\"2024-01-29T09:26:49+00:00\" \/>\n<meta name=\"twitter:card\" content=\"summary_large_image\" \/>\n<meta name=\"twitter:label1\" content=\"Dur\u00e9e de lecture estim\u00e9e\" \/>\n\t<meta name=\"twitter:data1\" content=\"3 minutes\" \/>\n<script type=\"application\/ld+json\" class=\"yoast-schema-graph\">{\"@context\":\"https:\\\/\\\/schema.org\",\"@graph\":[{\"@type\":\"WebPage\",\"@id\":\"https:\\\/\\\/latelierducoon.com\\\/index.php\\\/mentions-legales\\\/\",\"url\":\"https:\\\/\\\/latelierducoon.com\\\/index.php\\\/mentions-legales\\\/\",\"name\":\"Mentions l\u00e9gales - L\u2019atelier du Coon\",\"isPartOf\":{\"@id\":\"https:\\\/\\\/latelierducoon.com\\\/#website\"},\"datePublished\":\"2023-11-27T08:58:08+00:00\",\"dateModified\":\"2024-01-29T09:26:49+00:00\",\"breadcrumb\":{\"@id\":\"https:\\\/\\\/latelierducoon.com\\\/index.php\\\/mentions-legales\\\/#breadcrumb\"},\"inLanguage\":\"fr-FR\",\"potentialAction\":[{\"@type\":\"ReadAction\",\"target\":[\"https:\\\/\\\/latelierducoon.com\\\/index.php\\\/mentions-legales\\\/\"]}]},{\"@type\":\"BreadcrumbList\",\"@id\":\"https:\\\/\\\/latelierducoon.com\\\/index.php\\\/mentions-legales\\\/#breadcrumb\",\"itemListElement\":[{\"@type\":\"ListItem\",\"position\":1,\"name\":\"Home\",\"item\":\"https:\\\/\\\/latelierducoon.com\\\/\"},{\"@type\":\"ListItem\",\"position\":2,\"name\":\"Mentions l\u00e9gales\"}]},{\"@type\":\"WebSite\",\"@id\":\"https:\\\/\\\/latelierducoon.com\\\/#website\",\"url\":\"https:\\\/\\\/latelierducoon.com\\\/\",\"name\":\"L\u2019atelier du Coon\",\"description\":\"\",\"potentialAction\":[{\"@type\":\"SearchAction\",\"target\":{\"@type\":\"EntryPoint\",\"urlTemplate\":\"https:\\\/\\\/latelierducoon.com\\\/?s={search_term_string}\"},\"query-input\":{\"@type\":\"PropertyValueSpecification\",\"valueRequired\":true,\"valueName\":\"search_term_string\"}}],\"inLanguage\":\"fr-FR\"}]}<\/script>\n<!-- \/ Yoast SEO plugin. -->","yoast_head_json":{"title":"Mentions l\u00e9gales - L\u2019atelier du Coon","robots":{"index":"index","follow":"follow","max-snippet":"max-snippet:-1","max-image-preview":"max-image-preview:large","max-video-preview":"max-video-preview:-1"},"canonical":"https:\/\/latelierducoon.com\/index.php\/mentions-legales\/","og_locale":"fr_FR","og_type":"article","og_title":"Mentions l\u00e9gales - L\u2019atelier du Coon","og_description":"Mentions l\u00e9gales En vigueur au 05\/01\/2022 Le site www.latelierducoon.com est \u00e9dit\u00e9 par Mme ROPITAL Susan, auto-entrepreneure immatricul\u00e9e au registre du commerce et des soci\u00e9t\u00e9s \u00e0\u00a0Lille sous le num\u00e9ro 911 794 485 dont le si\u00e8ge social est situ\u00e9 au 62 rue Henri Dunant \u00e0 Roubaix 59100.\u00a0 En vertu de la loi sur les petites entreprises, nous [&hellip;]","og_url":"https:\/\/latelierducoon.com\/index.php\/mentions-legales\/","og_site_name":"L\u2019atelier du Coon","article_modified_time":"2024-01-29T09:26:49+00:00","twitter_card":"summary_large_image","twitter_misc":{"Dur\u00e9e de lecture estim\u00e9e":"3 minutes"},"schema":{"@context":"https:\/\/schema.org","@graph":[{"@type":"WebPage","@id":"https:\/\/latelierducoon.com\/index.php\/mentions-legales\/","url":"https:\/\/latelierducoon.com\/index.php\/mentions-legales\/","name":"Mentions l\u00e9gales - L\u2019atelier du Coon","isPartOf":{"@id":"https:\/\/latelierducoon.com\/#website"},"datePublished":"2023-11-27T08:58:08+00:00","dateModified":"2024-01-29T09:26:49+00:00","breadcrumb":{"@id":"https:\/\/latelierducoon.com\/index.php\/mentions-legales\/#breadcrumb"},"inLanguage":"fr-FR","potentialAction":[{"@type":"ReadAction","target":["https:\/\/latelierducoon.com\/index.php\/mentions-legales\/"]}]},{"@type":"BreadcrumbList","@id":"https:\/\/latelierducoon.com\/index.php\/mentions-legales\/#breadcrumb","itemListElement":[{"@type":"ListItem","position":1,"name":"Home","item":"https:\/\/latelierducoon.com\/"},{"@type":"ListItem","position":2,"name":"Mentions l\u00e9gales"}]},{"@type":"WebSite","@id":"https:\/\/latelierducoon.com\/#website","url":"https:\/\/latelierducoon.com\/","name":"L\u2019atelier du Coon","description":"","potentialAction":[{"@type":"SearchAction","target":{"@type":"EntryPoint","urlTemplate":"https:\/\/latelierducoon.com\/?s={search_term_string}"},"query-input":{"@type":"PropertyValueSpecification","valueRequired":true,"valueName":"search_term_string"}}],"inLanguage":"fr-FR"}]}},"jetpack_sharing_enabled":true,"_links":{"self":[{"href":"https:\/\/latelierducoon.com\/index.php\/wp-json\/wp\/v2\/pages\/16","targetHints":{"allow":["GET"]}}],"collection":[{"href":"https:\/\/latelierducoon.com\/index.php\/wp-json\/wp\/v2\/pages"}],"about":[{"href":"https:\/\/latelierducoon.com\/index.php\/wp-json\/wp\/v2\/types\/page"}],"author":[{"embeddable":true,"href":"https:\/\/latelierducoon.com\/index.php\/wp-json\/wp\/v2\/users\/1"}],"replies":[{"embeddable":true,"href":"https:\/\/latelierducoon.com\/index.php\/wp-json\/wp\/v2\/comments?post=16"}],"version-history":[{"count":5,"href":"https:\/\/latelierducoon.com\/index.php\/wp-json\/wp\/v2\/pages\/16\/revisions"}],"predecessor-version":[{"id":2662,"href":"https:\/\/latelierducoon.com\/index.php\/wp-json\/wp\/v2\/pages\/16\/revisions\/2662"}],"wp:attachment":[{"href":"https:\/\/latelierducoon.com\/index.php\/wp-json\/wp\/v2\/media?parent=16"}],"curies":[{"name":"wp","href":"https:\/\/api.w.org\/{rel}","templated":true}]}}