{"id":2319,"date":"2024-01-09T13:41:02","date_gmt":"2024-01-09T12:41:02","guid":{"rendered":"http:\/\/latelierducoon.com\/?post_type=product&#038;p=2319"},"modified":"2026-03-23T07:41:46","modified_gmt":"2026-03-23T06:41:46","slug":"crocodile-a-macher","status":"publish","type":"product","link":"https:\/\/latelierducoon.com\/index.php\/produit\/crocodile-a-macher\/","title":{"rendered":"Crocodile \u00e0 m\u00e2cher"},"content":{"rendered":"<p class=\"p1\"><span class=\"s1\">Ces crocodiles naturels favorisent la circulation sanguine vers les gencives, pr\u00e9viennent de la mauvaise haleine, et luttent contre la formation de tartre.<\/span><\/p>\n<p class=\"p1\"><span class=\"s1\">Ils sont sans ingr\u00e9dients artificiels, sans colorants, sans ar\u00f4mes, sans conservateurs, sans gluten et sans viande.<\/span><\/p>\n<p class=\"p1\"><span class=\"s1\">Ils sont riches en fibres et faibles en calories et sucres.<\/span><\/p>\n<p class=\"p1\"><span class=\"s1\"><b>Pour qui?<\/b><\/span><\/p>\n<p class=\"p1\"><span class=\"s1\">Pour les chiens \u00e2g\u00e9s de 9 mois minimum, et de plus de 2kg.<\/span><\/p>\n<p class=\"p1\"><span class=\"s1\">1 par jour maximum<\/span><\/p>\n<p class=\"p1\"><span class=\"s1\"><b>Les tailles :<\/b><\/span><\/p>\n<ul class=\"ul1\">\n<li class=\"li1\"><span class=\"s1\">S : 7cm<\/span><\/li>\n<li class=\"li1\"><span class=\"s1\">M : 9cm<\/span><\/li>\n<li class=\"li1\"><b><\/b><span class=\"s1\">L : 11,5cm<b><\/b><\/span><\/li>\n<\/ul>\n<p class=\"p1\"><span class=\"s1\"><b>Composition &amp; bienfaits :<\/b><\/span><\/p>\n<p class=\"p1\"><span class=\"s1\">Amidon de pomme de terre &#8211; hautement digestible, sans gluten et une excellente source d&rsquo;\u00e9nergie.<\/span><\/p>\n<p class=\"p1\"><span class=\"s1\">Glyc\u00e9rine &#8211; am\u00e9liore l&rsquo;app\u00e9tence et aide \u00e0 retenir l&rsquo;humidit\u00e9.<\/span><\/p>\n<p class=\"p1\"><span class=\"s1\">Cellulose en poudre &#8211; fibre dans sa forme la plus pure qui favorise le nettoyage des dents et une digestion saine.<\/span><\/p>\n<p class=\"p1\"><span class=\"s1\">L\u00e9cithine &#8211; \u00e9mulsifiant v\u00e9g\u00e9tal enti\u00e8rement naturel.<\/span><\/p>\n<p class=\"p1\"><span class=\"s1\">Extrait de malt<\/span><span class=\"s1\">, soutient le m\u00e9tabolisme, le tonus musculaire et renforce les os.<\/span><\/p>\n<p class=\"p1\"><span class=\"s1\">Levure &#8211; Vitamines B, min\u00e9raux et source d&rsquo;acides amin\u00e9s pour de bons\u00a0poils et une meilleure digestion.<\/span><\/p>\n<p class=\"p1\"><span class=\"s1\"><b>Marque<\/b>\u00a0: Whimzees<\/span><\/p>\n<p class=\"p1\"><span class=\"s1\">Vendu \u00e0 l\u2019unit\u00e9<\/span><\/p>\n","protected":false},"excerpt":{"rendered":"<p>Les crocodiles \u00e0 m\u00e2cher pour chien sont des friandises amusantes et d\u00e9licieuses sp\u00e9cialement con\u00e7ues pour satisfaire l&rsquo;instinct de mastication naturel de votre chien. Fabriqu\u00e9s \u00e0 partir d&rsquo;ingr\u00e9dients de qualit\u00e9, ces crocodiles \u00e0 m\u00e2cher offrent une texture qui aide \u00e0 nettoyer les dents et \u00e0 renforcer les muscles de la m\u00e2choire de votre animal. En plus d&rsquo;offrir du plaisir \u00e0 votre chien, ces friandises contribuent \u00e9galement \u00e0 promouvoir une bonne hygi\u00e8ne dentaire. Les crocodiles \u00e0 m\u00e2cher pour chien sont une excellente option pour les propri\u00e9taires soucieux de la sant\u00e9 et du bien-\u00eatre de leur animal de compagnie.<\/p>\n","protected":false},"featured_media":2687,"comment_status":"open","ping_status":"closed","template":"","meta":{"_et_pb_use_builder":"","_et_pb_old_content":"","_et_gb_content_width":""},"product_brand":[],"product_cat":[76,78],"product_tag":[],"class_list":{"0":"post-2319","1":"product","2":"type-product","3":"status-publish","4":"has-post-thumbnail","6":"product_cat-lunivers-des-chiens","7":"product_cat-mastication","9":"first","10":"instock","11":"shipping-taxable","12":"purchasable","13":"product-type-variable"},"yoast_head":"<!-- This site is optimized with the Yoast SEO plugin v27.5 - https:\/\/yoast.com\/product\/yoast-seo-wordpress\/ -->\n<title>Crocodile \u00e0 m\u00e2cher - L\u2019atelier du Coon<\/title>\n<meta name=\"robots\" content=\"index, follow, max-snippet:-1, max-image-preview:large, max-video-preview:-1\" \/>\n<link rel=\"canonical\" href=\"https:\/\/latelierducoon.com\/index.php\/produit\/crocodile-a-macher\/\" \/>\n<meta property=\"og:locale\" content=\"fr_FR\" \/>\n<meta property=\"og:type\" content=\"article\" \/>\n<meta property=\"og:title\" content=\"Crocodile \u00e0 m\u00e2cher - L\u2019atelier du Coon\" \/>\n<meta property=\"og:description\" content=\"Les crocodiles \u00e0 m\u00e2cher pour chien sont des friandises amusantes et d\u00e9licieuses sp\u00e9cialement con\u00e7ues pour satisfaire l&#039;instinct de mastication naturel de votre chien. Fabriqu\u00e9s \u00e0 partir d&#039;ingr\u00e9dients de qualit\u00e9, ces crocodiles \u00e0 m\u00e2cher offrent une texture qui aide \u00e0 nettoyer les dents et \u00e0 renforcer les muscles de la m\u00e2choire de votre animal. En plus d&#039;offrir du plaisir \u00e0 votre chien, ces friandises contribuent \u00e9galement \u00e0 promouvoir une bonne hygi\u00e8ne dentaire. Les crocodiles \u00e0 m\u00e2cher pour chien sont une excellente option pour les propri\u00e9taires soucieux de la sant\u00e9 et du bien-\u00eatre de leur animal de compagnie.\" \/>\n<meta property=\"og:url\" content=\"https:\/\/latelierducoon.com\/index.php\/produit\/crocodile-a-macher\/\" \/>\n<meta property=\"og:site_name\" content=\"L\u2019atelier du Coon\" \/>\n<meta property=\"article:modified_time\" content=\"2026-03-23T06:41:46+00:00\" \/>\n<meta property=\"og:image\" content=\"http:\/\/latelierducoon.com\/wp-content\/uploads\/5-3.png\" \/>\n\t<meta property=\"og:image:width\" content=\"300\" \/>\n\t<meta property=\"og:image:height\" content=\"300\" \/>\n\t<meta property=\"og:image:type\" content=\"image\/png\" \/>\n<meta name=\"twitter:card\" content=\"summary_large_image\" \/>\n<meta name=\"twitter:label1\" content=\"Dur\u00e9e de lecture estim\u00e9e\" \/>\n\t<meta name=\"twitter:data1\" content=\"2 minutes\" \/>\n<script type=\"application\/ld+json\" class=\"yoast-schema-graph\">{\"@context\":\"https:\\\/\\\/schema.org\",\"@graph\":[{\"@type\":\"WebPage\",\"@id\":\"https:\\\/\\\/latelierducoon.com\\\/index.php\\\/produit\\\/crocodile-a-macher\\\/\",\"url\":\"https:\\\/\\\/latelierducoon.com\\\/index.php\\\/produit\\\/crocodile-a-macher\\\/\",\"name\":\"Crocodile \u00e0 m\u00e2cher - L\u2019atelier du Coon\",\"isPartOf\":{\"@id\":\"https:\\\/\\\/latelierducoon.com\\\/#website\"},\"primaryImageOfPage\":{\"@id\":\"https:\\\/\\\/latelierducoon.com\\\/index.php\\\/produit\\\/crocodile-a-macher\\\/#primaryimage\"},\"image\":{\"@id\":\"https:\\\/\\\/latelierducoon.com\\\/index.php\\\/produit\\\/crocodile-a-macher\\\/#primaryimage\"},\"thumbnailUrl\":\"https:\\\/\\\/latelierducoon.com\\\/wp-content\\\/uploads\\\/5-3.png\",\"datePublished\":\"2024-01-09T12:41:02+00:00\",\"dateModified\":\"2026-03-23T06:41:46+00:00\",\"breadcrumb\":{\"@id\":\"https:\\\/\\\/latelierducoon.com\\\/index.php\\\/produit\\\/crocodile-a-macher\\\/#breadcrumb\"},\"inLanguage\":\"fr-FR\",\"potentialAction\":[{\"@type\":\"ReadAction\",\"target\":[\"https:\\\/\\\/latelierducoon.com\\\/index.php\\\/produit\\\/crocodile-a-macher\\\/\"]}]},{\"@type\":\"ImageObject\",\"inLanguage\":\"fr-FR\",\"@id\":\"https:\\\/\\\/latelierducoon.com\\\/index.php\\\/produit\\\/crocodile-a-macher\\\/#primaryimage\",\"url\":\"https:\\\/\\\/latelierducoon.com\\\/wp-content\\\/uploads\\\/5-3.png\",\"contentUrl\":\"https:\\\/\\\/latelierducoon.com\\\/wp-content\\\/uploads\\\/5-3.png\",\"width\":300,\"height\":300,\"caption\":\"crocodile \u00e0 m\u00e2cher mastication pour chien\"},{\"@type\":\"BreadcrumbList\",\"@id\":\"https:\\\/\\\/latelierducoon.com\\\/index.php\\\/produit\\\/crocodile-a-macher\\\/#breadcrumb\",\"itemListElement\":[{\"@type\":\"ListItem\",\"position\":1,\"name\":\"Home\",\"item\":\"https:\\\/\\\/latelierducoon.com\\\/\"},{\"@type\":\"ListItem\",\"position\":2,\"name\":\"Accueil\",\"item\":\"https:\\\/\\\/latelierducoon.com\\\/\"},{\"@type\":\"ListItem\",\"position\":3,\"name\":\"Crocodile \u00e0 m\u00e2cher\"}]},{\"@type\":\"WebSite\",\"@id\":\"https:\\\/\\\/latelierducoon.com\\\/#website\",\"url\":\"https:\\\/\\\/latelierducoon.com\\\/\",\"name\":\"L\u2019atelier du Coon\",\"description\":\"\",\"potentialAction\":[{\"@type\":\"SearchAction\",\"target\":{\"@type\":\"EntryPoint\",\"urlTemplate\":\"https:\\\/\\\/latelierducoon.com\\\/?s={search_term_string}\"},\"query-input\":{\"@type\":\"PropertyValueSpecification\",\"valueRequired\":true,\"valueName\":\"search_term_string\"}}],\"inLanguage\":\"fr-FR\"}]}<\/script>\n<!-- \/ Yoast SEO plugin. -->","yoast_head_json":{"title":"Crocodile \u00e0 m\u00e2cher - L\u2019atelier du Coon","robots":{"index":"index","follow":"follow","max-snippet":"max-snippet:-1","max-image-preview":"max-image-preview:large","max-video-preview":"max-video-preview:-1"},"canonical":"https:\/\/latelierducoon.com\/index.php\/produit\/crocodile-a-macher\/","og_locale":"fr_FR","og_type":"article","og_title":"Crocodile \u00e0 m\u00e2cher - L\u2019atelier du Coon","og_description":"Les crocodiles \u00e0 m\u00e2cher pour chien sont des friandises amusantes et d\u00e9licieuses sp\u00e9cialement con\u00e7ues pour satisfaire l'instinct de mastication naturel de votre chien. Fabriqu\u00e9s \u00e0 partir d'ingr\u00e9dients de qualit\u00e9, ces crocodiles \u00e0 m\u00e2cher offrent une texture qui aide \u00e0 nettoyer les dents et \u00e0 renforcer les muscles de la m\u00e2choire de votre animal. En plus d'offrir du plaisir \u00e0 votre chien, ces friandises contribuent \u00e9galement \u00e0 promouvoir une bonne hygi\u00e8ne dentaire. Les crocodiles \u00e0 m\u00e2cher pour chien sont une excellente option pour les propri\u00e9taires soucieux de la sant\u00e9 et du bien-\u00eatre de leur animal de compagnie.","og_url":"https:\/\/latelierducoon.com\/index.php\/produit\/crocodile-a-macher\/","og_site_name":"L\u2019atelier du Coon","article_modified_time":"2026-03-23T06:41:46+00:00","og_image":[{"width":300,"height":300,"url":"http:\/\/latelierducoon.com\/wp-content\/uploads\/5-3.png","type":"image\/png"}],"twitter_card":"summary_large_image","twitter_misc":{"Dur\u00e9e de lecture estim\u00e9e":"2 minutes"},"schema":{"@context":"https:\/\/schema.org","@graph":[{"@type":"WebPage","@id":"https:\/\/latelierducoon.com\/index.php\/produit\/crocodile-a-macher\/","url":"https:\/\/latelierducoon.com\/index.php\/produit\/crocodile-a-macher\/","name":"Crocodile \u00e0 m\u00e2cher - L\u2019atelier du Coon","isPartOf":{"@id":"https:\/\/latelierducoon.com\/#website"},"primaryImageOfPage":{"@id":"https:\/\/latelierducoon.com\/index.php\/produit\/crocodile-a-macher\/#primaryimage"},"image":{"@id":"https:\/\/latelierducoon.com\/index.php\/produit\/crocodile-a-macher\/#primaryimage"},"thumbnailUrl":"https:\/\/latelierducoon.com\/wp-content\/uploads\/5-3.png","datePublished":"2024-01-09T12:41:02+00:00","dateModified":"2026-03-23T06:41:46+00:00","breadcrumb":{"@id":"https:\/\/latelierducoon.com\/index.php\/produit\/crocodile-a-macher\/#breadcrumb"},"inLanguage":"fr-FR","potentialAction":[{"@type":"ReadAction","target":["https:\/\/latelierducoon.com\/index.php\/produit\/crocodile-a-macher\/"]}]},{"@type":"ImageObject","inLanguage":"fr-FR","@id":"https:\/\/latelierducoon.com\/index.php\/produit\/crocodile-a-macher\/#primaryimage","url":"https:\/\/latelierducoon.com\/wp-content\/uploads\/5-3.png","contentUrl":"https:\/\/latelierducoon.com\/wp-content\/uploads\/5-3.png","width":300,"height":300,"caption":"crocodile \u00e0 m\u00e2cher mastication pour chien"},{"@type":"BreadcrumbList","@id":"https:\/\/latelierducoon.com\/index.php\/produit\/crocodile-a-macher\/#breadcrumb","itemListElement":[{"@type":"ListItem","position":1,"name":"Home","item":"https:\/\/latelierducoon.com\/"},{"@type":"ListItem","position":2,"name":"Accueil","item":"https:\/\/latelierducoon.com\/"},{"@type":"ListItem","position":3,"name":"Crocodile \u00e0 m\u00e2cher"}]},{"@type":"WebSite","@id":"https:\/\/latelierducoon.com\/#website","url":"https:\/\/latelierducoon.com\/","name":"L\u2019atelier du Coon","description":"","potentialAction":[{"@type":"SearchAction","target":{"@type":"EntryPoint","urlTemplate":"https:\/\/latelierducoon.com\/?s={search_term_string}"},"query-input":{"@type":"PropertyValueSpecification","valueRequired":true,"valueName":"search_term_string"}}],"inLanguage":"fr-FR"}]}},"jetpack_sharing_enabled":true,"_links":{"self":[{"href":"https:\/\/latelierducoon.com\/index.php\/wp-json\/wp\/v2\/product\/2319","targetHints":{"allow":["GET"]}}],"collection":[{"href":"https:\/\/latelierducoon.com\/index.php\/wp-json\/wp\/v2\/product"}],"about":[{"href":"https:\/\/latelierducoon.com\/index.php\/wp-json\/wp\/v2\/types\/product"}],"replies":[{"embeddable":true,"href":"https:\/\/latelierducoon.com\/index.php\/wp-json\/wp\/v2\/comments?post=2319"}],"wp:featuredmedia":[{"embeddable":true,"href":"https:\/\/latelierducoon.com\/index.php\/wp-json\/wp\/v2\/media\/2687"}],"wp:attachment":[{"href":"https:\/\/latelierducoon.com\/index.php\/wp-json\/wp\/v2\/media?parent=2319"}],"wp:term":[{"taxonomy":"product_brand","embeddable":true,"href":"https:\/\/latelierducoon.com\/index.php\/wp-json\/wp\/v2\/product_brand?post=2319"},{"taxonomy":"product_cat","embeddable":true,"href":"https:\/\/latelierducoon.com\/index.php\/wp-json\/wp\/v2\/product_cat?post=2319"},{"taxonomy":"product_tag","embeddable":true,"href":"https:\/\/latelierducoon.com\/index.php\/wp-json\/wp\/v2\/product_tag?post=2319"}],"curies":[{"name":"wp","href":"https:\/\/api.w.org\/{rel}","templated":true}]}}