{"id":2349,"date":"2024-01-09T14:20:32","date_gmt":"2024-01-09T13:20:32","guid":{"rendered":"http:\/\/latelierducoon.com\/?post_type=product&#038;p=2349"},"modified":"2026-04-26T19:13:30","modified_gmt":"2026-04-26T17:13:30","slug":"bois-de-cerf-entier","status":"publish","type":"product","link":"https:\/\/latelierducoon.com\/index.php\/produit\/bois-de-cerf-entier\/","title":{"rendered":"Bois de cerf entier"},"content":{"rendered":"<div class=\"product-description rte\">\n<p class=\"p1\"><span class=\"s1\">Le bois de cerf entier est une friandise \u00e0 m\u00e2cher, 100% naturelle, saine, sans odeur et qui dure dans le temps.<\/span><\/p>\n<p class=\"p1\"><span class=\"s1\">Il n\u2019y a ni colorants, ni ar\u00f4mes artificiels.<\/span><\/p>\n<p class=\"p1\"><span class=\"s1\">Les bois sont issus de la mue naturelle des cerfs, qui a lieu de janvier \u00e0 mars.<\/span><\/p>\n<p class=\"p1\"><span class=\"s1\">Ils sont de premi\u00e8re qualit\u00e9 : grade AA<\/span><\/p>\n<p class=\"p1\"><span class=\"s1\"><b>Les bienfaits?<\/b><\/span><\/p>\n<ul class=\"ul1\">\n<li class=\"li1\"><span class=\"s1\">Contient du phosphore pour favoriser la sant\u00e9 des os<\/span><\/li>\n<li class=\"li1\"><span class=\"s1\">Occupera votre loulou pendant de longs moments<\/span><\/li>\n<li class=\"li1\"><span class=\"s1\">R\u00e9duit le tarte, favorise la force des dents et la sant\u00e9 des gencives gr\u00e2ce \u00e0 la mastication<\/span><\/li>\n<li class=\"li1\"><span class=\"s1\">Riche en min\u00e9raux et nutriments naturels<\/span><\/li>\n<li class=\"li1\"><span class=\"s1\">Ar\u00f4me qui attire gr\u00e2ce \u00e0 la moelle<\/span><\/li>\n<li class=\"li1\"><span class=\"s1\">R\u00e9duit le cholest\u00e9rol<\/span><\/li>\n<li class=\"li1\"><span class=\"s1\">Renforce la structure osseuse<\/span><\/li>\n<li class=\"li1\"><span class=\"s1\">Dure longtemps<\/span><\/li>\n<li class=\"li1\"><span class=\"s1\">La mastication lib\u00e8re des endorphines dans le cerveau qui favorise le bien-\u00eatre<\/span><\/li>\n<\/ul>\n<p class=\"p1\"><span class=\"s1\"><b>Pour qui?<\/b><\/span><\/p>\n<ul class=\"ul1\">\n<li class=\"li1\"><span class=\"s1\">Pour toutes les races de chiens<\/span><\/li>\n<li class=\"li1\"><span class=\"s1\">Non calorique donc correspond m\u00eame aux chiens en surpoids<\/span><\/li>\n<li class=\"li1\"><span class=\"s1\">Parfait pour les chiens souffrant d\u2019allergies ou de sensibilit\u00e9 \u00e0 l\u2019estomac<\/span><\/li>\n<li class=\"li1\"><span class=\"s1\">Id\u00e9al pour les chiens destructeurs<\/span><\/li>\n<li class=\"li1\"><span class=\"s1\">Tr\u00e8s bien \u00e9galement pour les chiots, car cela les aide \u00e0 faire leurs dents d\u2019adulte. Cependant, il faut prendre des pr\u00e9cautions et choisir une taille suffisamment grande pour qu\u2019il ne puisse pas l\u2019avaler.<\/span><\/li>\n<\/ul>\n<p class=\"p4\"><span class=\"s1\"><b>Les tailles :<\/b><\/span><\/p>\n<ul class=\"ul1\">\n<li class=\"li4\"><span class=\"s1\">S : environ 9cm = Chiens jusqu\u2019\u00e0 10kg<\/span><\/li>\n<li class=\"li4\"><span class=\"s1\">M : environ 11cm = Chiens de 10 \u00e0 20kg<\/span><\/li>\n<li class=\"li4\"><span class=\"s1\">L : environ 12\/15cm = Chiens de plus de 20kg<\/span><\/li>\n<\/ul>\n<p class=\"p4\"><span class=\"s1\"><b>Composition pour 100 grammes :<\/b><\/span><\/p>\n<p class=\"p4\"><span class=\"s1\">Min\u00e9raux 53%, Prot\u00e9ines 32%, Humidit\u00e9 14%, Mati\u00e8res grasses 0,10%, Fibres 3%, Calcium 21g\/100G, Phosphore 10g\/100g, Magn\u00e9sium 26mg\/100g, Fer 998ppm, Sodium 0,4%, Potassium 0,02%<\/span><\/p>\n<p class=\"p7\"><span class=\"s1\">Le bois de cerf entier est un compl\u00e9ment alimentaire. Il ne peut constituer le repas de votre chien.<\/span><\/p>\n<p class=\"p7\"><span class=\"s1\">C\u2019est un produit totalement naturel, la taille et la forme peut varier en fonction du bois, ce qui ne change en rien les bienfaits.<\/span><\/p>\n<\/div>\n<div class=\"social-sharing is-default\" data-permalink=\"https:\/\/latelierducoon.com\/products\/bois-de-cerf-entier\"><\/div>\n","protected":false},"excerpt":{"rendered":"<p>Le bois de cerf entier est une excellente option d&rsquo;occupation pour votre chien. Durable et naturel, il offre de nombreux bienfaits pour la sant\u00e9 dentaire et mentale de votre compagnon \u00e0 quatre pattes.<\/p>\n<p>Le fait de m\u00e2cher le bois de cerf permet \u00e9galement de soulager le stress et l&rsquo;ennui de votre chien. En lui offrant cette occupation, vous pouvez l&rsquo;aider \u00e0 \u00e9viter les comportements destructeurs et \u00e0 rester calme et d\u00e9tendu.<\/p>\n<p>Mastication hypoallerg\u00e9nique pour les chiens sensibles ou allergiques<\/p>\n","protected":false},"featured_media":2683,"comment_status":"open","ping_status":"closed","template":"","meta":{"_et_pb_use_builder":"","_et_pb_old_content":"","_et_gb_content_width":""},"product_brand":[],"product_cat":[76,78],"product_tag":[],"class_list":{"0":"post-2349","1":"product","2":"type-product","3":"status-publish","4":"has-post-thumbnail","6":"product_cat-lunivers-des-chiens","7":"product_cat-mastication","9":"first","10":"instock","11":"shipping-taxable","12":"purchasable","13":"product-type-variable"},"yoast_head":"<!-- This site is optimized with the Yoast SEO plugin v27.5 - https:\/\/yoast.com\/product\/yoast-seo-wordpress\/ -->\n<title>Bois de cerf entier - L\u2019atelier du Coon<\/title>\n<meta name=\"robots\" content=\"index, follow, max-snippet:-1, max-image-preview:large, max-video-preview:-1\" \/>\n<link rel=\"canonical\" href=\"https:\/\/latelierducoon.com\/index.php\/produit\/bois-de-cerf-entier\/\" \/>\n<meta property=\"og:locale\" content=\"fr_FR\" \/>\n<meta property=\"og:type\" content=\"article\" \/>\n<meta property=\"og:title\" content=\"Bois de cerf entier - L\u2019atelier du Coon\" \/>\n<meta property=\"og:description\" content=\"Le bois de cerf entier est une excellente option d&#039;occupation pour votre chien. Durable et naturel, il offre de nombreux bienfaits pour la sant\u00e9 dentaire et mentale de votre compagnon \u00e0 quatre pattes.  Le fait de m\u00e2cher le bois de cerf permet \u00e9galement de soulager le stress et l&#039;ennui de votre chien. En lui offrant cette occupation, vous pouvez l&#039;aider \u00e0 \u00e9viter les comportements destructeurs et \u00e0 rester calme et d\u00e9tendu.  Mastication hypoallerg\u00e9nique pour les chiens sensibles ou allergiques\" \/>\n<meta property=\"og:url\" content=\"https:\/\/latelierducoon.com\/index.php\/produit\/bois-de-cerf-entier\/\" \/>\n<meta property=\"og:site_name\" content=\"L\u2019atelier du Coon\" \/>\n<meta property=\"article:modified_time\" content=\"2026-04-26T17:13:30+00:00\" \/>\n<meta property=\"og:image\" content=\"http:\/\/latelierducoon.com\/wp-content\/uploads\/8.png\" \/>\n\t<meta property=\"og:image:width\" content=\"300\" \/>\n\t<meta property=\"og:image:height\" content=\"300\" \/>\n\t<meta property=\"og:image:type\" content=\"image\/png\" \/>\n<meta name=\"twitter:card\" content=\"summary_large_image\" \/>\n<meta name=\"twitter:label1\" content=\"Dur\u00e9e de lecture estim\u00e9e\" \/>\n\t<meta name=\"twitter:data1\" content=\"2 minutes\" \/>\n<script type=\"application\/ld+json\" class=\"yoast-schema-graph\">{\"@context\":\"https:\\\/\\\/schema.org\",\"@graph\":[{\"@type\":\"WebPage\",\"@id\":\"https:\\\/\\\/latelierducoon.com\\\/index.php\\\/produit\\\/bois-de-cerf-entier\\\/\",\"url\":\"https:\\\/\\\/latelierducoon.com\\\/index.php\\\/produit\\\/bois-de-cerf-entier\\\/\",\"name\":\"Bois de cerf entier - L\u2019atelier du Coon\",\"isPartOf\":{\"@id\":\"https:\\\/\\\/latelierducoon.com\\\/#website\"},\"primaryImageOfPage\":{\"@id\":\"https:\\\/\\\/latelierducoon.com\\\/index.php\\\/produit\\\/bois-de-cerf-entier\\\/#primaryimage\"},\"image\":{\"@id\":\"https:\\\/\\\/latelierducoon.com\\\/index.php\\\/produit\\\/bois-de-cerf-entier\\\/#primaryimage\"},\"thumbnailUrl\":\"https:\\\/\\\/latelierducoon.com\\\/wp-content\\\/uploads\\\/8.png\",\"datePublished\":\"2024-01-09T13:20:32+00:00\",\"dateModified\":\"2026-04-26T17:13:30+00:00\",\"breadcrumb\":{\"@id\":\"https:\\\/\\\/latelierducoon.com\\\/index.php\\\/produit\\\/bois-de-cerf-entier\\\/#breadcrumb\"},\"inLanguage\":\"fr-FR\",\"potentialAction\":[{\"@type\":\"ReadAction\",\"target\":[\"https:\\\/\\\/latelierducoon.com\\\/index.php\\\/produit\\\/bois-de-cerf-entier\\\/\"]}]},{\"@type\":\"ImageObject\",\"inLanguage\":\"fr-FR\",\"@id\":\"https:\\\/\\\/latelierducoon.com\\\/index.php\\\/produit\\\/bois-de-cerf-entier\\\/#primaryimage\",\"url\":\"https:\\\/\\\/latelierducoon.com\\\/wp-content\\\/uploads\\\/8.png\",\"contentUrl\":\"https:\\\/\\\/latelierducoon.com\\\/wp-content\\\/uploads\\\/8.png\",\"width\":300,\"height\":300,\"caption\":\"bois cerf entier mastication chien\"},{\"@type\":\"BreadcrumbList\",\"@id\":\"https:\\\/\\\/latelierducoon.com\\\/index.php\\\/produit\\\/bois-de-cerf-entier\\\/#breadcrumb\",\"itemListElement\":[{\"@type\":\"ListItem\",\"position\":1,\"name\":\"Home\",\"item\":\"https:\\\/\\\/latelierducoon.com\\\/\"},{\"@type\":\"ListItem\",\"position\":2,\"name\":\"Accueil\",\"item\":\"https:\\\/\\\/latelierducoon.com\\\/\"},{\"@type\":\"ListItem\",\"position\":3,\"name\":\"Bois de cerf entier\"}]},{\"@type\":\"WebSite\",\"@id\":\"https:\\\/\\\/latelierducoon.com\\\/#website\",\"url\":\"https:\\\/\\\/latelierducoon.com\\\/\",\"name\":\"L\u2019atelier du Coon\",\"description\":\"\",\"potentialAction\":[{\"@type\":\"SearchAction\",\"target\":{\"@type\":\"EntryPoint\",\"urlTemplate\":\"https:\\\/\\\/latelierducoon.com\\\/?s={search_term_string}\"},\"query-input\":{\"@type\":\"PropertyValueSpecification\",\"valueRequired\":true,\"valueName\":\"search_term_string\"}}],\"inLanguage\":\"fr-FR\"}]}<\/script>\n<!-- \/ Yoast SEO plugin. -->","yoast_head_json":{"title":"Bois de cerf entier - L\u2019atelier du Coon","robots":{"index":"index","follow":"follow","max-snippet":"max-snippet:-1","max-image-preview":"max-image-preview:large","max-video-preview":"max-video-preview:-1"},"canonical":"https:\/\/latelierducoon.com\/index.php\/produit\/bois-de-cerf-entier\/","og_locale":"fr_FR","og_type":"article","og_title":"Bois de cerf entier - L\u2019atelier du Coon","og_description":"Le bois de cerf entier est une excellente option d'occupation pour votre chien. Durable et naturel, il offre de nombreux bienfaits pour la sant\u00e9 dentaire et mentale de votre compagnon \u00e0 quatre pattes.  Le fait de m\u00e2cher le bois de cerf permet \u00e9galement de soulager le stress et l'ennui de votre chien. En lui offrant cette occupation, vous pouvez l'aider \u00e0 \u00e9viter les comportements destructeurs et \u00e0 rester calme et d\u00e9tendu.  Mastication hypoallerg\u00e9nique pour les chiens sensibles ou allergiques","og_url":"https:\/\/latelierducoon.com\/index.php\/produit\/bois-de-cerf-entier\/","og_site_name":"L\u2019atelier du Coon","article_modified_time":"2026-04-26T17:13:30+00:00","og_image":[{"width":300,"height":300,"url":"http:\/\/latelierducoon.com\/wp-content\/uploads\/8.png","type":"image\/png"}],"twitter_card":"summary_large_image","twitter_misc":{"Dur\u00e9e de lecture estim\u00e9e":"2 minutes"},"schema":{"@context":"https:\/\/schema.org","@graph":[{"@type":"WebPage","@id":"https:\/\/latelierducoon.com\/index.php\/produit\/bois-de-cerf-entier\/","url":"https:\/\/latelierducoon.com\/index.php\/produit\/bois-de-cerf-entier\/","name":"Bois de cerf entier - L\u2019atelier du Coon","isPartOf":{"@id":"https:\/\/latelierducoon.com\/#website"},"primaryImageOfPage":{"@id":"https:\/\/latelierducoon.com\/index.php\/produit\/bois-de-cerf-entier\/#primaryimage"},"image":{"@id":"https:\/\/latelierducoon.com\/index.php\/produit\/bois-de-cerf-entier\/#primaryimage"},"thumbnailUrl":"https:\/\/latelierducoon.com\/wp-content\/uploads\/8.png","datePublished":"2024-01-09T13:20:32+00:00","dateModified":"2026-04-26T17:13:30+00:00","breadcrumb":{"@id":"https:\/\/latelierducoon.com\/index.php\/produit\/bois-de-cerf-entier\/#breadcrumb"},"inLanguage":"fr-FR","potentialAction":[{"@type":"ReadAction","target":["https:\/\/latelierducoon.com\/index.php\/produit\/bois-de-cerf-entier\/"]}]},{"@type":"ImageObject","inLanguage":"fr-FR","@id":"https:\/\/latelierducoon.com\/index.php\/produit\/bois-de-cerf-entier\/#primaryimage","url":"https:\/\/latelierducoon.com\/wp-content\/uploads\/8.png","contentUrl":"https:\/\/latelierducoon.com\/wp-content\/uploads\/8.png","width":300,"height":300,"caption":"bois cerf entier mastication chien"},{"@type":"BreadcrumbList","@id":"https:\/\/latelierducoon.com\/index.php\/produit\/bois-de-cerf-entier\/#breadcrumb","itemListElement":[{"@type":"ListItem","position":1,"name":"Home","item":"https:\/\/latelierducoon.com\/"},{"@type":"ListItem","position":2,"name":"Accueil","item":"https:\/\/latelierducoon.com\/"},{"@type":"ListItem","position":3,"name":"Bois de cerf entier"}]},{"@type":"WebSite","@id":"https:\/\/latelierducoon.com\/#website","url":"https:\/\/latelierducoon.com\/","name":"L\u2019atelier du Coon","description":"","potentialAction":[{"@type":"SearchAction","target":{"@type":"EntryPoint","urlTemplate":"https:\/\/latelierducoon.com\/?s={search_term_string}"},"query-input":{"@type":"PropertyValueSpecification","valueRequired":true,"valueName":"search_term_string"}}],"inLanguage":"fr-FR"}]}},"jetpack_sharing_enabled":true,"_links":{"self":[{"href":"https:\/\/latelierducoon.com\/index.php\/wp-json\/wp\/v2\/product\/2349","targetHints":{"allow":["GET"]}}],"collection":[{"href":"https:\/\/latelierducoon.com\/index.php\/wp-json\/wp\/v2\/product"}],"about":[{"href":"https:\/\/latelierducoon.com\/index.php\/wp-json\/wp\/v2\/types\/product"}],"replies":[{"embeddable":true,"href":"https:\/\/latelierducoon.com\/index.php\/wp-json\/wp\/v2\/comments?post=2349"}],"wp:featuredmedia":[{"embeddable":true,"href":"https:\/\/latelierducoon.com\/index.php\/wp-json\/wp\/v2\/media\/2683"}],"wp:attachment":[{"href":"https:\/\/latelierducoon.com\/index.php\/wp-json\/wp\/v2\/media?parent=2349"}],"wp:term":[{"taxonomy":"product_brand","embeddable":true,"href":"https:\/\/latelierducoon.com\/index.php\/wp-json\/wp\/v2\/product_brand?post=2349"},{"taxonomy":"product_cat","embeddable":true,"href":"https:\/\/latelierducoon.com\/index.php\/wp-json\/wp\/v2\/product_cat?post=2349"},{"taxonomy":"product_tag","embeddable":true,"href":"https:\/\/latelierducoon.com\/index.php\/wp-json\/wp\/v2\/product_tag?post=2349"}],"curies":[{"name":"wp","href":"https:\/\/api.w.org\/{rel}","templated":true}]}}