{"id":2369,"date":"2024-01-09T14:55:21","date_gmt":"2024-01-09T13:55:21","guid":{"rendered":"http:\/\/latelierducoon.com\/?post_type=product&#038;p=2369"},"modified":"2026-02-02T08:42:40","modified_gmt":"2026-02-02T07:42:40","slug":"os-en-laine","status":"publish","type":"product","link":"https:\/\/latelierducoon.com\/index.php\/produit\/os-en-laine\/","title":{"rendered":"Os en laine"},"content":{"rendered":"<p class=\"p1\"><span class=\"s1\">C\u2019est parti pour de longues parties de jeux.<\/span><\/p>\n<p class=\"p1\"><span class=\"s1\">L\u2019os est fait un jouet fait \u00e0 la main, avec de la laine 100% naturelle.<\/span><\/p>\n<p class=\"p1\"><span class=\"s1\">Il y a 2 couleurs :\u00a0gris clair\u00a0&amp; marron<\/span><\/p>\n<p class=\"p1\"><span class=\"s1\">Il est fait main, en Lettonie<\/span><\/p>\n<p class=\"p1\"><span class=\"s1\">Cet os est tr\u00e8s r\u00e9sistant mais n\u2019est pas indestructible. Si votre chien a des tendances \u00e0 tout d\u00e9truire, optez plut\u00f4t pour la mastication.<\/span><\/p>\n<p class=\"p1\"><span class=\"s1\">L\u2019os peut \u00eatre lav\u00e9 \u00e0 haute temp\u00e9rature, et regagne apr\u00e8s lavage r\u00e9sistance &amp; rigidit\u00e9<\/span><\/p>\n<p class=\"p1\"><span class=\"s1\"><b>Dimensions\u00a0<\/b>:<\/span><\/p>\n<ul class=\"ul1\">\n<li class=\"li1\"><span class=\"s1\">20 cm de long<\/span><\/li>\n<\/ul>\n<p class=\"p1\"><span class=\"s1\"><b>Mat\u00e9riaux :<\/b><\/span><\/p>\n<ul class=\"ul1\">\n<li class=\"li1\"><span class=\"s1\">100% laine naturelle<\/span><\/li>\n<\/ul>\n","protected":false},"excerpt":{"rendered":"<p>Offrez \u00e0 votre chien le plaisir de jouer avec un jouet en laine 100% naturelle.<\/p>\n<p>Gr\u00e2ce \u00e0 sa forme d&rsquo;os, ce jouet est parfait pour satisfaire l&rsquo;instinct naturel de votre chien \u00e0 m\u00e2cher. Que ce soit pour soulager les douleurs dentaires des chiots en pleine croissance ou pour divertir votre chien pendant des heures<\/p>\n<p>&nbsp;<\/p>\n","protected":false},"featured_media":2680,"comment_status":"open","ping_status":"closed","template":"","meta":{"_et_pb_use_builder":"","_et_pb_old_content":"","_et_gb_content_width":""},"product_brand":[],"product_cat":[76,79],"product_tag":[],"class_list":{"0":"post-2369","1":"product","2":"type-product","3":"status-publish","4":"has-post-thumbnail","6":"product_cat-lunivers-des-chiens","7":"product_cat-nos-jouets-occupation","9":"first","10":"instock","11":"shipping-taxable","12":"purchasable","13":"product-type-variable"},"yoast_head":"<!-- This site is optimized with the Yoast SEO plugin v27.5 - https:\/\/yoast.com\/product\/yoast-seo-wordpress\/ -->\n<title>Os en laine - L\u2019atelier du Coon<\/title>\n<meta name=\"robots\" content=\"index, follow, max-snippet:-1, max-image-preview:large, max-video-preview:-1\" \/>\n<link rel=\"canonical\" href=\"https:\/\/latelierducoon.com\/index.php\/produit\/os-en-laine\/\" \/>\n<meta property=\"og:locale\" content=\"fr_FR\" \/>\n<meta property=\"og:type\" content=\"article\" \/>\n<meta property=\"og:title\" content=\"Os en laine - L\u2019atelier du Coon\" \/>\n<meta property=\"og:description\" content=\"Offrez \u00e0 votre chien le plaisir de jouer avec un jouet en laine 100% naturelle.  Gr\u00e2ce \u00e0 sa forme d&#039;os, ce jouet est parfait pour satisfaire l&#039;instinct naturel de votre chien \u00e0 m\u00e2cher. Que ce soit pour soulager les douleurs dentaires des chiots en pleine croissance ou pour divertir votre chien pendant des heures  &nbsp;\" \/>\n<meta property=\"og:url\" content=\"https:\/\/latelierducoon.com\/index.php\/produit\/os-en-laine\/\" \/>\n<meta property=\"og:site_name\" content=\"L\u2019atelier du Coon\" \/>\n<meta property=\"article:modified_time\" content=\"2026-02-02T07:42:40+00:00\" \/>\n<meta property=\"og:image\" content=\"http:\/\/latelierducoon.com\/wp-content\/uploads\/Design-sans-titre-1.png\" \/>\n\t<meta property=\"og:image:width\" content=\"300\" \/>\n\t<meta property=\"og:image:height\" content=\"300\" \/>\n\t<meta property=\"og:image:type\" content=\"image\/png\" \/>\n<meta name=\"twitter:card\" content=\"summary_large_image\" \/>\n<meta name=\"twitter:label1\" content=\"Dur\u00e9e de lecture estim\u00e9e\" \/>\n\t<meta name=\"twitter:data1\" content=\"1 minute\" \/>\n<script type=\"application\/ld+json\" class=\"yoast-schema-graph\">{\"@context\":\"https:\\\/\\\/schema.org\",\"@graph\":[{\"@type\":\"WebPage\",\"@id\":\"https:\\\/\\\/latelierducoon.com\\\/index.php\\\/produit\\\/os-en-laine\\\/\",\"url\":\"https:\\\/\\\/latelierducoon.com\\\/index.php\\\/produit\\\/os-en-laine\\\/\",\"name\":\"Os en laine - L\u2019atelier du Coon\",\"isPartOf\":{\"@id\":\"https:\\\/\\\/latelierducoon.com\\\/#website\"},\"primaryImageOfPage\":{\"@id\":\"https:\\\/\\\/latelierducoon.com\\\/index.php\\\/produit\\\/os-en-laine\\\/#primaryimage\"},\"image\":{\"@id\":\"https:\\\/\\\/latelierducoon.com\\\/index.php\\\/produit\\\/os-en-laine\\\/#primaryimage\"},\"thumbnailUrl\":\"https:\\\/\\\/latelierducoon.com\\\/wp-content\\\/uploads\\\/Design-sans-titre-1.png\",\"datePublished\":\"2024-01-09T13:55:21+00:00\",\"dateModified\":\"2026-02-02T07:42:40+00:00\",\"breadcrumb\":{\"@id\":\"https:\\\/\\\/latelierducoon.com\\\/index.php\\\/produit\\\/os-en-laine\\\/#breadcrumb\"},\"inLanguage\":\"fr-FR\",\"potentialAction\":[{\"@type\":\"ReadAction\",\"target\":[\"https:\\\/\\\/latelierducoon.com\\\/index.php\\\/produit\\\/os-en-laine\\\/\"]}]},{\"@type\":\"ImageObject\",\"inLanguage\":\"fr-FR\",\"@id\":\"https:\\\/\\\/latelierducoon.com\\\/index.php\\\/produit\\\/os-en-laine\\\/#primaryimage\",\"url\":\"https:\\\/\\\/latelierducoon.com\\\/wp-content\\\/uploads\\\/Design-sans-titre-1.png\",\"contentUrl\":\"https:\\\/\\\/latelierducoon.com\\\/wp-content\\\/uploads\\\/Design-sans-titre-1.png\",\"width\":300,\"height\":300,\"caption\":\"os en laine pour chien jouet\"},{\"@type\":\"BreadcrumbList\",\"@id\":\"https:\\\/\\\/latelierducoon.com\\\/index.php\\\/produit\\\/os-en-laine\\\/#breadcrumb\",\"itemListElement\":[{\"@type\":\"ListItem\",\"position\":1,\"name\":\"Home\",\"item\":\"https:\\\/\\\/latelierducoon.com\\\/\"},{\"@type\":\"ListItem\",\"position\":2,\"name\":\"Accueil\",\"item\":\"https:\\\/\\\/latelierducoon.com\\\/\"},{\"@type\":\"ListItem\",\"position\":3,\"name\":\"Os en laine\"}]},{\"@type\":\"WebSite\",\"@id\":\"https:\\\/\\\/latelierducoon.com\\\/#website\",\"url\":\"https:\\\/\\\/latelierducoon.com\\\/\",\"name\":\"L\u2019atelier du Coon\",\"description\":\"\",\"potentialAction\":[{\"@type\":\"SearchAction\",\"target\":{\"@type\":\"EntryPoint\",\"urlTemplate\":\"https:\\\/\\\/latelierducoon.com\\\/?s={search_term_string}\"},\"query-input\":{\"@type\":\"PropertyValueSpecification\",\"valueRequired\":true,\"valueName\":\"search_term_string\"}}],\"inLanguage\":\"fr-FR\"}]}<\/script>\n<!-- \/ Yoast SEO plugin. -->","yoast_head_json":{"title":"Os en laine - L\u2019atelier du Coon","robots":{"index":"index","follow":"follow","max-snippet":"max-snippet:-1","max-image-preview":"max-image-preview:large","max-video-preview":"max-video-preview:-1"},"canonical":"https:\/\/latelierducoon.com\/index.php\/produit\/os-en-laine\/","og_locale":"fr_FR","og_type":"article","og_title":"Os en laine - L\u2019atelier du Coon","og_description":"Offrez \u00e0 votre chien le plaisir de jouer avec un jouet en laine 100% naturelle.  Gr\u00e2ce \u00e0 sa forme d'os, ce jouet est parfait pour satisfaire l'instinct naturel de votre chien \u00e0 m\u00e2cher. Que ce soit pour soulager les douleurs dentaires des chiots en pleine croissance ou pour divertir votre chien pendant des heures  &nbsp;","og_url":"https:\/\/latelierducoon.com\/index.php\/produit\/os-en-laine\/","og_site_name":"L\u2019atelier du Coon","article_modified_time":"2026-02-02T07:42:40+00:00","og_image":[{"width":300,"height":300,"url":"http:\/\/latelierducoon.com\/wp-content\/uploads\/Design-sans-titre-1.png","type":"image\/png"}],"twitter_card":"summary_large_image","twitter_misc":{"Dur\u00e9e de lecture estim\u00e9e":"1 minute"},"schema":{"@context":"https:\/\/schema.org","@graph":[{"@type":"WebPage","@id":"https:\/\/latelierducoon.com\/index.php\/produit\/os-en-laine\/","url":"https:\/\/latelierducoon.com\/index.php\/produit\/os-en-laine\/","name":"Os en laine - L\u2019atelier du Coon","isPartOf":{"@id":"https:\/\/latelierducoon.com\/#website"},"primaryImageOfPage":{"@id":"https:\/\/latelierducoon.com\/index.php\/produit\/os-en-laine\/#primaryimage"},"image":{"@id":"https:\/\/latelierducoon.com\/index.php\/produit\/os-en-laine\/#primaryimage"},"thumbnailUrl":"https:\/\/latelierducoon.com\/wp-content\/uploads\/Design-sans-titre-1.png","datePublished":"2024-01-09T13:55:21+00:00","dateModified":"2026-02-02T07:42:40+00:00","breadcrumb":{"@id":"https:\/\/latelierducoon.com\/index.php\/produit\/os-en-laine\/#breadcrumb"},"inLanguage":"fr-FR","potentialAction":[{"@type":"ReadAction","target":["https:\/\/latelierducoon.com\/index.php\/produit\/os-en-laine\/"]}]},{"@type":"ImageObject","inLanguage":"fr-FR","@id":"https:\/\/latelierducoon.com\/index.php\/produit\/os-en-laine\/#primaryimage","url":"https:\/\/latelierducoon.com\/wp-content\/uploads\/Design-sans-titre-1.png","contentUrl":"https:\/\/latelierducoon.com\/wp-content\/uploads\/Design-sans-titre-1.png","width":300,"height":300,"caption":"os en laine pour chien jouet"},{"@type":"BreadcrumbList","@id":"https:\/\/latelierducoon.com\/index.php\/produit\/os-en-laine\/#breadcrumb","itemListElement":[{"@type":"ListItem","position":1,"name":"Home","item":"https:\/\/latelierducoon.com\/"},{"@type":"ListItem","position":2,"name":"Accueil","item":"https:\/\/latelierducoon.com\/"},{"@type":"ListItem","position":3,"name":"Os en laine"}]},{"@type":"WebSite","@id":"https:\/\/latelierducoon.com\/#website","url":"https:\/\/latelierducoon.com\/","name":"L\u2019atelier du Coon","description":"","potentialAction":[{"@type":"SearchAction","target":{"@type":"EntryPoint","urlTemplate":"https:\/\/latelierducoon.com\/?s={search_term_string}"},"query-input":{"@type":"PropertyValueSpecification","valueRequired":true,"valueName":"search_term_string"}}],"inLanguage":"fr-FR"}]}},"jetpack_sharing_enabled":true,"_links":{"self":[{"href":"https:\/\/latelierducoon.com\/index.php\/wp-json\/wp\/v2\/product\/2369","targetHints":{"allow":["GET"]}}],"collection":[{"href":"https:\/\/latelierducoon.com\/index.php\/wp-json\/wp\/v2\/product"}],"about":[{"href":"https:\/\/latelierducoon.com\/index.php\/wp-json\/wp\/v2\/types\/product"}],"replies":[{"embeddable":true,"href":"https:\/\/latelierducoon.com\/index.php\/wp-json\/wp\/v2\/comments?post=2369"}],"wp:featuredmedia":[{"embeddable":true,"href":"https:\/\/latelierducoon.com\/index.php\/wp-json\/wp\/v2\/media\/2680"}],"wp:attachment":[{"href":"https:\/\/latelierducoon.com\/index.php\/wp-json\/wp\/v2\/media?parent=2369"}],"wp:term":[{"taxonomy":"product_brand","embeddable":true,"href":"https:\/\/latelierducoon.com\/index.php\/wp-json\/wp\/v2\/product_brand?post=2369"},{"taxonomy":"product_cat","embeddable":true,"href":"https:\/\/latelierducoon.com\/index.php\/wp-json\/wp\/v2\/product_cat?post=2369"},{"taxonomy":"product_tag","embeddable":true,"href":"https:\/\/latelierducoon.com\/index.php\/wp-json\/wp\/v2\/product_tag?post=2369"}],"curies":[{"name":"wp","href":"https:\/\/api.w.org\/{rel}","templated":true}]}}