{"id":2458,"date":"2024-01-10T15:31:29","date_gmt":"2024-01-10T14:31:29","guid":{"rendered":"http:\/\/latelierducoon.com\/?post_type=product&#038;p=2458"},"modified":"2026-03-18T15:32:13","modified_gmt":"2026-03-18T14:32:13","slug":"gamelle-a-personnaliser","status":"publish","type":"product","link":"https:\/\/latelierducoon.com\/index.php\/produit\/gamelle-a-personnaliser\/","title":{"rendered":"Gamelle \u00e0 personnaliser"},"content":{"rendered":"<p>Offrez \u00e0 votre fid\u00e8le compagnon un repas dans un style unique avec notre gamelle personnalis\u00e9e en c\u00e9ramique blanche, sublim\u00e9e par ses \u00e9l\u00e9gants pieds en bois naturel.<\/p>\n<p>Cr\u00e9ez une v\u00e9ritable \u0153uvre d&rsquo;art en ajoutant le texte de votre choix. Exprimez votre amour pour votre animal en inscrivant son nom, une phrase tendre ou m\u00eame son surnom affectueux.<\/p>\n<p>Personnalisez encore davantage cette gamelle exceptionnelle en choisissant parmi notre s\u00e9lection de trois typographies diff\u00e9rentes. Optez pour une typographie d\u00e9licate pour un look raffin\u00e9, ou pr\u00e9f\u00e9rez une typographie audacieuse pour refl\u00e9ter l&rsquo;\u00e9nergie d\u00e9bordante de votre animal de compagnie pr\u00e9f\u00e9r\u00e9.<\/p>\n<p>Et ce n&rsquo;est pas tout ! Nous vous offrons \u00e9galement la possibilit\u00e9 de s\u00e9lectionner parmi nos quatre couleurs de flocage exclusives. Ajoutez une touche de couleur vive pour \u00e9gayer le moment du repas ou optez pour une teinte plus sobre pour un style intemporel.<\/p>\n<p>Offrez le cadeau parfait \u00e0 votre animal de compagnie en lui offrant une gamelle personnalis\u00e9e qui allie qualit\u00e9, esth\u00e9tisme et originalit\u00e9. Car votre fid\u00e8le compagnon m\u00e9rite le meilleur, offrez-lui le repas qu&rsquo;il m\u00e9rite avec notre gamelle personnalis\u00e9e en c\u00e9ramique blanche aux pieds en bois naturel.<\/p>\n","protected":false},"excerpt":{"rendered":"<p>Je vous pr\u00e9sente la gamelle personnalisable, pour chien, chat ou NAC. Elle est en c\u00e9ramique blanche \u00e9maill\u00e9e de haute qualit\u00e9, pour r\u00e9sister \u00e0 la nourriture humide et \u00e0 l&rsquo;eau.<br \/>\nElle se nettoie facilement, \u00e0 la main (pas de lave-vaisselle)<br \/>\nSes pieds en bois naturel sont tr\u00e8s stables, et permettent une meilleure position \u00e0 votre animal pour manger.<\/p>\n<p>\ud83d\udd24 Personnalisation avec le texte de votre choix et possibilit\u00e9 d&rsquo;ajouter des pattounes<br \/>\n\ud83c\udfa8 \u00c9criture en dor\u00e9e, argent\u00e9e ou noire<br \/>\n\ud83d\udd20 3 typographies possibles<br \/>\n\ud83d\udccf 2 tailles disponibles :<br \/>\n\u25ab\ufe0fTaille 1 : 200ml : 11,5cm x 11,5cm x 6cm<br \/>\n\u25ab\ufe0fTaille 2 : 700ml : 15,4cm x 15,4cm x 9,4cm<\/p>\n","protected":false},"featured_media":2459,"comment_status":"open","ping_status":"closed","template":"","meta":{"_et_pb_use_builder":"","_et_pb_old_content":"","_et_gb_content_width":""},"product_brand":[],"product_cat":[82,37,76,226],"product_tag":[],"class_list":{"0":"post-2458","1":"product","2":"type-product","3":"status-publish","4":"has-post-thumbnail","6":"product_cat-gamelle-a-personnaliser","7":"product_cat-lunivers-des-chats","8":"product_cat-lunivers-des-chiens","9":"product_cat-pour-la-maison","11":"first","12":"instock","13":"shipping-taxable","14":"purchasable","15":"product-type-variable"},"yoast_head":"<!-- This site is optimized with the Yoast SEO plugin v27.5 - https:\/\/yoast.com\/product\/yoast-seo-wordpress\/ -->\n<title>Gamelle \u00e0 personnaliser - L\u2019atelier du Coon<\/title>\n<meta name=\"robots\" content=\"index, follow, max-snippet:-1, max-image-preview:large, max-video-preview:-1\" \/>\n<link rel=\"canonical\" href=\"https:\/\/latelierducoon.com\/index.php\/produit\/gamelle-a-personnaliser\/\" \/>\n<meta property=\"og:locale\" content=\"fr_FR\" \/>\n<meta property=\"og:type\" content=\"article\" \/>\n<meta property=\"og:title\" content=\"Gamelle \u00e0 personnaliser - L\u2019atelier du Coon\" \/>\n<meta property=\"og:description\" content=\"Je vous pr\u00e9sente la gamelle personnalisable, pour chien, chat ou NAC. Elle est en c\u00e9ramique blanche \u00e9maill\u00e9e de haute qualit\u00e9, pour r\u00e9sister \u00e0 la nourriture humide et \u00e0 l&#039;eau. Elle se nettoie facilement, \u00e0 la main (pas de lave-vaisselle) Ses pieds en bois naturel sont tr\u00e8s stables, et permettent une meilleure position \u00e0 votre animal pour manger.  \ud83d\udd24 Personnalisation avec le texte de votre choix et possibilit\u00e9 d&#039;ajouter des pattounes \ud83c\udfa8 \u00c9criture en dor\u00e9e, argent\u00e9e ou noire \ud83d\udd20 3 typographies possibles \ud83d\udccf 2 tailles disponibles : \u25ab\ufe0fTaille 1 : 200ml : 11,5cm x 11,5cm x 6cm \u25ab\ufe0fTaille 2 : 700ml : 15,4cm x 15,4cm x 9,4cm\" \/>\n<meta property=\"og:url\" content=\"https:\/\/latelierducoon.com\/index.php\/produit\/gamelle-a-personnaliser\/\" \/>\n<meta property=\"og:site_name\" content=\"L\u2019atelier du Coon\" \/>\n<meta property=\"article:modified_time\" content=\"2026-03-18T14:32:13+00:00\" \/>\n<meta property=\"og:image\" content=\"http:\/\/latelierducoon.com\/wp-content\/uploads\/IMG_2879-scaled.jpg\" \/>\n\t<meta property=\"og:image:width\" content=\"1920\" \/>\n\t<meta property=\"og:image:height\" content=\"2560\" \/>\n\t<meta property=\"og:image:type\" content=\"image\/jpeg\" \/>\n<meta name=\"twitter:card\" content=\"summary_large_image\" \/>\n<meta name=\"twitter:label1\" content=\"Dur\u00e9e de lecture estim\u00e9e\" \/>\n\t<meta name=\"twitter:data1\" content=\"2 minutes\" \/>\n<script type=\"application\/ld+json\" class=\"yoast-schema-graph\">{\"@context\":\"https:\\\/\\\/schema.org\",\"@graph\":[{\"@type\":\"WebPage\",\"@id\":\"https:\\\/\\\/latelierducoon.com\\\/index.php\\\/produit\\\/gamelle-a-personnaliser\\\/\",\"url\":\"https:\\\/\\\/latelierducoon.com\\\/index.php\\\/produit\\\/gamelle-a-personnaliser\\\/\",\"name\":\"Gamelle \u00e0 personnaliser - L\u2019atelier du Coon\",\"isPartOf\":{\"@id\":\"https:\\\/\\\/latelierducoon.com\\\/#website\"},\"primaryImageOfPage\":{\"@id\":\"https:\\\/\\\/latelierducoon.com\\\/index.php\\\/produit\\\/gamelle-a-personnaliser\\\/#primaryimage\"},\"image\":{\"@id\":\"https:\\\/\\\/latelierducoon.com\\\/index.php\\\/produit\\\/gamelle-a-personnaliser\\\/#primaryimage\"},\"thumbnailUrl\":\"https:\\\/\\\/latelierducoon.com\\\/wp-content\\\/uploads\\\/IMG_2879-scaled.jpg\",\"datePublished\":\"2024-01-10T14:31:29+00:00\",\"dateModified\":\"2026-03-18T14:32:13+00:00\",\"breadcrumb\":{\"@id\":\"https:\\\/\\\/latelierducoon.com\\\/index.php\\\/produit\\\/gamelle-a-personnaliser\\\/#breadcrumb\"},\"inLanguage\":\"fr-FR\",\"potentialAction\":[{\"@type\":\"ReadAction\",\"target\":[\"https:\\\/\\\/latelierducoon.com\\\/index.php\\\/produit\\\/gamelle-a-personnaliser\\\/\"]}]},{\"@type\":\"ImageObject\",\"inLanguage\":\"fr-FR\",\"@id\":\"https:\\\/\\\/latelierducoon.com\\\/index.php\\\/produit\\\/gamelle-a-personnaliser\\\/#primaryimage\",\"url\":\"https:\\\/\\\/latelierducoon.com\\\/wp-content\\\/uploads\\\/IMG_2879-scaled.jpg\",\"contentUrl\":\"https:\\\/\\\/latelierducoon.com\\\/wp-content\\\/uploads\\\/IMG_2879-scaled.jpg\",\"width\":1920,\"height\":2560,\"caption\":\"gamelle pour chien et chat personnalisable\"},{\"@type\":\"BreadcrumbList\",\"@id\":\"https:\\\/\\\/latelierducoon.com\\\/index.php\\\/produit\\\/gamelle-a-personnaliser\\\/#breadcrumb\",\"itemListElement\":[{\"@type\":\"ListItem\",\"position\":1,\"name\":\"Home\",\"item\":\"https:\\\/\\\/latelierducoon.com\\\/\"},{\"@type\":\"ListItem\",\"position\":2,\"name\":\"Accueil\",\"item\":\"https:\\\/\\\/latelierducoon.com\\\/\"},{\"@type\":\"ListItem\",\"position\":3,\"name\":\"Gamelle \u00e0 personnaliser\"}]},{\"@type\":\"WebSite\",\"@id\":\"https:\\\/\\\/latelierducoon.com\\\/#website\",\"url\":\"https:\\\/\\\/latelierducoon.com\\\/\",\"name\":\"L\u2019atelier du Coon\",\"description\":\"\",\"potentialAction\":[{\"@type\":\"SearchAction\",\"target\":{\"@type\":\"EntryPoint\",\"urlTemplate\":\"https:\\\/\\\/latelierducoon.com\\\/?s={search_term_string}\"},\"query-input\":{\"@type\":\"PropertyValueSpecification\",\"valueRequired\":true,\"valueName\":\"search_term_string\"}}],\"inLanguage\":\"fr-FR\"}]}<\/script>\n<!-- \/ Yoast SEO plugin. -->","yoast_head_json":{"title":"Gamelle \u00e0 personnaliser - L\u2019atelier du Coon","robots":{"index":"index","follow":"follow","max-snippet":"max-snippet:-1","max-image-preview":"max-image-preview:large","max-video-preview":"max-video-preview:-1"},"canonical":"https:\/\/latelierducoon.com\/index.php\/produit\/gamelle-a-personnaliser\/","og_locale":"fr_FR","og_type":"article","og_title":"Gamelle \u00e0 personnaliser - L\u2019atelier du Coon","og_description":"Je vous pr\u00e9sente la gamelle personnalisable, pour chien, chat ou NAC. Elle est en c\u00e9ramique blanche \u00e9maill\u00e9e de haute qualit\u00e9, pour r\u00e9sister \u00e0 la nourriture humide et \u00e0 l'eau. Elle se nettoie facilement, \u00e0 la main (pas de lave-vaisselle) Ses pieds en bois naturel sont tr\u00e8s stables, et permettent une meilleure position \u00e0 votre animal pour manger.  \ud83d\udd24 Personnalisation avec le texte de votre choix et possibilit\u00e9 d'ajouter des pattounes \ud83c\udfa8 \u00c9criture en dor\u00e9e, argent\u00e9e ou noire \ud83d\udd20 3 typographies possibles \ud83d\udccf 2 tailles disponibles : \u25ab\ufe0fTaille 1 : 200ml : 11,5cm x 11,5cm x 6cm \u25ab\ufe0fTaille 2 : 700ml : 15,4cm x 15,4cm x 9,4cm","og_url":"https:\/\/latelierducoon.com\/index.php\/produit\/gamelle-a-personnaliser\/","og_site_name":"L\u2019atelier du Coon","article_modified_time":"2026-03-18T14:32:13+00:00","og_image":[{"width":1920,"height":2560,"url":"http:\/\/latelierducoon.com\/wp-content\/uploads\/IMG_2879-scaled.jpg","type":"image\/jpeg"}],"twitter_card":"summary_large_image","twitter_misc":{"Dur\u00e9e de lecture estim\u00e9e":"2 minutes"},"schema":{"@context":"https:\/\/schema.org","@graph":[{"@type":"WebPage","@id":"https:\/\/latelierducoon.com\/index.php\/produit\/gamelle-a-personnaliser\/","url":"https:\/\/latelierducoon.com\/index.php\/produit\/gamelle-a-personnaliser\/","name":"Gamelle \u00e0 personnaliser - L\u2019atelier du Coon","isPartOf":{"@id":"https:\/\/latelierducoon.com\/#website"},"primaryImageOfPage":{"@id":"https:\/\/latelierducoon.com\/index.php\/produit\/gamelle-a-personnaliser\/#primaryimage"},"image":{"@id":"https:\/\/latelierducoon.com\/index.php\/produit\/gamelle-a-personnaliser\/#primaryimage"},"thumbnailUrl":"https:\/\/latelierducoon.com\/wp-content\/uploads\/IMG_2879-scaled.jpg","datePublished":"2024-01-10T14:31:29+00:00","dateModified":"2026-03-18T14:32:13+00:00","breadcrumb":{"@id":"https:\/\/latelierducoon.com\/index.php\/produit\/gamelle-a-personnaliser\/#breadcrumb"},"inLanguage":"fr-FR","potentialAction":[{"@type":"ReadAction","target":["https:\/\/latelierducoon.com\/index.php\/produit\/gamelle-a-personnaliser\/"]}]},{"@type":"ImageObject","inLanguage":"fr-FR","@id":"https:\/\/latelierducoon.com\/index.php\/produit\/gamelle-a-personnaliser\/#primaryimage","url":"https:\/\/latelierducoon.com\/wp-content\/uploads\/IMG_2879-scaled.jpg","contentUrl":"https:\/\/latelierducoon.com\/wp-content\/uploads\/IMG_2879-scaled.jpg","width":1920,"height":2560,"caption":"gamelle pour chien et chat personnalisable"},{"@type":"BreadcrumbList","@id":"https:\/\/latelierducoon.com\/index.php\/produit\/gamelle-a-personnaliser\/#breadcrumb","itemListElement":[{"@type":"ListItem","position":1,"name":"Home","item":"https:\/\/latelierducoon.com\/"},{"@type":"ListItem","position":2,"name":"Accueil","item":"https:\/\/latelierducoon.com\/"},{"@type":"ListItem","position":3,"name":"Gamelle \u00e0 personnaliser"}]},{"@type":"WebSite","@id":"https:\/\/latelierducoon.com\/#website","url":"https:\/\/latelierducoon.com\/","name":"L\u2019atelier du Coon","description":"","potentialAction":[{"@type":"SearchAction","target":{"@type":"EntryPoint","urlTemplate":"https:\/\/latelierducoon.com\/?s={search_term_string}"},"query-input":{"@type":"PropertyValueSpecification","valueRequired":true,"valueName":"search_term_string"}}],"inLanguage":"fr-FR"}]}},"jetpack_sharing_enabled":true,"_links":{"self":[{"href":"https:\/\/latelierducoon.com\/index.php\/wp-json\/wp\/v2\/product\/2458","targetHints":{"allow":["GET"]}}],"collection":[{"href":"https:\/\/latelierducoon.com\/index.php\/wp-json\/wp\/v2\/product"}],"about":[{"href":"https:\/\/latelierducoon.com\/index.php\/wp-json\/wp\/v2\/types\/product"}],"replies":[{"embeddable":true,"href":"https:\/\/latelierducoon.com\/index.php\/wp-json\/wp\/v2\/comments?post=2458"}],"wp:featuredmedia":[{"embeddable":true,"href":"https:\/\/latelierducoon.com\/index.php\/wp-json\/wp\/v2\/media\/2459"}],"wp:attachment":[{"href":"https:\/\/latelierducoon.com\/index.php\/wp-json\/wp\/v2\/media?parent=2458"}],"wp:term":[{"taxonomy":"product_brand","embeddable":true,"href":"https:\/\/latelierducoon.com\/index.php\/wp-json\/wp\/v2\/product_brand?post=2458"},{"taxonomy":"product_cat","embeddable":true,"href":"https:\/\/latelierducoon.com\/index.php\/wp-json\/wp\/v2\/product_cat?post=2458"},{"taxonomy":"product_tag","embeddable":true,"href":"https:\/\/latelierducoon.com\/index.php\/wp-json\/wp\/v2\/product_tag?post=2458"}],"curies":[{"name":"wp","href":"https:\/\/api.w.org\/{rel}","templated":true}]}}