{"id":2478,"date":"2024-01-16T14:27:00","date_gmt":"2024-01-16T13:27:00","guid":{"rendered":"http:\/\/latelierducoon.com\/?post_type=product&#038;p=2478"},"modified":"2026-02-09T10:01:52","modified_gmt":"2026-02-09T09:01:52","slug":"box-soin","status":"publish","type":"product","link":"https:\/\/latelierducoon.com\/index.php\/produit\/box-soin\/","title":{"rendered":"Box Soin"},"content":{"rendered":"<p>Je vous pr\u00e9sente la Box Soin pour chat, sp\u00e9cialement con\u00e7ue pour chouchouter votre petit f\u00e9lin pr\u00e9f\u00e9r\u00e9. Dans cette box, vous trouverez une s\u00e9lection de produits faits main et naturels, parfaitement adapt\u00e9s aux besoins de votre adorable compagnon \u00e0 quatre pattes.<\/p>\n<p>Tout d&rsquo;abord, nous avons inclus des cotons r\u00e9utilisables faits main avec le tissu de votre choix. Ces cotons doux et durables vous permettront de nettoyer d\u00e9licatement les yeux et les oreilles de votre chat, tout en \u00e9vitant les d\u00e9chets plastiques inutiles. Ils sont lavables en machine, ce qui les rend pratiques et respectueux de l&rsquo;environnement.<\/p>\n<p>Ensuite, vous d\u00e9couvrirez un jouet en macram\u00e9 fait main, sp\u00e9cialement con\u00e7u pour divertir votre chat pendant des heures. Fabriqu\u00e9 \u00e0 partir de ficelles naturelles, ce jouet r\u00e9sistant et s\u00fbr contribuera \u00e0 stimuler l&rsquo;instinct de chasse de votre chat et lui offrira des moments de plaisir et de bonheur.<\/p>\n<p>La box comprend \u00e9galement du matatabi, une herbe aromatique d&rsquo;origine asiatique aux propri\u00e9t\u00e9s stimulantes pour les chats. En m\u00e2chonnant ce matatabi, votre chat pourra se d\u00e9tendre, r\u00e9duire son stress et \u00e9viter les comportements destructeurs tels que le grignotage de meubles ou de fils \u00e9lectriques.<\/p>\n<p>Enfin, nous avons inclus une s\u00e9lection de jouets pour chat sp\u00e9cialement choisis pour leur qualit\u00e9 et leur fonctionnalit\u00e9.<\/p>\n<p>Nous esp\u00e9rons sinc\u00e8rement que cette box soin pour chat comblera tous les d\u00e9sirs et besoins de votre pr\u00e9cieux compagnon. Votre chat m\u00e9rite de se sentir aim\u00e9 et choy\u00e9, c&rsquo;est pourquoi nous mettons tout en \u0153uvre pour vous offrir des produits de grande qualit\u00e9, faits avec amour et attention.<\/p>\n<p>&nbsp;<\/p>\n","protected":false},"excerpt":{"rendered":"<p><em>La Box Soin de L&rsquo;atelier du Coon comprend :<\/em><br \/>\n<em>&#8211; Un lot de 3 Coon-tons, plusieurs tissus disponibles, l\u2019id\u00e9al pour nettoyer les yeux, la truffe ou les coussinets de votre loulou (faits \u00e0 la main)<\/em><br \/>\n<em>&#8211; Un Plume-au, 3 couleurs disponibles, parfait pour booster l\u2019hygi\u00e8ne bucco-dentaire tout en s\u2019amusant (fait \u00e0 la main)<\/em><br \/>\n<em>&#8211; 2 ressorts<\/em><br \/>\n<em>&#8211; 1 b\u00e2ton de Matatabi, parfait \u00e9galement pour l\u2019entretien des dents\u00a0<\/em><br \/>\n<em>&#8211; 1 balle bruissante<\/em><br \/>\n<em>&#8211; Des petites friandises<\/em><\/p>\n","protected":false},"featured_media":4409,"comment_status":"open","ping_status":"closed","template":"","meta":{"_et_pb_use_builder":"","_et_pb_old_content":"","_et_gb_content_width":""},"product_brand":[],"product_cat":[37,40],"product_tag":[],"class_list":{"0":"post-2478","1":"product","2":"type-product","3":"status-publish","4":"has-post-thumbnail","6":"product_cat-lunivers-des-chats","7":"product_cat-nos-box","9":"first","10":"instock","11":"shipping-taxable","12":"purchasable","13":"product-type-simple"},"yoast_head":"<!-- This site is optimized with the Yoast SEO plugin v27.5 - https:\/\/yoast.com\/product\/yoast-seo-wordpress\/ -->\n<title>Box Soin - L\u2019atelier du Coon<\/title>\n<meta name=\"robots\" content=\"index, follow, max-snippet:-1, max-image-preview:large, max-video-preview:-1\" \/>\n<link rel=\"canonical\" href=\"https:\/\/latelierducoon.com\/index.php\/produit\/box-soin\/\" \/>\n<meta property=\"og:locale\" content=\"fr_FR\" \/>\n<meta property=\"og:type\" content=\"article\" \/>\n<meta property=\"og:title\" content=\"Box Soin - L\u2019atelier du Coon\" \/>\n<meta property=\"og:description\" content=\"La Box Soin de L&#039;atelier du Coon comprend : - Un lot de 3 Coon-tons, plusieurs tissus disponibles, l\u2019id\u00e9al pour nettoyer les yeux, la truffe ou les coussinets de votre loulou (faits \u00e0 la main) - Un Plume-au, 3 couleurs disponibles, parfait pour booster l\u2019hygi\u00e8ne bucco-dentaire tout en s\u2019amusant (fait \u00e0 la main) - 2 ressorts - 1 b\u00e2ton de Matatabi, parfait \u00e9galement pour l\u2019entretien des dents\u00a0 - 1 balle bruissante - Des petites friandises\" \/>\n<meta property=\"og:url\" content=\"https:\/\/latelierducoon.com\/index.php\/produit\/box-soin\/\" \/>\n<meta property=\"og:site_name\" content=\"L\u2019atelier du Coon\" \/>\n<meta property=\"article:modified_time\" content=\"2026-02-09T09:01:52+00:00\" \/>\n<meta property=\"og:image\" content=\"https:\/\/latelierducoon.com\/wp-content\/uploads\/recadree.png\" \/>\n\t<meta property=\"og:image:width\" content=\"600\" \/>\n\t<meta property=\"og:image:height\" content=\"800\" \/>\n\t<meta property=\"og:image:type\" content=\"image\/png\" \/>\n<meta name=\"twitter:card\" content=\"summary_large_image\" \/>\n<meta name=\"twitter:label1\" content=\"Dur\u00e9e de lecture estim\u00e9e\" \/>\n\t<meta name=\"twitter:data1\" content=\"2 minutes\" \/>\n<script type=\"application\/ld+json\" class=\"yoast-schema-graph\">{\"@context\":\"https:\\\/\\\/schema.org\",\"@graph\":[{\"@type\":\"WebPage\",\"@id\":\"https:\\\/\\\/latelierducoon.com\\\/index.php\\\/produit\\\/box-soin\\\/\",\"url\":\"https:\\\/\\\/latelierducoon.com\\\/index.php\\\/produit\\\/box-soin\\\/\",\"name\":\"Box Soin - L\u2019atelier du Coon\",\"isPartOf\":{\"@id\":\"https:\\\/\\\/latelierducoon.com\\\/#website\"},\"primaryImageOfPage\":{\"@id\":\"https:\\\/\\\/latelierducoon.com\\\/index.php\\\/produit\\\/box-soin\\\/#primaryimage\"},\"image\":{\"@id\":\"https:\\\/\\\/latelierducoon.com\\\/index.php\\\/produit\\\/box-soin\\\/#primaryimage\"},\"thumbnailUrl\":\"https:\\\/\\\/latelierducoon.com\\\/wp-content\\\/uploads\\\/recadree.png\",\"datePublished\":\"2024-01-16T13:27:00+00:00\",\"dateModified\":\"2026-02-09T09:01:52+00:00\",\"breadcrumb\":{\"@id\":\"https:\\\/\\\/latelierducoon.com\\\/index.php\\\/produit\\\/box-soin\\\/#breadcrumb\"},\"inLanguage\":\"fr-FR\",\"potentialAction\":[{\"@type\":\"ReadAction\",\"target\":[\"https:\\\/\\\/latelierducoon.com\\\/index.php\\\/produit\\\/box-soin\\\/\"]}]},{\"@type\":\"ImageObject\",\"inLanguage\":\"fr-FR\",\"@id\":\"https:\\\/\\\/latelierducoon.com\\\/index.php\\\/produit\\\/box-soin\\\/#primaryimage\",\"url\":\"https:\\\/\\\/latelierducoon.com\\\/wp-content\\\/uploads\\\/recadree.png\",\"contentUrl\":\"https:\\\/\\\/latelierducoon.com\\\/wp-content\\\/uploads\\\/recadree.png\",\"width\":600,\"height\":800,\"caption\":\"box soin fait main chat jouet matatabi hygi\u00e8ne dentaire\"},{\"@type\":\"BreadcrumbList\",\"@id\":\"https:\\\/\\\/latelierducoon.com\\\/index.php\\\/produit\\\/box-soin\\\/#breadcrumb\",\"itemListElement\":[{\"@type\":\"ListItem\",\"position\":1,\"name\":\"Home\",\"item\":\"https:\\\/\\\/latelierducoon.com\\\/\"},{\"@type\":\"ListItem\",\"position\":2,\"name\":\"Accueil\",\"item\":\"https:\\\/\\\/latelierducoon.com\\\/\"},{\"@type\":\"ListItem\",\"position\":3,\"name\":\"Box Soin\"}]},{\"@type\":\"WebSite\",\"@id\":\"https:\\\/\\\/latelierducoon.com\\\/#website\",\"url\":\"https:\\\/\\\/latelierducoon.com\\\/\",\"name\":\"L\u2019atelier du Coon\",\"description\":\"\",\"potentialAction\":[{\"@type\":\"SearchAction\",\"target\":{\"@type\":\"EntryPoint\",\"urlTemplate\":\"https:\\\/\\\/latelierducoon.com\\\/?s={search_term_string}\"},\"query-input\":{\"@type\":\"PropertyValueSpecification\",\"valueRequired\":true,\"valueName\":\"search_term_string\"}}],\"inLanguage\":\"fr-FR\"}]}<\/script>\n<!-- \/ Yoast SEO plugin. -->","yoast_head_json":{"title":"Box Soin - L\u2019atelier du Coon","robots":{"index":"index","follow":"follow","max-snippet":"max-snippet:-1","max-image-preview":"max-image-preview:large","max-video-preview":"max-video-preview:-1"},"canonical":"https:\/\/latelierducoon.com\/index.php\/produit\/box-soin\/","og_locale":"fr_FR","og_type":"article","og_title":"Box Soin - L\u2019atelier du Coon","og_description":"La Box Soin de L'atelier du Coon comprend : - Un lot de 3 Coon-tons, plusieurs tissus disponibles, l\u2019id\u00e9al pour nettoyer les yeux, la truffe ou les coussinets de votre loulou (faits \u00e0 la main) - Un Plume-au, 3 couleurs disponibles, parfait pour booster l\u2019hygi\u00e8ne bucco-dentaire tout en s\u2019amusant (fait \u00e0 la main) - 2 ressorts - 1 b\u00e2ton de Matatabi, parfait \u00e9galement pour l\u2019entretien des dents\u00a0 - 1 balle bruissante - Des petites friandises","og_url":"https:\/\/latelierducoon.com\/index.php\/produit\/box-soin\/","og_site_name":"L\u2019atelier du Coon","article_modified_time":"2026-02-09T09:01:52+00:00","og_image":[{"width":600,"height":800,"url":"https:\/\/latelierducoon.com\/wp-content\/uploads\/recadree.png","type":"image\/png"}],"twitter_card":"summary_large_image","twitter_misc":{"Dur\u00e9e de lecture estim\u00e9e":"2 minutes"},"schema":{"@context":"https:\/\/schema.org","@graph":[{"@type":"WebPage","@id":"https:\/\/latelierducoon.com\/index.php\/produit\/box-soin\/","url":"https:\/\/latelierducoon.com\/index.php\/produit\/box-soin\/","name":"Box Soin - L\u2019atelier du Coon","isPartOf":{"@id":"https:\/\/latelierducoon.com\/#website"},"primaryImageOfPage":{"@id":"https:\/\/latelierducoon.com\/index.php\/produit\/box-soin\/#primaryimage"},"image":{"@id":"https:\/\/latelierducoon.com\/index.php\/produit\/box-soin\/#primaryimage"},"thumbnailUrl":"https:\/\/latelierducoon.com\/wp-content\/uploads\/recadree.png","datePublished":"2024-01-16T13:27:00+00:00","dateModified":"2026-02-09T09:01:52+00:00","breadcrumb":{"@id":"https:\/\/latelierducoon.com\/index.php\/produit\/box-soin\/#breadcrumb"},"inLanguage":"fr-FR","potentialAction":[{"@type":"ReadAction","target":["https:\/\/latelierducoon.com\/index.php\/produit\/box-soin\/"]}]},{"@type":"ImageObject","inLanguage":"fr-FR","@id":"https:\/\/latelierducoon.com\/index.php\/produit\/box-soin\/#primaryimage","url":"https:\/\/latelierducoon.com\/wp-content\/uploads\/recadree.png","contentUrl":"https:\/\/latelierducoon.com\/wp-content\/uploads\/recadree.png","width":600,"height":800,"caption":"box soin fait main chat jouet matatabi hygi\u00e8ne dentaire"},{"@type":"BreadcrumbList","@id":"https:\/\/latelierducoon.com\/index.php\/produit\/box-soin\/#breadcrumb","itemListElement":[{"@type":"ListItem","position":1,"name":"Home","item":"https:\/\/latelierducoon.com\/"},{"@type":"ListItem","position":2,"name":"Accueil","item":"https:\/\/latelierducoon.com\/"},{"@type":"ListItem","position":3,"name":"Box Soin"}]},{"@type":"WebSite","@id":"https:\/\/latelierducoon.com\/#website","url":"https:\/\/latelierducoon.com\/","name":"L\u2019atelier du Coon","description":"","potentialAction":[{"@type":"SearchAction","target":{"@type":"EntryPoint","urlTemplate":"https:\/\/latelierducoon.com\/?s={search_term_string}"},"query-input":{"@type":"PropertyValueSpecification","valueRequired":true,"valueName":"search_term_string"}}],"inLanguage":"fr-FR"}]}},"jetpack_sharing_enabled":true,"_links":{"self":[{"href":"https:\/\/latelierducoon.com\/index.php\/wp-json\/wp\/v2\/product\/2478","targetHints":{"allow":["GET"]}}],"collection":[{"href":"https:\/\/latelierducoon.com\/index.php\/wp-json\/wp\/v2\/product"}],"about":[{"href":"https:\/\/latelierducoon.com\/index.php\/wp-json\/wp\/v2\/types\/product"}],"replies":[{"embeddable":true,"href":"https:\/\/latelierducoon.com\/index.php\/wp-json\/wp\/v2\/comments?post=2478"}],"wp:featuredmedia":[{"embeddable":true,"href":"https:\/\/latelierducoon.com\/index.php\/wp-json\/wp\/v2\/media\/4409"}],"wp:attachment":[{"href":"https:\/\/latelierducoon.com\/index.php\/wp-json\/wp\/v2\/media?parent=2478"}],"wp:term":[{"taxonomy":"product_brand","embeddable":true,"href":"https:\/\/latelierducoon.com\/index.php\/wp-json\/wp\/v2\/product_brand?post=2478"},{"taxonomy":"product_cat","embeddable":true,"href":"https:\/\/latelierducoon.com\/index.php\/wp-json\/wp\/v2\/product_cat?post=2478"},{"taxonomy":"product_tag","embeddable":true,"href":"https:\/\/latelierducoon.com\/index.php\/wp-json\/wp\/v2\/product_tag?post=2478"}],"curies":[{"name":"wp","href":"https:\/\/api.w.org\/{rel}","templated":true}]}}