{"id":2958,"date":"2024-02-13T09:56:04","date_gmt":"2024-02-13T08:56:04","guid":{"rendered":"http:\/\/latelierducoon.com\/?post_type=product&#038;p=2958"},"modified":"2025-08-09T12:07:31","modified_gmt":"2025-08-09T10:07:31","slug":"saucissons-de-boeuf","status":"publish","type":"product","link":"https:\/\/latelierducoon.com\/index.php\/produit\/saucissons-de-boeuf\/","title":{"rendered":"Saucissons de boeuf"},"content":{"rendered":"<p class=\"p1\">Offrez \u00e0 votre chien ou chat des friandises naturelles et saines, en saucisson de boeuf 100% pur boeuf. Ils vont adorer le go\u00fbt authentique de cette d\u00e9licieuse r\u00e9compense tout en profitant des bienfaits pour leur sant\u00e9. Alors n&rsquo;attendez plus et faites le bonheur de votre animal avec nos friandises.<\/p>\n<p class=\"p1\">En plus d&rsquo;\u00eatre une source de plaisir pour votre animal de compagnie, nos friandises de saucisson de boeuf sont \u00e9galement b\u00e9n\u00e9fiques pour sa sant\u00e9. Le boeuf est une excellente source de prot\u00e9ines de qualit\u00e9, essentielles au d\u00e9veloppement musculaire et \u00e0 la bonne sant\u00e9 g\u00e9n\u00e9rale de votre compagnon. Sans c\u00e9r\u00e9ales ni gluten, nos friandises conviennent \u00e9galement aux animaux sensibles ou ayant des intol\u00e9rances alimentaires.<\/p>\n<p class=\"p1\"><b>Pour qui?<\/b><\/p>\n<p class=\"p1\">Nos saucissons de boeuf naturels sont adapt\u00e9s pour les chiens de toutes races, \u00e0 partir de 4 mois, et pour les chats en guise de <b>mastication<\/b>.<\/p>\n<p class=\"p1\"><b>Contenance &amp; conservation<\/b> :<\/p>\n<p class=\"p1\">Retrouvez nos saucissons de boeuf dans un sachet herm\u00e9tique de <b>62g <\/b><\/p>\n<p class=\"p1\">Cela \u00e9quivaut environ \u00e0 8 saucissons<\/p>\n<p class=\"p1\">\u00c0 conserver \u00e0 l\u2019abri du soleil et de l\u2019humidit\u00e9, au sec et au frais<\/p>\n<p class=\"p1\"><b>Composition<\/b> :<\/p>\n<p class=\"p1\">100% boeuf<\/p>\n<p class=\"p1\"><b>Dimensions<\/b> :<\/p>\n<p class=\"p1\">Environ 7cm de long<\/p>\n<p class=\"p1\"><b>Constituants<\/b> :<\/p>\n<p class=\"p1\">Prot\u00e9ines brutes : 37,70% &#8211; Lipides bruts : 37,90% &#8211; Cendres brutes : 2,90% &#8211; Humidit\u00e9 max : 8%<\/p>\n<p class=\"p3\">Votre chien doit toujours avoir de l\u2019eau \u00e0 sa disposition lorsqu\u2019il mange des friandises. Nous conseillons de surveiller votre compagnon lors de ses s\u00e9ances de mastication. Veuillez noter qu&rsquo;il s&rsquo;agit d&rsquo;un produit purement naturel, de sorte que la taille, la forme et la couleur peuvent diff\u00e9rer de la photo<\/p>\n","protected":false},"excerpt":{"rendered":"<p class=\"p1\">D\u00e9couvrez nos d\u00e9licieuses friandises naturelles pour chien et chat, en saucisson de boeuf 100% pur boeuf. Vos compagnons \u00e0 quatre pattes vont adorer cette r\u00e9compense savoureuse et saine !<\/p>\n<p class=\"p1\">Gr\u00e2ce \u00e0 leur texture moelleuse, nos friandises en saucisson de boeuf sont faciles \u00e0 m\u00e2cher et \u00e0 dig\u00e9rer. Elles sont parfaites pour tous les chiens et chats, d\u00e8s 4 mois.<\/p>\n<p class=\"p1\"><strong>Vendus en sachet de 62g (environ 8 saucissons)<\/strong><\/p>\n","protected":false},"featured_media":2959,"comment_status":"open","ping_status":"closed","template":"","meta":{"_et_pb_use_builder":"","_et_pb_old_content":"","_et_gb_content_width":""},"product_brand":[],"product_cat":[37,76,42],"product_tag":[],"class_list":{"0":"post-2958","1":"product","2":"type-product","3":"status-publish","4":"has-post-thumbnail","6":"product_cat-lunivers-des-chats","7":"product_cat-lunivers-des-chiens","8":"product_cat-friandises-naturelles","10":"first","11":"outofstock","12":"shipping-taxable","13":"purchasable","14":"product-type-simple"},"yoast_head":"<!-- This site is optimized with the Yoast SEO plugin v27.5 - https:\/\/yoast.com\/product\/yoast-seo-wordpress\/ -->\n<title>Saucissons de boeuf - L\u2019atelier du Coon<\/title>\n<meta name=\"robots\" content=\"index, follow, max-snippet:-1, max-image-preview:large, max-video-preview:-1\" \/>\n<link rel=\"canonical\" href=\"https:\/\/latelierducoon.com\/index.php\/produit\/saucissons-de-boeuf\/\" \/>\n<meta property=\"og:locale\" content=\"fr_FR\" \/>\n<meta property=\"og:type\" content=\"article\" \/>\n<meta property=\"og:title\" content=\"Saucissons de boeuf - L\u2019atelier du Coon\" \/>\n<meta property=\"og:description\" content=\"D\u00e9couvrez nos d\u00e9licieuses friandises naturelles pour chien et chat, en saucisson de boeuf 100% pur boeuf. Vos compagnons \u00e0 quatre pattes vont adorer cette r\u00e9compense savoureuse et saine ! Gr\u00e2ce \u00e0 leur texture moelleuse, nos friandises en saucisson de boeuf sont faciles \u00e0 m\u00e2cher et \u00e0 dig\u00e9rer. Elles sont parfaites pour tous les chiens et chats, d\u00e8s 4 mois. Vendus en sachet de 62g (environ 8 saucissons)\" \/>\n<meta property=\"og:url\" content=\"https:\/\/latelierducoon.com\/index.php\/produit\/saucissons-de-boeuf\/\" \/>\n<meta property=\"og:site_name\" content=\"L\u2019atelier du Coon\" \/>\n<meta property=\"article:modified_time\" content=\"2025-08-09T10:07:31+00:00\" \/>\n<meta property=\"og:image\" content=\"https:\/\/latelierducoon.com\/wp-content\/uploads\/saucisson-boeuf-copie.png\" \/>\n\t<meta property=\"og:image:width\" content=\"300\" \/>\n\t<meta property=\"og:image:height\" content=\"300\" \/>\n\t<meta property=\"og:image:type\" content=\"image\/png\" \/>\n<meta name=\"twitter:card\" content=\"summary_large_image\" \/>\n<meta name=\"twitter:label1\" content=\"Dur\u00e9e de lecture estim\u00e9e\" \/>\n\t<meta name=\"twitter:data1\" content=\"2 minutes\" \/>\n<script type=\"application\/ld+json\" class=\"yoast-schema-graph\">{\"@context\":\"https:\\\/\\\/schema.org\",\"@graph\":[{\"@type\":\"WebPage\",\"@id\":\"https:\\\/\\\/latelierducoon.com\\\/index.php\\\/produit\\\/saucissons-de-boeuf\\\/\",\"url\":\"https:\\\/\\\/latelierducoon.com\\\/index.php\\\/produit\\\/saucissons-de-boeuf\\\/\",\"name\":\"Saucissons de boeuf - L\u2019atelier du Coon\",\"isPartOf\":{\"@id\":\"https:\\\/\\\/latelierducoon.com\\\/#website\"},\"primaryImageOfPage\":{\"@id\":\"https:\\\/\\\/latelierducoon.com\\\/index.php\\\/produit\\\/saucissons-de-boeuf\\\/#primaryimage\"},\"image\":{\"@id\":\"https:\\\/\\\/latelierducoon.com\\\/index.php\\\/produit\\\/saucissons-de-boeuf\\\/#primaryimage\"},\"thumbnailUrl\":\"https:\\\/\\\/latelierducoon.com\\\/wp-content\\\/uploads\\\/saucisson-boeuf-copie.png\",\"datePublished\":\"2024-02-13T08:56:04+00:00\",\"dateModified\":\"2025-08-09T10:07:31+00:00\",\"breadcrumb\":{\"@id\":\"https:\\\/\\\/latelierducoon.com\\\/index.php\\\/produit\\\/saucissons-de-boeuf\\\/#breadcrumb\"},\"inLanguage\":\"fr-FR\",\"potentialAction\":[{\"@type\":\"ReadAction\",\"target\":[\"https:\\\/\\\/latelierducoon.com\\\/index.php\\\/produit\\\/saucissons-de-boeuf\\\/\"]}]},{\"@type\":\"ImageObject\",\"inLanguage\":\"fr-FR\",\"@id\":\"https:\\\/\\\/latelierducoon.com\\\/index.php\\\/produit\\\/saucissons-de-boeuf\\\/#primaryimage\",\"url\":\"https:\\\/\\\/latelierducoon.com\\\/wp-content\\\/uploads\\\/saucisson-boeuf-copie.png\",\"contentUrl\":\"https:\\\/\\\/latelierducoon.com\\\/wp-content\\\/uploads\\\/saucisson-boeuf-copie.png\",\"width\":300,\"height\":300,\"caption\":\"saucisson boeuf chat et chien friandises\"},{\"@type\":\"BreadcrumbList\",\"@id\":\"https:\\\/\\\/latelierducoon.com\\\/index.php\\\/produit\\\/saucissons-de-boeuf\\\/#breadcrumb\",\"itemListElement\":[{\"@type\":\"ListItem\",\"position\":1,\"name\":\"Home\",\"item\":\"https:\\\/\\\/latelierducoon.com\\\/\"},{\"@type\":\"ListItem\",\"position\":2,\"name\":\"Accueil\",\"item\":\"https:\\\/\\\/latelierducoon.com\\\/\"},{\"@type\":\"ListItem\",\"position\":3,\"name\":\"Saucissons de boeuf\"}]},{\"@type\":\"WebSite\",\"@id\":\"https:\\\/\\\/latelierducoon.com\\\/#website\",\"url\":\"https:\\\/\\\/latelierducoon.com\\\/\",\"name\":\"L\u2019atelier du Coon\",\"description\":\"\",\"potentialAction\":[{\"@type\":\"SearchAction\",\"target\":{\"@type\":\"EntryPoint\",\"urlTemplate\":\"https:\\\/\\\/latelierducoon.com\\\/?s={search_term_string}\"},\"query-input\":{\"@type\":\"PropertyValueSpecification\",\"valueRequired\":true,\"valueName\":\"search_term_string\"}}],\"inLanguage\":\"fr-FR\"}]}<\/script>\n<!-- \/ Yoast SEO plugin. -->","yoast_head_json":{"title":"Saucissons de boeuf - L\u2019atelier du Coon","robots":{"index":"index","follow":"follow","max-snippet":"max-snippet:-1","max-image-preview":"max-image-preview:large","max-video-preview":"max-video-preview:-1"},"canonical":"https:\/\/latelierducoon.com\/index.php\/produit\/saucissons-de-boeuf\/","og_locale":"fr_FR","og_type":"article","og_title":"Saucissons de boeuf - L\u2019atelier du Coon","og_description":"D\u00e9couvrez nos d\u00e9licieuses friandises naturelles pour chien et chat, en saucisson de boeuf 100% pur boeuf. Vos compagnons \u00e0 quatre pattes vont adorer cette r\u00e9compense savoureuse et saine ! Gr\u00e2ce \u00e0 leur texture moelleuse, nos friandises en saucisson de boeuf sont faciles \u00e0 m\u00e2cher et \u00e0 dig\u00e9rer. Elles sont parfaites pour tous les chiens et chats, d\u00e8s 4 mois. Vendus en sachet de 62g (environ 8 saucissons)","og_url":"https:\/\/latelierducoon.com\/index.php\/produit\/saucissons-de-boeuf\/","og_site_name":"L\u2019atelier du Coon","article_modified_time":"2025-08-09T10:07:31+00:00","og_image":[{"width":300,"height":300,"url":"https:\/\/latelierducoon.com\/wp-content\/uploads\/saucisson-boeuf-copie.png","type":"image\/png"}],"twitter_card":"summary_large_image","twitter_misc":{"Dur\u00e9e de lecture estim\u00e9e":"2 minutes"},"schema":{"@context":"https:\/\/schema.org","@graph":[{"@type":"WebPage","@id":"https:\/\/latelierducoon.com\/index.php\/produit\/saucissons-de-boeuf\/","url":"https:\/\/latelierducoon.com\/index.php\/produit\/saucissons-de-boeuf\/","name":"Saucissons de boeuf - L\u2019atelier du Coon","isPartOf":{"@id":"https:\/\/latelierducoon.com\/#website"},"primaryImageOfPage":{"@id":"https:\/\/latelierducoon.com\/index.php\/produit\/saucissons-de-boeuf\/#primaryimage"},"image":{"@id":"https:\/\/latelierducoon.com\/index.php\/produit\/saucissons-de-boeuf\/#primaryimage"},"thumbnailUrl":"https:\/\/latelierducoon.com\/wp-content\/uploads\/saucisson-boeuf-copie.png","datePublished":"2024-02-13T08:56:04+00:00","dateModified":"2025-08-09T10:07:31+00:00","breadcrumb":{"@id":"https:\/\/latelierducoon.com\/index.php\/produit\/saucissons-de-boeuf\/#breadcrumb"},"inLanguage":"fr-FR","potentialAction":[{"@type":"ReadAction","target":["https:\/\/latelierducoon.com\/index.php\/produit\/saucissons-de-boeuf\/"]}]},{"@type":"ImageObject","inLanguage":"fr-FR","@id":"https:\/\/latelierducoon.com\/index.php\/produit\/saucissons-de-boeuf\/#primaryimage","url":"https:\/\/latelierducoon.com\/wp-content\/uploads\/saucisson-boeuf-copie.png","contentUrl":"https:\/\/latelierducoon.com\/wp-content\/uploads\/saucisson-boeuf-copie.png","width":300,"height":300,"caption":"saucisson boeuf chat et chien friandises"},{"@type":"BreadcrumbList","@id":"https:\/\/latelierducoon.com\/index.php\/produit\/saucissons-de-boeuf\/#breadcrumb","itemListElement":[{"@type":"ListItem","position":1,"name":"Home","item":"https:\/\/latelierducoon.com\/"},{"@type":"ListItem","position":2,"name":"Accueil","item":"https:\/\/latelierducoon.com\/"},{"@type":"ListItem","position":3,"name":"Saucissons de boeuf"}]},{"@type":"WebSite","@id":"https:\/\/latelierducoon.com\/#website","url":"https:\/\/latelierducoon.com\/","name":"L\u2019atelier du Coon","description":"","potentialAction":[{"@type":"SearchAction","target":{"@type":"EntryPoint","urlTemplate":"https:\/\/latelierducoon.com\/?s={search_term_string}"},"query-input":{"@type":"PropertyValueSpecification","valueRequired":true,"valueName":"search_term_string"}}],"inLanguage":"fr-FR"}]}},"jetpack_sharing_enabled":true,"_links":{"self":[{"href":"https:\/\/latelierducoon.com\/index.php\/wp-json\/wp\/v2\/product\/2958","targetHints":{"allow":["GET"]}}],"collection":[{"href":"https:\/\/latelierducoon.com\/index.php\/wp-json\/wp\/v2\/product"}],"about":[{"href":"https:\/\/latelierducoon.com\/index.php\/wp-json\/wp\/v2\/types\/product"}],"replies":[{"embeddable":true,"href":"https:\/\/latelierducoon.com\/index.php\/wp-json\/wp\/v2\/comments?post=2958"}],"wp:featuredmedia":[{"embeddable":true,"href":"https:\/\/latelierducoon.com\/index.php\/wp-json\/wp\/v2\/media\/2959"}],"wp:attachment":[{"href":"https:\/\/latelierducoon.com\/index.php\/wp-json\/wp\/v2\/media?parent=2958"}],"wp:term":[{"taxonomy":"product_brand","embeddable":true,"href":"https:\/\/latelierducoon.com\/index.php\/wp-json\/wp\/v2\/product_brand?post=2958"},{"taxonomy":"product_cat","embeddable":true,"href":"https:\/\/latelierducoon.com\/index.php\/wp-json\/wp\/v2\/product_cat?post=2958"},{"taxonomy":"product_tag","embeddable":true,"href":"https:\/\/latelierducoon.com\/index.php\/wp-json\/wp\/v2\/product_tag?post=2958"}],"curies":[{"name":"wp","href":"https:\/\/api.w.org\/{rel}","templated":true}]}}