{"id":3095,"date":"2024-04-04T07:56:15","date_gmt":"2024-04-04T05:56:15","guid":{"rendered":"https:\/\/latelierducoon.com\/?post_type=product&#038;p=3095"},"modified":"2026-04-26T19:05:36","modified_gmt":"2026-04-26T17:05:36","slug":"baton-de-matatabi","status":"publish","type":"product","link":"https:\/\/latelierducoon.com\/index.php\/produit\/baton-de-matatabi\/","title":{"rendered":"B\u00e2ton de Matatabi"},"content":{"rendered":"<p>Le b\u00e2ton de Matatabi est un jouet sp\u00e9cialement con\u00e7u pour les chats qui offre de nombreux b\u00e9n\u00e9fices. Fabriqu\u00e9 \u00e0 partir de la plante Matatabi, originaire d&rsquo;Asie, ce b\u00e2ton naturel est tr\u00e8s appr\u00e9ci\u00e9 des f\u00e9lins pour son odeur unique et attractive.<\/p>\n<p>Ce jouet stimule l&rsquo;instinct de chasse et de jeu du chat, l&rsquo;encourageant \u00e0 bouger et \u00e0 rester actif. Il peut \u00e9galement aider \u00e0 r\u00e9duire le stress et l&rsquo;anxi\u00e9t\u00e9 chez certains chats, favorisant ainsi leur bien-\u00eatre g\u00e9n\u00e9ral.<\/p>\n<p>Le b\u00e2ton de Matatabi est une excellente alternative \u00e0 l&rsquo;herbe \u00e0 chat pour les chats qui ne r\u00e9agissent pas \u00e0 cette derni\u00e8re. Il est \u00e9galement tr\u00e8s r\u00e9sistant et durable, offrant des heures de jeu \u00e0 votre compagnon \u00e0 quatre pattes.<\/p>\n<p>Ce b\u00e2ton est \u00e9galement tr\u00e8s utile pour l&rsquo;hygi\u00e8ne bucco-dentaire de votre chat. En le m\u00e2chouillant il \u00e9liminera le tartre et pr\u00e9viendra de son apparition.<\/p>\n","protected":false},"excerpt":{"rendered":"<p>D\u00e9couvrez le b\u00e2ton de Matatabi chez L&rsquo;atelier du Coon. Un b\u00e2ton naturel plein de bienfaits, pour la sant\u00e9 et le bien-\u00eatre de votre chat.<\/p>\n<p>Vendu \u00e0 l&rsquo;unit\u00e9, le b\u00e2ton est tr\u00e8s \u00e9pais.<\/p>\n","protected":false},"featured_media":3098,"comment_status":"open","ping_status":"closed","template":"","meta":{"_et_pb_use_builder":"","_et_pb_old_content":"","_et_gb_content_width":""},"product_brand":[],"product_cat":[37,240,41],"product_tag":[],"class_list":{"0":"post-3095","1":"product","2":"type-product","3":"status-publish","4":"has-post-thumbnail","6":"product_cat-lunivers-des-chats","7":"product_cat-friandises-naturelles-chat","8":"product_cat-jouets","10":"first","11":"instock","12":"shipping-taxable","13":"purchasable","14":"product-type-simple"},"yoast_head":"<!-- This site is optimized with the Yoast SEO plugin v27.5 - https:\/\/yoast.com\/product\/yoast-seo-wordpress\/ -->\n<title>B\u00e2ton de Matatabi - L\u2019atelier du Coon<\/title>\n<meta name=\"robots\" content=\"index, follow, max-snippet:-1, max-image-preview:large, max-video-preview:-1\" \/>\n<link rel=\"canonical\" href=\"https:\/\/latelierducoon.com\/index.php\/produit\/baton-de-matatabi\/\" \/>\n<meta property=\"og:locale\" content=\"fr_FR\" \/>\n<meta property=\"og:type\" content=\"article\" \/>\n<meta property=\"og:title\" content=\"B\u00e2ton de Matatabi - L\u2019atelier du Coon\" \/>\n<meta property=\"og:description\" content=\"D\u00e9couvrez le b\u00e2ton de Matatabi chez L&#039;atelier du Coon. Un b\u00e2ton naturel plein de bienfaits, pour la sant\u00e9 et le bien-\u00eatre de votre chat.  Vendu \u00e0 l&#039;unit\u00e9, le b\u00e2ton est tr\u00e8s \u00e9pais.\" \/>\n<meta property=\"og:url\" content=\"https:\/\/latelierducoon.com\/index.php\/produit\/baton-de-matatabi\/\" \/>\n<meta property=\"og:site_name\" content=\"L\u2019atelier du Coon\" \/>\n<meta property=\"article:modified_time\" content=\"2026-04-26T17:05:36+00:00\" \/>\n<meta property=\"og:image\" content=\"https:\/\/latelierducoon.com\/wp-content\/uploads\/Taille-photo-principale-produit-wordpress-1.png\" \/>\n\t<meta property=\"og:image:width\" content=\"300\" \/>\n\t<meta property=\"og:image:height\" content=\"300\" \/>\n\t<meta property=\"og:image:type\" content=\"image\/png\" \/>\n<meta name=\"twitter:card\" content=\"summary_large_image\" \/>\n<meta name=\"twitter:label1\" content=\"Dur\u00e9e de lecture estim\u00e9e\" \/>\n\t<meta name=\"twitter:data1\" content=\"1 minute\" \/>\n<script type=\"application\/ld+json\" class=\"yoast-schema-graph\">{\"@context\":\"https:\\\/\\\/schema.org\",\"@graph\":[{\"@type\":\"WebPage\",\"@id\":\"https:\\\/\\\/latelierducoon.com\\\/index.php\\\/produit\\\/baton-de-matatabi\\\/\",\"url\":\"https:\\\/\\\/latelierducoon.com\\\/index.php\\\/produit\\\/baton-de-matatabi\\\/\",\"name\":\"B\u00e2ton de Matatabi - L\u2019atelier du Coon\",\"isPartOf\":{\"@id\":\"https:\\\/\\\/latelierducoon.com\\\/#website\"},\"primaryImageOfPage\":{\"@id\":\"https:\\\/\\\/latelierducoon.com\\\/index.php\\\/produit\\\/baton-de-matatabi\\\/#primaryimage\"},\"image\":{\"@id\":\"https:\\\/\\\/latelierducoon.com\\\/index.php\\\/produit\\\/baton-de-matatabi\\\/#primaryimage\"},\"thumbnailUrl\":\"https:\\\/\\\/latelierducoon.com\\\/wp-content\\\/uploads\\\/Taille-photo-principale-produit-wordpress-1.png\",\"datePublished\":\"2024-04-04T05:56:15+00:00\",\"dateModified\":\"2026-04-26T17:05:36+00:00\",\"breadcrumb\":{\"@id\":\"https:\\\/\\\/latelierducoon.com\\\/index.php\\\/produit\\\/baton-de-matatabi\\\/#breadcrumb\"},\"inLanguage\":\"fr-FR\",\"potentialAction\":[{\"@type\":\"ReadAction\",\"target\":[\"https:\\\/\\\/latelierducoon.com\\\/index.php\\\/produit\\\/baton-de-matatabi\\\/\"]}]},{\"@type\":\"ImageObject\",\"inLanguage\":\"fr-FR\",\"@id\":\"https:\\\/\\\/latelierducoon.com\\\/index.php\\\/produit\\\/baton-de-matatabi\\\/#primaryimage\",\"url\":\"https:\\\/\\\/latelierducoon.com\\\/wp-content\\\/uploads\\\/Taille-photo-principale-produit-wordpress-1.png\",\"contentUrl\":\"https:\\\/\\\/latelierducoon.com\\\/wp-content\\\/uploads\\\/Taille-photo-principale-produit-wordpress-1.png\",\"width\":300,\"height\":300,\"caption\":\"b\u00e2ton matatabi chat\"},{\"@type\":\"BreadcrumbList\",\"@id\":\"https:\\\/\\\/latelierducoon.com\\\/index.php\\\/produit\\\/baton-de-matatabi\\\/#breadcrumb\",\"itemListElement\":[{\"@type\":\"ListItem\",\"position\":1,\"name\":\"Home\",\"item\":\"https:\\\/\\\/latelierducoon.com\\\/\"},{\"@type\":\"ListItem\",\"position\":2,\"name\":\"Accueil\",\"item\":\"https:\\\/\\\/latelierducoon.com\\\/\"},{\"@type\":\"ListItem\",\"position\":3,\"name\":\"B\u00e2ton de Matatabi\"}]},{\"@type\":\"WebSite\",\"@id\":\"https:\\\/\\\/latelierducoon.com\\\/#website\",\"url\":\"https:\\\/\\\/latelierducoon.com\\\/\",\"name\":\"L\u2019atelier du Coon\",\"description\":\"\",\"potentialAction\":[{\"@type\":\"SearchAction\",\"target\":{\"@type\":\"EntryPoint\",\"urlTemplate\":\"https:\\\/\\\/latelierducoon.com\\\/?s={search_term_string}\"},\"query-input\":{\"@type\":\"PropertyValueSpecification\",\"valueRequired\":true,\"valueName\":\"search_term_string\"}}],\"inLanguage\":\"fr-FR\"}]}<\/script>\n<!-- \/ Yoast SEO plugin. -->","yoast_head_json":{"title":"B\u00e2ton de Matatabi - L\u2019atelier du Coon","robots":{"index":"index","follow":"follow","max-snippet":"max-snippet:-1","max-image-preview":"max-image-preview:large","max-video-preview":"max-video-preview:-1"},"canonical":"https:\/\/latelierducoon.com\/index.php\/produit\/baton-de-matatabi\/","og_locale":"fr_FR","og_type":"article","og_title":"B\u00e2ton de Matatabi - L\u2019atelier du Coon","og_description":"D\u00e9couvrez le b\u00e2ton de Matatabi chez L'atelier du Coon. Un b\u00e2ton naturel plein de bienfaits, pour la sant\u00e9 et le bien-\u00eatre de votre chat.  Vendu \u00e0 l'unit\u00e9, le b\u00e2ton est tr\u00e8s \u00e9pais.","og_url":"https:\/\/latelierducoon.com\/index.php\/produit\/baton-de-matatabi\/","og_site_name":"L\u2019atelier du Coon","article_modified_time":"2026-04-26T17:05:36+00:00","og_image":[{"width":300,"height":300,"url":"https:\/\/latelierducoon.com\/wp-content\/uploads\/Taille-photo-principale-produit-wordpress-1.png","type":"image\/png"}],"twitter_card":"summary_large_image","twitter_misc":{"Dur\u00e9e de lecture estim\u00e9e":"1 minute"},"schema":{"@context":"https:\/\/schema.org","@graph":[{"@type":"WebPage","@id":"https:\/\/latelierducoon.com\/index.php\/produit\/baton-de-matatabi\/","url":"https:\/\/latelierducoon.com\/index.php\/produit\/baton-de-matatabi\/","name":"B\u00e2ton de Matatabi - L\u2019atelier du Coon","isPartOf":{"@id":"https:\/\/latelierducoon.com\/#website"},"primaryImageOfPage":{"@id":"https:\/\/latelierducoon.com\/index.php\/produit\/baton-de-matatabi\/#primaryimage"},"image":{"@id":"https:\/\/latelierducoon.com\/index.php\/produit\/baton-de-matatabi\/#primaryimage"},"thumbnailUrl":"https:\/\/latelierducoon.com\/wp-content\/uploads\/Taille-photo-principale-produit-wordpress-1.png","datePublished":"2024-04-04T05:56:15+00:00","dateModified":"2026-04-26T17:05:36+00:00","breadcrumb":{"@id":"https:\/\/latelierducoon.com\/index.php\/produit\/baton-de-matatabi\/#breadcrumb"},"inLanguage":"fr-FR","potentialAction":[{"@type":"ReadAction","target":["https:\/\/latelierducoon.com\/index.php\/produit\/baton-de-matatabi\/"]}]},{"@type":"ImageObject","inLanguage":"fr-FR","@id":"https:\/\/latelierducoon.com\/index.php\/produit\/baton-de-matatabi\/#primaryimage","url":"https:\/\/latelierducoon.com\/wp-content\/uploads\/Taille-photo-principale-produit-wordpress-1.png","contentUrl":"https:\/\/latelierducoon.com\/wp-content\/uploads\/Taille-photo-principale-produit-wordpress-1.png","width":300,"height":300,"caption":"b\u00e2ton matatabi chat"},{"@type":"BreadcrumbList","@id":"https:\/\/latelierducoon.com\/index.php\/produit\/baton-de-matatabi\/#breadcrumb","itemListElement":[{"@type":"ListItem","position":1,"name":"Home","item":"https:\/\/latelierducoon.com\/"},{"@type":"ListItem","position":2,"name":"Accueil","item":"https:\/\/latelierducoon.com\/"},{"@type":"ListItem","position":3,"name":"B\u00e2ton de Matatabi"}]},{"@type":"WebSite","@id":"https:\/\/latelierducoon.com\/#website","url":"https:\/\/latelierducoon.com\/","name":"L\u2019atelier du Coon","description":"","potentialAction":[{"@type":"SearchAction","target":{"@type":"EntryPoint","urlTemplate":"https:\/\/latelierducoon.com\/?s={search_term_string}"},"query-input":{"@type":"PropertyValueSpecification","valueRequired":true,"valueName":"search_term_string"}}],"inLanguage":"fr-FR"}]}},"jetpack_sharing_enabled":true,"_links":{"self":[{"href":"https:\/\/latelierducoon.com\/index.php\/wp-json\/wp\/v2\/product\/3095","targetHints":{"allow":["GET"]}}],"collection":[{"href":"https:\/\/latelierducoon.com\/index.php\/wp-json\/wp\/v2\/product"}],"about":[{"href":"https:\/\/latelierducoon.com\/index.php\/wp-json\/wp\/v2\/types\/product"}],"replies":[{"embeddable":true,"href":"https:\/\/latelierducoon.com\/index.php\/wp-json\/wp\/v2\/comments?post=3095"}],"wp:featuredmedia":[{"embeddable":true,"href":"https:\/\/latelierducoon.com\/index.php\/wp-json\/wp\/v2\/media\/3098"}],"wp:attachment":[{"href":"https:\/\/latelierducoon.com\/index.php\/wp-json\/wp\/v2\/media?parent=3095"}],"wp:term":[{"taxonomy":"product_brand","embeddable":true,"href":"https:\/\/latelierducoon.com\/index.php\/wp-json\/wp\/v2\/product_brand?post=3095"},{"taxonomy":"product_cat","embeddable":true,"href":"https:\/\/latelierducoon.com\/index.php\/wp-json\/wp\/v2\/product_cat?post=3095"},{"taxonomy":"product_tag","embeddable":true,"href":"https:\/\/latelierducoon.com\/index.php\/wp-json\/wp\/v2\/product_tag?post=3095"}],"curies":[{"name":"wp","href":"https:\/\/api.w.org\/{rel}","templated":true}]}}