{"id":3273,"date":"2024-05-23T10:24:55","date_gmt":"2024-05-23T08:24:55","guid":{"rendered":"https:\/\/latelierducoon.com\/?post_type=product&#038;p=3273"},"modified":"2025-07-01T06:57:38","modified_gmt":"2025-07-01T04:57:38","slug":"spray-dherbe-a-chat","status":"publish","type":"product","link":"https:\/\/latelierducoon.com\/index.php\/produit\/spray-dherbe-a-chat\/","title":{"rendered":"Spray d&rsquo;herbe \u00e0 chat"},"content":{"rendered":"<p>Sur la boutique, je vous propose des jouets faits \u00e0 la main, par mes soins, garnis d&rsquo;herbe \u00e0 chat.<\/p>\n<p>Pour pr\u00e9server les effets des herbes, vous avez 2 possibilit\u00e9s :<\/p>\n<ul>\n<li>conserver le jouet dans une boite herm\u00e9tique lorsque votre chat a termin\u00e9 de jouer<\/li>\n<li>pulv\u00e9riser le jouet \u00e0 l&rsquo;aide de 3 pressions avec notre spray d&rsquo;herbe \u00e0 chat lorsque vous voyez que votre chat se d\u00e9sint\u00e9resse peu \u00e0 peu du jouet. R\u00e9it\u00e9rez cela d\u00e8s que les effets ce sont dissip\u00e9s.<\/li>\n<\/ul>\n<p>&nbsp;<\/p>\n<p>Je vous propose un flacon en verre de 30ml d&rsquo;herbe \u00e0 chat liquide biologique et fran\u00e7aise.<\/p>\n<p>&nbsp;<\/p>\n","protected":false},"excerpt":{"rendered":"<p>D\u00e9couvrez notre flacon de 30ml d&rsquo;herbe \u00e0 chat en spray.<\/p>\n<p>Rehausser les effets stimulants de votre jouet.<\/p>\n<p>Une herbe \u00e0 chat fran\u00e7aise et biologique.<\/p>\n<p>Existe \u00e9galement \u00e0 la val\u00e9riane (cf.fiche produit spray de val\u00e9riane)<\/p>\n","protected":false},"featured_media":3274,"comment_status":"open","ping_status":"closed","template":"","meta":{"_et_pb_use_builder":"","_et_pb_old_content":"","_et_gb_content_width":""},"product_brand":[],"product_cat":[37,75,41],"product_tag":[],"class_list":{"0":"post-3273","1":"product","2":"type-product","3":"status-publish","4":"has-post-thumbnail","6":"product_cat-lunivers-des-chats","7":"product_cat-nos-creations-de-jouets-aux-herbes-aux-chats","8":"product_cat-jouets","10":"first","11":"outofstock","12":"shipping-taxable","13":"purchasable","14":"product-type-simple"},"yoast_head":"<!-- This site is optimized with the Yoast SEO plugin v27.5 - https:\/\/yoast.com\/product\/yoast-seo-wordpress\/ -->\n<title>Spray d&#039;herbe \u00e0 chat - L\u2019atelier du Coon<\/title>\n<meta name=\"robots\" content=\"index, follow, max-snippet:-1, max-image-preview:large, max-video-preview:-1\" \/>\n<link rel=\"canonical\" href=\"https:\/\/latelierducoon.com\/index.php\/produit\/spray-dherbe-a-chat\/\" \/>\n<meta property=\"og:locale\" content=\"fr_FR\" \/>\n<meta property=\"og:type\" content=\"article\" \/>\n<meta property=\"og:title\" content=\"Spray d&#039;herbe \u00e0 chat - L\u2019atelier du Coon\" \/>\n<meta property=\"og:description\" content=\"D\u00e9couvrez notre flacon de 30ml d&#039;herbe \u00e0 chat en spray.  Rehausser les effets stimulants de votre jouet.  Une herbe \u00e0 chat fran\u00e7aise et biologique.  Existe \u00e9galement \u00e0 la val\u00e9riane (cf.fiche produit spray de val\u00e9riane)\" \/>\n<meta property=\"og:url\" content=\"https:\/\/latelierducoon.com\/index.php\/produit\/spray-dherbe-a-chat\/\" \/>\n<meta property=\"og:site_name\" content=\"L\u2019atelier du Coon\" \/>\n<meta property=\"article:modified_time\" content=\"2025-07-01T04:57:38+00:00\" \/>\n<meta property=\"og:image\" content=\"http:\/\/latelierducoon.com\/wp-content\/uploads\/Taille-photo-principale-produit-wordpress-2.png\" \/>\n\t<meta property=\"og:image:width\" content=\"600\" \/>\n\t<meta property=\"og:image:height\" content=\"600\" \/>\n\t<meta property=\"og:image:type\" content=\"image\/png\" \/>\n<meta name=\"twitter:card\" content=\"summary_large_image\" \/>\n<meta name=\"twitter:label1\" content=\"Dur\u00e9e de lecture estim\u00e9e\" \/>\n\t<meta name=\"twitter:data1\" content=\"1 minute\" \/>\n<script type=\"application\/ld+json\" class=\"yoast-schema-graph\">{\"@context\":\"https:\\\/\\\/schema.org\",\"@graph\":[{\"@type\":\"WebPage\",\"@id\":\"https:\\\/\\\/latelierducoon.com\\\/index.php\\\/produit\\\/spray-dherbe-a-chat\\\/\",\"url\":\"https:\\\/\\\/latelierducoon.com\\\/index.php\\\/produit\\\/spray-dherbe-a-chat\\\/\",\"name\":\"Spray d'herbe \u00e0 chat - L\u2019atelier du Coon\",\"isPartOf\":{\"@id\":\"https:\\\/\\\/latelierducoon.com\\\/#website\"},\"primaryImageOfPage\":{\"@id\":\"https:\\\/\\\/latelierducoon.com\\\/index.php\\\/produit\\\/spray-dherbe-a-chat\\\/#primaryimage\"},\"image\":{\"@id\":\"https:\\\/\\\/latelierducoon.com\\\/index.php\\\/produit\\\/spray-dherbe-a-chat\\\/#primaryimage\"},\"thumbnailUrl\":\"https:\\\/\\\/latelierducoon.com\\\/wp-content\\\/uploads\\\/Taille-photo-principale-produit-wordpress-2.png\",\"datePublished\":\"2024-05-23T08:24:55+00:00\",\"dateModified\":\"2025-07-01T04:57:38+00:00\",\"breadcrumb\":{\"@id\":\"https:\\\/\\\/latelierducoon.com\\\/index.php\\\/produit\\\/spray-dherbe-a-chat\\\/#breadcrumb\"},\"inLanguage\":\"fr-FR\",\"potentialAction\":[{\"@type\":\"ReadAction\",\"target\":[\"https:\\\/\\\/latelierducoon.com\\\/index.php\\\/produit\\\/spray-dherbe-a-chat\\\/\"]}]},{\"@type\":\"ImageObject\",\"inLanguage\":\"fr-FR\",\"@id\":\"https:\\\/\\\/latelierducoon.com\\\/index.php\\\/produit\\\/spray-dherbe-a-chat\\\/#primaryimage\",\"url\":\"https:\\\/\\\/latelierducoon.com\\\/wp-content\\\/uploads\\\/Taille-photo-principale-produit-wordpress-2.png\",\"contentUrl\":\"https:\\\/\\\/latelierducoon.com\\\/wp-content\\\/uploads\\\/Taille-photo-principale-produit-wordpress-2.png\",\"width\":600,\"height\":600,\"caption\":\"spray herbe \u00e0 chat biologique fran\u00e7aise\"},{\"@type\":\"BreadcrumbList\",\"@id\":\"https:\\\/\\\/latelierducoon.com\\\/index.php\\\/produit\\\/spray-dherbe-a-chat\\\/#breadcrumb\",\"itemListElement\":[{\"@type\":\"ListItem\",\"position\":1,\"name\":\"Home\",\"item\":\"https:\\\/\\\/latelierducoon.com\\\/\"},{\"@type\":\"ListItem\",\"position\":2,\"name\":\"Accueil\",\"item\":\"https:\\\/\\\/latelierducoon.com\\\/\"},{\"@type\":\"ListItem\",\"position\":3,\"name\":\"Spray d&rsquo;herbe \u00e0 chat\"}]},{\"@type\":\"WebSite\",\"@id\":\"https:\\\/\\\/latelierducoon.com\\\/#website\",\"url\":\"https:\\\/\\\/latelierducoon.com\\\/\",\"name\":\"L\u2019atelier du Coon\",\"description\":\"\",\"potentialAction\":[{\"@type\":\"SearchAction\",\"target\":{\"@type\":\"EntryPoint\",\"urlTemplate\":\"https:\\\/\\\/latelierducoon.com\\\/?s={search_term_string}\"},\"query-input\":{\"@type\":\"PropertyValueSpecification\",\"valueRequired\":true,\"valueName\":\"search_term_string\"}}],\"inLanguage\":\"fr-FR\"}]}<\/script>\n<!-- \/ Yoast SEO plugin. -->","yoast_head_json":{"title":"Spray d'herbe \u00e0 chat - L\u2019atelier du Coon","robots":{"index":"index","follow":"follow","max-snippet":"max-snippet:-1","max-image-preview":"max-image-preview:large","max-video-preview":"max-video-preview:-1"},"canonical":"https:\/\/latelierducoon.com\/index.php\/produit\/spray-dherbe-a-chat\/","og_locale":"fr_FR","og_type":"article","og_title":"Spray d'herbe \u00e0 chat - L\u2019atelier du Coon","og_description":"D\u00e9couvrez notre flacon de 30ml d'herbe \u00e0 chat en spray.  Rehausser les effets stimulants de votre jouet.  Une herbe \u00e0 chat fran\u00e7aise et biologique.  Existe \u00e9galement \u00e0 la val\u00e9riane (cf.fiche produit spray de val\u00e9riane)","og_url":"https:\/\/latelierducoon.com\/index.php\/produit\/spray-dherbe-a-chat\/","og_site_name":"L\u2019atelier du Coon","article_modified_time":"2025-07-01T04:57:38+00:00","og_image":[{"width":600,"height":600,"url":"http:\/\/latelierducoon.com\/wp-content\/uploads\/Taille-photo-principale-produit-wordpress-2.png","type":"image\/png"}],"twitter_card":"summary_large_image","twitter_misc":{"Dur\u00e9e de lecture estim\u00e9e":"1 minute"},"schema":{"@context":"https:\/\/schema.org","@graph":[{"@type":"WebPage","@id":"https:\/\/latelierducoon.com\/index.php\/produit\/spray-dherbe-a-chat\/","url":"https:\/\/latelierducoon.com\/index.php\/produit\/spray-dherbe-a-chat\/","name":"Spray d'herbe \u00e0 chat - L\u2019atelier du Coon","isPartOf":{"@id":"https:\/\/latelierducoon.com\/#website"},"primaryImageOfPage":{"@id":"https:\/\/latelierducoon.com\/index.php\/produit\/spray-dherbe-a-chat\/#primaryimage"},"image":{"@id":"https:\/\/latelierducoon.com\/index.php\/produit\/spray-dherbe-a-chat\/#primaryimage"},"thumbnailUrl":"https:\/\/latelierducoon.com\/wp-content\/uploads\/Taille-photo-principale-produit-wordpress-2.png","datePublished":"2024-05-23T08:24:55+00:00","dateModified":"2025-07-01T04:57:38+00:00","breadcrumb":{"@id":"https:\/\/latelierducoon.com\/index.php\/produit\/spray-dherbe-a-chat\/#breadcrumb"},"inLanguage":"fr-FR","potentialAction":[{"@type":"ReadAction","target":["https:\/\/latelierducoon.com\/index.php\/produit\/spray-dherbe-a-chat\/"]}]},{"@type":"ImageObject","inLanguage":"fr-FR","@id":"https:\/\/latelierducoon.com\/index.php\/produit\/spray-dherbe-a-chat\/#primaryimage","url":"https:\/\/latelierducoon.com\/wp-content\/uploads\/Taille-photo-principale-produit-wordpress-2.png","contentUrl":"https:\/\/latelierducoon.com\/wp-content\/uploads\/Taille-photo-principale-produit-wordpress-2.png","width":600,"height":600,"caption":"spray herbe \u00e0 chat biologique fran\u00e7aise"},{"@type":"BreadcrumbList","@id":"https:\/\/latelierducoon.com\/index.php\/produit\/spray-dherbe-a-chat\/#breadcrumb","itemListElement":[{"@type":"ListItem","position":1,"name":"Home","item":"https:\/\/latelierducoon.com\/"},{"@type":"ListItem","position":2,"name":"Accueil","item":"https:\/\/latelierducoon.com\/"},{"@type":"ListItem","position":3,"name":"Spray d&rsquo;herbe \u00e0 chat"}]},{"@type":"WebSite","@id":"https:\/\/latelierducoon.com\/#website","url":"https:\/\/latelierducoon.com\/","name":"L\u2019atelier du Coon","description":"","potentialAction":[{"@type":"SearchAction","target":{"@type":"EntryPoint","urlTemplate":"https:\/\/latelierducoon.com\/?s={search_term_string}"},"query-input":{"@type":"PropertyValueSpecification","valueRequired":true,"valueName":"search_term_string"}}],"inLanguage":"fr-FR"}]}},"jetpack_sharing_enabled":true,"_links":{"self":[{"href":"https:\/\/latelierducoon.com\/index.php\/wp-json\/wp\/v2\/product\/3273","targetHints":{"allow":["GET"]}}],"collection":[{"href":"https:\/\/latelierducoon.com\/index.php\/wp-json\/wp\/v2\/product"}],"about":[{"href":"https:\/\/latelierducoon.com\/index.php\/wp-json\/wp\/v2\/types\/product"}],"replies":[{"embeddable":true,"href":"https:\/\/latelierducoon.com\/index.php\/wp-json\/wp\/v2\/comments?post=3273"}],"wp:featuredmedia":[{"embeddable":true,"href":"https:\/\/latelierducoon.com\/index.php\/wp-json\/wp\/v2\/media\/3274"}],"wp:attachment":[{"href":"https:\/\/latelierducoon.com\/index.php\/wp-json\/wp\/v2\/media?parent=3273"}],"wp:term":[{"taxonomy":"product_brand","embeddable":true,"href":"https:\/\/latelierducoon.com\/index.php\/wp-json\/wp\/v2\/product_brand?post=3273"},{"taxonomy":"product_cat","embeddable":true,"href":"https:\/\/latelierducoon.com\/index.php\/wp-json\/wp\/v2\/product_cat?post=3273"},{"taxonomy":"product_tag","embeddable":true,"href":"https:\/\/latelierducoon.com\/index.php\/wp-json\/wp\/v2\/product_tag?post=3273"}],"curies":[{"name":"wp","href":"https:\/\/api.w.org\/{rel}","templated":true}]}}