{"id":3586,"date":"2024-08-09T10:29:28","date_gmt":"2024-08-09T08:29:28","guid":{"rendered":"https:\/\/latelierducoon.com\/?post_type=product&#038;p=3586"},"modified":"2026-04-29T21:06:06","modified_gmt":"2026-04-29T19:06:06","slug":"creations-uniques","status":"publish","type":"product","link":"https:\/\/latelierducoon.com\/index.php\/produit\/creations-uniques\/","title":{"rendered":"Les cr\u00e9ations uniques"},"content":{"rendered":"<p>Les m\u00e9dailles uniques pour animaux sont en r\u00e9sine, fabriqu\u00e9es avec soin \u00e0 la main par mes soins. La r\u00e9sine de haute qualit\u00e9 garantit une durabilit\u00e9 exceptionnelle et r\u00e9siste aux \u00e9ventuels chocs du quotidien de votre compagnon.<\/p>\n<p>Ce sont des cr\u00e9ations uniques, laissant libre cours \u00e0 mon imagination. Si un mod\u00e8le vous pla\u00eet, ne tardez pas car la cr\u00e9ation ne reviendra pas.<\/p>\n<p>Les m\u00e9dailles sont nomm\u00e9es avec les noms des animaux de ma communaut\u00e9, n&rsquo;h\u00e9sitez pas \u00e0 m&rsquo;envoyer un message si vous voulez qu&rsquo;une future m\u00e9daille porte le nom du votre \ud83e\udd70<\/p>\n<p>Si vous avez des recommandations pour de futures cr\u00e9ations uniques : couleurs, formes&#8230; envoyez moi un message \ud83d\ude0a<\/p>\n<p>Pour plus de fantaisie vous pouvez \u00e9galement ajouter une petite breloque.<\/p>\n<p>\ud83d\udd87 2 choix d\u2019attaches : boucle d&rsquo;attache ou anneau classique<br \/>\n\ud83c\udf3c Pr\u00e9nom en lettre majuscule ajout\u00e9 \u00e0 la main, en dor\u00e9 ou en argent\u00e9<br \/>\n\ud83d\udccf Les tailles sont pr\u00e9cis\u00e9es sur les photos<br \/>\n\ud83d\udd22 Num\u00e9ro ajout\u00e9 ou non au dos de la m\u00e9daille<\/p>\n<p>Le pr\u00e9nom est recouvert de r\u00e9sine. Le num\u00e9ro de t\u00e9l\u00e9phone au dos est floqu\u00e9 et est recouvert d&rsquo;une fine couche de r\u00e9sine, pour une plus grande r\u00e9sistance dans le temps. (pas de risque de d\u00e9collement des lettres et chiffres)<\/p>\n<p><strong>TOUTES LES INFORMATIONS NECESSAIRES SONT DANS LES PHOTOS<\/strong><\/p>\n","protected":false},"excerpt":{"rendered":"<p>Embellissez le coup de votre loulou avec cette jolie m\u00e9daille en r\u00e9sine. Une cr\u00e9ation unique que votre animal m\u00e9rite, tout en garantissant sa s\u00e9curit\u00e9.<\/p>\n<p>Des m\u00e9dailles uniques, laissant libre cours \u00e0 mon imagination, avec des nouvelles versions ajout\u00e9es r\u00e9guli\u00e8rement.<\/p>\n<p>Ces m\u00e9dailles sont personnalisables avec le nom de votre animal (en dor\u00e9 ou en argent\u00e9) : le pr\u00e9nom pourrait ne pas \u00eatre plac\u00e9 \u00e0 l&rsquo;horizontal ou au centre en fonction de la taille de la m\u00e9daille, des motifs et de la longueur du pr\u00e9nom.<\/p>\n<p>Cr\u00e9ations exclusives L&rsquo;atelier du Coon<\/p>\n<p>Toutes les informations n\u00e9cessaires sont dans les photos ou dans la description ci-dessous \u2b07\ufe0f<\/p>\n","protected":false},"featured_media":4585,"comment_status":"open","ping_status":"closed","template":"","meta":{"_et_pb_use_builder":"","_et_pb_old_content":"","_et_gb_content_width":""},"product_brand":[],"product_cat":[37,76,77,39,83],"product_tag":[],"class_list":{"0":"post-3586","1":"product","2":"type-product","3":"status-publish","4":"has-post-thumbnail","6":"product_cat-lunivers-des-chats","7":"product_cat-lunivers-des-chiens","8":"product_cat-nos-accessoires","9":"product_cat-medailles","10":"product_cat-tous-nos-accessoires","12":"first","13":"instock","14":"shipping-taxable","15":"purchasable","16":"product-type-variable"},"yoast_head":"<!-- This site is optimized with the Yoast SEO plugin v27.5 - https:\/\/yoast.com\/product\/yoast-seo-wordpress\/ -->\n<title>Les cr\u00e9ations uniques - L\u2019atelier du Coon<\/title>\n<meta name=\"robots\" content=\"index, follow, max-snippet:-1, max-image-preview:large, max-video-preview:-1\" \/>\n<link rel=\"canonical\" href=\"https:\/\/latelierducoon.com\/index.php\/produit\/creations-uniques\/\" \/>\n<meta property=\"og:locale\" content=\"fr_FR\" \/>\n<meta property=\"og:type\" content=\"article\" \/>\n<meta property=\"og:title\" content=\"Les cr\u00e9ations uniques - L\u2019atelier du Coon\" \/>\n<meta property=\"og:description\" content=\"Embellissez le coup de votre loulou avec cette jolie m\u00e9daille en r\u00e9sine. Une cr\u00e9ation unique que votre animal m\u00e9rite, tout en garantissant sa s\u00e9curit\u00e9.  Des m\u00e9dailles uniques, laissant libre cours \u00e0 mon imagination, avec des nouvelles versions ajout\u00e9es r\u00e9guli\u00e8rement.  Ces m\u00e9dailles sont personnalisables avec le nom de votre animal (en dor\u00e9 ou en argent\u00e9) : le pr\u00e9nom pourrait ne pas \u00eatre plac\u00e9 \u00e0 l&#039;horizontal ou au centre en fonction de la taille de la m\u00e9daille, des motifs et de la longueur du pr\u00e9nom.  Cr\u00e9ations exclusives L&#039;atelier du Coon  Toutes les informations n\u00e9cessaires sont dans les photos ou dans la description ci-dessous \u2b07\ufe0f\" \/>\n<meta property=\"og:url\" content=\"https:\/\/latelierducoon.com\/index.php\/produit\/creations-uniques\/\" \/>\n<meta property=\"og:site_name\" content=\"L\u2019atelier du Coon\" \/>\n<meta property=\"article:modified_time\" content=\"2026-04-29T19:06:06+00:00\" \/>\n<meta property=\"og:image\" content=\"http:\/\/latelierducoon.com\/wp-content\/uploads\/14-4.png\" \/>\n\t<meta property=\"og:image:width\" content=\"300\" \/>\n\t<meta property=\"og:image:height\" content=\"300\" \/>\n\t<meta property=\"og:image:type\" content=\"image\/png\" \/>\n<meta name=\"twitter:card\" content=\"summary_large_image\" \/>\n<meta name=\"twitter:label1\" content=\"Dur\u00e9e de lecture estim\u00e9e\" \/>\n\t<meta name=\"twitter:data1\" content=\"2 minutes\" \/>\n<script type=\"application\/ld+json\" class=\"yoast-schema-graph\">{\"@context\":\"https:\\\/\\\/schema.org\",\"@graph\":[{\"@type\":\"WebPage\",\"@id\":\"https:\\\/\\\/latelierducoon.com\\\/index.php\\\/produit\\\/creations-uniques\\\/\",\"url\":\"https:\\\/\\\/latelierducoon.com\\\/index.php\\\/produit\\\/creations-uniques\\\/\",\"name\":\"Les cr\u00e9ations uniques - L\u2019atelier du Coon\",\"isPartOf\":{\"@id\":\"https:\\\/\\\/latelierducoon.com\\\/#website\"},\"primaryImageOfPage\":{\"@id\":\"https:\\\/\\\/latelierducoon.com\\\/index.php\\\/produit\\\/creations-uniques\\\/#primaryimage\"},\"image\":{\"@id\":\"https:\\\/\\\/latelierducoon.com\\\/index.php\\\/produit\\\/creations-uniques\\\/#primaryimage\"},\"thumbnailUrl\":\"https:\\\/\\\/latelierducoon.com\\\/wp-content\\\/uploads\\\/14-4.png\",\"datePublished\":\"2024-08-09T08:29:28+00:00\",\"dateModified\":\"2026-04-29T19:06:06+00:00\",\"breadcrumb\":{\"@id\":\"https:\\\/\\\/latelierducoon.com\\\/index.php\\\/produit\\\/creations-uniques\\\/#breadcrumb\"},\"inLanguage\":\"fr-FR\",\"potentialAction\":[{\"@type\":\"ReadAction\",\"target\":[\"https:\\\/\\\/latelierducoon.com\\\/index.php\\\/produit\\\/creations-uniques\\\/\"]}]},{\"@type\":\"ImageObject\",\"inLanguage\":\"fr-FR\",\"@id\":\"https:\\\/\\\/latelierducoon.com\\\/index.php\\\/produit\\\/creations-uniques\\\/#primaryimage\",\"url\":\"https:\\\/\\\/latelierducoon.com\\\/wp-content\\\/uploads\\\/14-4.png\",\"contentUrl\":\"https:\\\/\\\/latelierducoon.com\\\/wp-content\\\/uploads\\\/14-4.png\",\"width\":300,\"height\":300,\"caption\":\"m\u00e9daille r\u00e9sine chien chat fait main cr\u00e9ation unique\"},{\"@type\":\"BreadcrumbList\",\"@id\":\"https:\\\/\\\/latelierducoon.com\\\/index.php\\\/produit\\\/creations-uniques\\\/#breadcrumb\",\"itemListElement\":[{\"@type\":\"ListItem\",\"position\":1,\"name\":\"Home\",\"item\":\"https:\\\/\\\/latelierducoon.com\\\/\"},{\"@type\":\"ListItem\",\"position\":2,\"name\":\"Accueil\",\"item\":\"https:\\\/\\\/latelierducoon.com\\\/\"},{\"@type\":\"ListItem\",\"position\":3,\"name\":\"Les cr\u00e9ations uniques\"}]},{\"@type\":\"WebSite\",\"@id\":\"https:\\\/\\\/latelierducoon.com\\\/#website\",\"url\":\"https:\\\/\\\/latelierducoon.com\\\/\",\"name\":\"L\u2019atelier du Coon\",\"description\":\"\",\"potentialAction\":[{\"@type\":\"SearchAction\",\"target\":{\"@type\":\"EntryPoint\",\"urlTemplate\":\"https:\\\/\\\/latelierducoon.com\\\/?s={search_term_string}\"},\"query-input\":{\"@type\":\"PropertyValueSpecification\",\"valueRequired\":true,\"valueName\":\"search_term_string\"}}],\"inLanguage\":\"fr-FR\"}]}<\/script>\n<!-- \/ Yoast SEO plugin. -->","yoast_head_json":{"title":"Les cr\u00e9ations uniques - L\u2019atelier du Coon","robots":{"index":"index","follow":"follow","max-snippet":"max-snippet:-1","max-image-preview":"max-image-preview:large","max-video-preview":"max-video-preview:-1"},"canonical":"https:\/\/latelierducoon.com\/index.php\/produit\/creations-uniques\/","og_locale":"fr_FR","og_type":"article","og_title":"Les cr\u00e9ations uniques - L\u2019atelier du Coon","og_description":"Embellissez le coup de votre loulou avec cette jolie m\u00e9daille en r\u00e9sine. Une cr\u00e9ation unique que votre animal m\u00e9rite, tout en garantissant sa s\u00e9curit\u00e9.  Des m\u00e9dailles uniques, laissant libre cours \u00e0 mon imagination, avec des nouvelles versions ajout\u00e9es r\u00e9guli\u00e8rement.  Ces m\u00e9dailles sont personnalisables avec le nom de votre animal (en dor\u00e9 ou en argent\u00e9) : le pr\u00e9nom pourrait ne pas \u00eatre plac\u00e9 \u00e0 l'horizontal ou au centre en fonction de la taille de la m\u00e9daille, des motifs et de la longueur du pr\u00e9nom.  Cr\u00e9ations exclusives L'atelier du Coon  Toutes les informations n\u00e9cessaires sont dans les photos ou dans la description ci-dessous \u2b07\ufe0f","og_url":"https:\/\/latelierducoon.com\/index.php\/produit\/creations-uniques\/","og_site_name":"L\u2019atelier du Coon","article_modified_time":"2026-04-29T19:06:06+00:00","og_image":[{"width":300,"height":300,"url":"http:\/\/latelierducoon.com\/wp-content\/uploads\/14-4.png","type":"image\/png"}],"twitter_card":"summary_large_image","twitter_misc":{"Dur\u00e9e de lecture estim\u00e9e":"2 minutes"},"schema":{"@context":"https:\/\/schema.org","@graph":[{"@type":"WebPage","@id":"https:\/\/latelierducoon.com\/index.php\/produit\/creations-uniques\/","url":"https:\/\/latelierducoon.com\/index.php\/produit\/creations-uniques\/","name":"Les cr\u00e9ations uniques - L\u2019atelier du Coon","isPartOf":{"@id":"https:\/\/latelierducoon.com\/#website"},"primaryImageOfPage":{"@id":"https:\/\/latelierducoon.com\/index.php\/produit\/creations-uniques\/#primaryimage"},"image":{"@id":"https:\/\/latelierducoon.com\/index.php\/produit\/creations-uniques\/#primaryimage"},"thumbnailUrl":"https:\/\/latelierducoon.com\/wp-content\/uploads\/14-4.png","datePublished":"2024-08-09T08:29:28+00:00","dateModified":"2026-04-29T19:06:06+00:00","breadcrumb":{"@id":"https:\/\/latelierducoon.com\/index.php\/produit\/creations-uniques\/#breadcrumb"},"inLanguage":"fr-FR","potentialAction":[{"@type":"ReadAction","target":["https:\/\/latelierducoon.com\/index.php\/produit\/creations-uniques\/"]}]},{"@type":"ImageObject","inLanguage":"fr-FR","@id":"https:\/\/latelierducoon.com\/index.php\/produit\/creations-uniques\/#primaryimage","url":"https:\/\/latelierducoon.com\/wp-content\/uploads\/14-4.png","contentUrl":"https:\/\/latelierducoon.com\/wp-content\/uploads\/14-4.png","width":300,"height":300,"caption":"m\u00e9daille r\u00e9sine chien chat fait main cr\u00e9ation unique"},{"@type":"BreadcrumbList","@id":"https:\/\/latelierducoon.com\/index.php\/produit\/creations-uniques\/#breadcrumb","itemListElement":[{"@type":"ListItem","position":1,"name":"Home","item":"https:\/\/latelierducoon.com\/"},{"@type":"ListItem","position":2,"name":"Accueil","item":"https:\/\/latelierducoon.com\/"},{"@type":"ListItem","position":3,"name":"Les cr\u00e9ations uniques"}]},{"@type":"WebSite","@id":"https:\/\/latelierducoon.com\/#website","url":"https:\/\/latelierducoon.com\/","name":"L\u2019atelier du Coon","description":"","potentialAction":[{"@type":"SearchAction","target":{"@type":"EntryPoint","urlTemplate":"https:\/\/latelierducoon.com\/?s={search_term_string}"},"query-input":{"@type":"PropertyValueSpecification","valueRequired":true,"valueName":"search_term_string"}}],"inLanguage":"fr-FR"}]}},"jetpack_sharing_enabled":true,"_links":{"self":[{"href":"https:\/\/latelierducoon.com\/index.php\/wp-json\/wp\/v2\/product\/3586","targetHints":{"allow":["GET"]}}],"collection":[{"href":"https:\/\/latelierducoon.com\/index.php\/wp-json\/wp\/v2\/product"}],"about":[{"href":"https:\/\/latelierducoon.com\/index.php\/wp-json\/wp\/v2\/types\/product"}],"replies":[{"embeddable":true,"href":"https:\/\/latelierducoon.com\/index.php\/wp-json\/wp\/v2\/comments?post=3586"}],"wp:featuredmedia":[{"embeddable":true,"href":"https:\/\/latelierducoon.com\/index.php\/wp-json\/wp\/v2\/media\/4585"}],"wp:attachment":[{"href":"https:\/\/latelierducoon.com\/index.php\/wp-json\/wp\/v2\/media?parent=3586"}],"wp:term":[{"taxonomy":"product_brand","embeddable":true,"href":"https:\/\/latelierducoon.com\/index.php\/wp-json\/wp\/v2\/product_brand?post=3586"},{"taxonomy":"product_cat","embeddable":true,"href":"https:\/\/latelierducoon.com\/index.php\/wp-json\/wp\/v2\/product_cat?post=3586"},{"taxonomy":"product_tag","embeddable":true,"href":"https:\/\/latelierducoon.com\/index.php\/wp-json\/wp\/v2\/product_tag?post=3586"}],"curies":[{"name":"wp","href":"https:\/\/api.w.org\/{rel}","templated":true}]}}