{"id":4532,"date":"2025-03-24T16:35:42","date_gmt":"2025-03-24T15:35:42","guid":{"rendered":"https:\/\/latelierducoon.com\/?post_type=product&#038;p=4532"},"modified":"2026-04-26T19:15:07","modified_gmt":"2026-04-26T17:15:07","slug":"oreille-de-boeuf-avec-poils","status":"publish","type":"product","link":"https:\/\/latelierducoon.com\/index.php\/produit\/oreille-de-boeuf-avec-poils\/","title":{"rendered":"Oreille de boeuf avec poils"},"content":{"rendered":"<p class=\"\" data-start=\"53\" data-end=\"137\"><strong data-start=\"53\" data-end=\"137\">Oreille de B\u0153uf avec Poils \u2013 Mastication Naturelle pour Chien (vendue \u00e0 l&rsquo;unit\u00e9)<\/strong><\/p>\n<p class=\"\" data-start=\"139\" data-end=\"437\">Offrez \u00e0 votre chien une exp\u00e9rience de mastication saine et durable avec notre oreille de b\u0153uf s\u00e9ch\u00e9e, vendue \u00e0 l\u2019unit\u00e9. Naturellement riche en prot\u00e9ines et faible en glucides, cette friandise est \u00e9galement pauvre en mati\u00e8res grasses, ce qui en fait un excellent choix de collation entre les repas.<\/p>\n<p class=\"\" data-start=\"439\" data-end=\"757\">Gr\u00e2ce \u00e0 sa consistance, l&rsquo;oreille de b\u0153uf aide \u00e0 renforcer les muscles de la m\u00e2choire tout en offrant une mastication prolong\u00e9e qui peut durer de 20 minutes \u00e0 quelques heures. Le processus minutieux de nettoyage et de d\u00e9sinfection avant le s\u00e9chage garantit une qualit\u00e9 optimale et une s\u00e9curit\u00e9 totale pour votre chien.<\/p>\n<p class=\"\" data-start=\"759\" data-end=\"1143\">En plus de ses bienfaits sur l&rsquo;hygi\u00e8ne bucco-dentaire, l&rsquo;oreille de b\u0153uf contribue \u00e0 la sant\u00e9 des dents et des gencives en favorisant leur nettoyage naturel. Elle est \u00e9galement b\u00e9n\u00e9fique pour la peau, le pelage et les articulations de votre chien gr\u00e2ce \u00e0 sa richesse en collag\u00e8ne naturel. Les poils pr\u00e9sents facilitent la digestion et renforcent les selles, pour un bien-\u00eatre complet.<\/p>\n<ul data-start=\"1145\" data-end=\"1525\">\n<li class=\"\" data-start=\"1145\" data-end=\"1237\">\n<p class=\"\" data-start=\"1147\" data-end=\"1237\"><strong data-start=\"1147\" data-end=\"1163\">Propri\u00e9t\u00e9s :<\/strong> Haute teneur en prot\u00e9ines, faible teneur en glucides et mati\u00e8res grasses.<\/p>\n<\/li>\n<li class=\"\" data-start=\"1238\" data-end=\"1368\">\n<p class=\"\" data-start=\"1240\" data-end=\"1368\"><strong data-start=\"1240\" data-end=\"1255\">Bienfaits :<\/strong> Renforce la m\u00e2choire, am\u00e9liore l&rsquo;hygi\u00e8ne dentaire, favorise la sant\u00e9 du pelage, de la peau et des articulations.<\/p>\n<\/li>\n<li class=\"\" data-start=\"1369\" data-end=\"1430\">\n<p class=\"\" data-start=\"1371\" data-end=\"1430\"><strong data-start=\"1371\" data-end=\"1397\">Dur\u00e9e de mastication :<\/strong> De 20 minutes \u00e0 quelques heures.<\/p>\n<\/li>\n<li class=\"\" data-start=\"1431\" data-end=\"1525\">\n<p class=\"\" data-start=\"1433\" data-end=\"1525\"><strong data-start=\"1433\" data-end=\"1455\">Qualit\u00e9 garantie :<\/strong> Nettoy\u00e9e, d\u00e9sinfect\u00e9e et s\u00e9ch\u00e9e avec soin pour une s\u00e9curit\u00e9 maximale.<\/p>\n<\/li>\n<li data-start=\"1431\" data-end=\"1525\"><strong>Pour qui?<\/strong> pour les chiens d\u00e8s 4 mois<\/li>\n<\/ul>\n<p>&nbsp;<\/p>\n<p class=\"\" data-start=\"1554\" data-end=\"1638\">Un choix naturel et sain pour occuper votre chien tout en prenant soin de sa sant\u00e9<\/p>\n<p class=\"p1\"><b>Composition<\/b> :<\/p>\n<p class=\"p1\">100% boeuf<\/p>\n<p class=\"p1\"><b>Dimensions<\/b> :<\/p>\n<p>Environ 20cm de long, cela va d\u00e9pendre des morceaux \ud83d\ude0a<\/p>\n<p class=\"p1\"><b>Constituants<\/b> :<\/p>\n<p class=\"p1\">Prot\u00e9ine brute : 81.10% &#8211; Mati\u00e8res grasses brutes : 4.30% &#8211; Humidit\u00e9 max : 10.30% &#8211; Mati\u00e8res min\u00e9rales : 3.94%<\/p>\n<p class=\"p3\">Votre chien doit toujours avoir de l\u2019eau \u00e0 sa disposition lorsqu\u2019il mange des friandises. Nous conseillons de surveiller votre compagnon lors de ses s\u00e9ances de mastication. Veuillez noter qu&rsquo;il s&rsquo;agit d&rsquo;un produit purement naturel, de sorte que la taille, la forme et la couleur peuvent diff\u00e9rer de la photo<\/p>\n","protected":false},"excerpt":{"rendered":"<p class=\"\" data-start=\"132\" data-end=\"575\">Offrez \u00e0 votre chien une mastication saine et durable avec notre oreille de b\u0153uf s\u00e9ch\u00e9e. Riche en prot\u00e9ines, faible en glucides et en mati\u00e8res grasses, elle favorise une bonne hygi\u00e8ne bucco-dentaire tout en renfor\u00e7ant les muscles de la m\u00e2choire. Les poils aident \u00e0 la digestion et renforcent les selles. Id\u00e9ale pour divertir votre chien pendant des heures, tout en contribuant \u00e0 la sant\u00e9 de sa peau, de son pelage et de ses articulations.<\/p>\n<p data-start=\"132\" data-end=\"575\"><strong>Vendue \u00e0 l&rsquo;unit\u00e9<\/strong><\/p>\n","protected":false},"featured_media":4525,"comment_status":"open","ping_status":"closed","template":"","meta":{"_et_pb_use_builder":"","_et_pb_old_content":"","_et_gb_content_width":""},"product_brand":[],"product_cat":[76,78],"product_tag":[],"class_list":{"0":"post-4532","1":"product","2":"type-product","3":"status-publish","4":"has-post-thumbnail","6":"product_cat-lunivers-des-chiens","7":"product_cat-mastication","9":"first","10":"instock","11":"shipping-taxable","12":"purchasable","13":"product-type-simple"},"yoast_head":"<!-- This site is optimized with the Yoast SEO plugin v27.5 - https:\/\/yoast.com\/product\/yoast-seo-wordpress\/ -->\n<title>Oreille de boeuf avec poils - L\u2019atelier du Coon<\/title>\n<meta name=\"robots\" content=\"index, follow, max-snippet:-1, max-image-preview:large, max-video-preview:-1\" \/>\n<link rel=\"canonical\" href=\"https:\/\/latelierducoon.com\/index.php\/produit\/oreille-de-boeuf-avec-poils\/\" \/>\n<meta property=\"og:locale\" content=\"fr_FR\" \/>\n<meta property=\"og:type\" content=\"article\" \/>\n<meta property=\"og:title\" content=\"Oreille de boeuf avec poils - L\u2019atelier du Coon\" \/>\n<meta property=\"og:description\" content=\"Offrez \u00e0 votre chien une mastication saine et durable avec notre oreille de b\u0153uf s\u00e9ch\u00e9e. Riche en prot\u00e9ines, faible en glucides et en mati\u00e8res grasses, elle favorise une bonne hygi\u00e8ne bucco-dentaire tout en renfor\u00e7ant les muscles de la m\u00e2choire. Les poils aident \u00e0 la digestion et renforcent les selles. Id\u00e9ale pour divertir votre chien pendant des heures, tout en contribuant \u00e0 la sant\u00e9 de sa peau, de son pelage et de ses articulations. Vendue \u00e0 l&#039;unit\u00e9\" \/>\n<meta property=\"og:url\" content=\"https:\/\/latelierducoon.com\/index.php\/produit\/oreille-de-boeuf-avec-poils\/\" \/>\n<meta property=\"og:site_name\" content=\"L\u2019atelier du Coon\" \/>\n<meta property=\"article:modified_time\" content=\"2026-04-26T17:15:07+00:00\" \/>\n<meta property=\"og:image\" content=\"https:\/\/latelierducoon.com\/wp-content\/uploads\/3-16.png\" \/>\n\t<meta property=\"og:image:width\" content=\"300\" \/>\n\t<meta property=\"og:image:height\" content=\"300\" \/>\n\t<meta property=\"og:image:type\" content=\"image\/png\" \/>\n<meta name=\"twitter:card\" content=\"summary_large_image\" \/>\n<meta name=\"twitter:label1\" content=\"Dur\u00e9e de lecture estim\u00e9e\" \/>\n\t<meta name=\"twitter:data1\" content=\"2 minutes\" \/>\n<script type=\"application\/ld+json\" class=\"yoast-schema-graph\">{\"@context\":\"https:\\\/\\\/schema.org\",\"@graph\":[{\"@type\":\"WebPage\",\"@id\":\"https:\\\/\\\/latelierducoon.com\\\/index.php\\\/produit\\\/oreille-de-boeuf-avec-poils\\\/\",\"url\":\"https:\\\/\\\/latelierducoon.com\\\/index.php\\\/produit\\\/oreille-de-boeuf-avec-poils\\\/\",\"name\":\"Oreille de boeuf avec poils - L\u2019atelier du Coon\",\"isPartOf\":{\"@id\":\"https:\\\/\\\/latelierducoon.com\\\/#website\"},\"primaryImageOfPage\":{\"@id\":\"https:\\\/\\\/latelierducoon.com\\\/index.php\\\/produit\\\/oreille-de-boeuf-avec-poils\\\/#primaryimage\"},\"image\":{\"@id\":\"https:\\\/\\\/latelierducoon.com\\\/index.php\\\/produit\\\/oreille-de-boeuf-avec-poils\\\/#primaryimage\"},\"thumbnailUrl\":\"https:\\\/\\\/latelierducoon.com\\\/wp-content\\\/uploads\\\/3-16.png\",\"datePublished\":\"2025-03-24T15:35:42+00:00\",\"dateModified\":\"2026-04-26T17:15:07+00:00\",\"breadcrumb\":{\"@id\":\"https:\\\/\\\/latelierducoon.com\\\/index.php\\\/produit\\\/oreille-de-boeuf-avec-poils\\\/#breadcrumb\"},\"inLanguage\":\"fr-FR\",\"potentialAction\":[{\"@type\":\"ReadAction\",\"target\":[\"https:\\\/\\\/latelierducoon.com\\\/index.php\\\/produit\\\/oreille-de-boeuf-avec-poils\\\/\"]}]},{\"@type\":\"ImageObject\",\"inLanguage\":\"fr-FR\",\"@id\":\"https:\\\/\\\/latelierducoon.com\\\/index.php\\\/produit\\\/oreille-de-boeuf-avec-poils\\\/#primaryimage\",\"url\":\"https:\\\/\\\/latelierducoon.com\\\/wp-content\\\/uploads\\\/3-16.png\",\"contentUrl\":\"https:\\\/\\\/latelierducoon.com\\\/wp-content\\\/uploads\\\/3-16.png\",\"width\":300,\"height\":300,\"caption\":\"oreille de boeuf avec poils mastication naturelle pour chien\"},{\"@type\":\"BreadcrumbList\",\"@id\":\"https:\\\/\\\/latelierducoon.com\\\/index.php\\\/produit\\\/oreille-de-boeuf-avec-poils\\\/#breadcrumb\",\"itemListElement\":[{\"@type\":\"ListItem\",\"position\":1,\"name\":\"Home\",\"item\":\"https:\\\/\\\/latelierducoon.com\\\/\"},{\"@type\":\"ListItem\",\"position\":2,\"name\":\"Accueil\",\"item\":\"https:\\\/\\\/latelierducoon.com\\\/\"},{\"@type\":\"ListItem\",\"position\":3,\"name\":\"Oreille de boeuf avec poils\"}]},{\"@type\":\"WebSite\",\"@id\":\"https:\\\/\\\/latelierducoon.com\\\/#website\",\"url\":\"https:\\\/\\\/latelierducoon.com\\\/\",\"name\":\"L\u2019atelier du Coon\",\"description\":\"\",\"potentialAction\":[{\"@type\":\"SearchAction\",\"target\":{\"@type\":\"EntryPoint\",\"urlTemplate\":\"https:\\\/\\\/latelierducoon.com\\\/?s={search_term_string}\"},\"query-input\":{\"@type\":\"PropertyValueSpecification\",\"valueRequired\":true,\"valueName\":\"search_term_string\"}}],\"inLanguage\":\"fr-FR\"}]}<\/script>\n<!-- \/ Yoast SEO plugin. -->","yoast_head_json":{"title":"Oreille de boeuf avec poils - L\u2019atelier du Coon","robots":{"index":"index","follow":"follow","max-snippet":"max-snippet:-1","max-image-preview":"max-image-preview:large","max-video-preview":"max-video-preview:-1"},"canonical":"https:\/\/latelierducoon.com\/index.php\/produit\/oreille-de-boeuf-avec-poils\/","og_locale":"fr_FR","og_type":"article","og_title":"Oreille de boeuf avec poils - L\u2019atelier du Coon","og_description":"Offrez \u00e0 votre chien une mastication saine et durable avec notre oreille de b\u0153uf s\u00e9ch\u00e9e. Riche en prot\u00e9ines, faible en glucides et en mati\u00e8res grasses, elle favorise une bonne hygi\u00e8ne bucco-dentaire tout en renfor\u00e7ant les muscles de la m\u00e2choire. Les poils aident \u00e0 la digestion et renforcent les selles. Id\u00e9ale pour divertir votre chien pendant des heures, tout en contribuant \u00e0 la sant\u00e9 de sa peau, de son pelage et de ses articulations. Vendue \u00e0 l'unit\u00e9","og_url":"https:\/\/latelierducoon.com\/index.php\/produit\/oreille-de-boeuf-avec-poils\/","og_site_name":"L\u2019atelier du Coon","article_modified_time":"2026-04-26T17:15:07+00:00","og_image":[{"width":300,"height":300,"url":"https:\/\/latelierducoon.com\/wp-content\/uploads\/3-16.png","type":"image\/png"}],"twitter_card":"summary_large_image","twitter_misc":{"Dur\u00e9e de lecture estim\u00e9e":"2 minutes"},"schema":{"@context":"https:\/\/schema.org","@graph":[{"@type":"WebPage","@id":"https:\/\/latelierducoon.com\/index.php\/produit\/oreille-de-boeuf-avec-poils\/","url":"https:\/\/latelierducoon.com\/index.php\/produit\/oreille-de-boeuf-avec-poils\/","name":"Oreille de boeuf avec poils - L\u2019atelier du Coon","isPartOf":{"@id":"https:\/\/latelierducoon.com\/#website"},"primaryImageOfPage":{"@id":"https:\/\/latelierducoon.com\/index.php\/produit\/oreille-de-boeuf-avec-poils\/#primaryimage"},"image":{"@id":"https:\/\/latelierducoon.com\/index.php\/produit\/oreille-de-boeuf-avec-poils\/#primaryimage"},"thumbnailUrl":"https:\/\/latelierducoon.com\/wp-content\/uploads\/3-16.png","datePublished":"2025-03-24T15:35:42+00:00","dateModified":"2026-04-26T17:15:07+00:00","breadcrumb":{"@id":"https:\/\/latelierducoon.com\/index.php\/produit\/oreille-de-boeuf-avec-poils\/#breadcrumb"},"inLanguage":"fr-FR","potentialAction":[{"@type":"ReadAction","target":["https:\/\/latelierducoon.com\/index.php\/produit\/oreille-de-boeuf-avec-poils\/"]}]},{"@type":"ImageObject","inLanguage":"fr-FR","@id":"https:\/\/latelierducoon.com\/index.php\/produit\/oreille-de-boeuf-avec-poils\/#primaryimage","url":"https:\/\/latelierducoon.com\/wp-content\/uploads\/3-16.png","contentUrl":"https:\/\/latelierducoon.com\/wp-content\/uploads\/3-16.png","width":300,"height":300,"caption":"oreille de boeuf avec poils mastication naturelle pour chien"},{"@type":"BreadcrumbList","@id":"https:\/\/latelierducoon.com\/index.php\/produit\/oreille-de-boeuf-avec-poils\/#breadcrumb","itemListElement":[{"@type":"ListItem","position":1,"name":"Home","item":"https:\/\/latelierducoon.com\/"},{"@type":"ListItem","position":2,"name":"Accueil","item":"https:\/\/latelierducoon.com\/"},{"@type":"ListItem","position":3,"name":"Oreille de boeuf avec poils"}]},{"@type":"WebSite","@id":"https:\/\/latelierducoon.com\/#website","url":"https:\/\/latelierducoon.com\/","name":"L\u2019atelier du Coon","description":"","potentialAction":[{"@type":"SearchAction","target":{"@type":"EntryPoint","urlTemplate":"https:\/\/latelierducoon.com\/?s={search_term_string}"},"query-input":{"@type":"PropertyValueSpecification","valueRequired":true,"valueName":"search_term_string"}}],"inLanguage":"fr-FR"}]}},"jetpack_sharing_enabled":true,"_links":{"self":[{"href":"https:\/\/latelierducoon.com\/index.php\/wp-json\/wp\/v2\/product\/4532","targetHints":{"allow":["GET"]}}],"collection":[{"href":"https:\/\/latelierducoon.com\/index.php\/wp-json\/wp\/v2\/product"}],"about":[{"href":"https:\/\/latelierducoon.com\/index.php\/wp-json\/wp\/v2\/types\/product"}],"replies":[{"embeddable":true,"href":"https:\/\/latelierducoon.com\/index.php\/wp-json\/wp\/v2\/comments?post=4532"}],"wp:featuredmedia":[{"embeddable":true,"href":"https:\/\/latelierducoon.com\/index.php\/wp-json\/wp\/v2\/media\/4525"}],"wp:attachment":[{"href":"https:\/\/latelierducoon.com\/index.php\/wp-json\/wp\/v2\/media?parent=4532"}],"wp:term":[{"taxonomy":"product_brand","embeddable":true,"href":"https:\/\/latelierducoon.com\/index.php\/wp-json\/wp\/v2\/product_brand?post=4532"},{"taxonomy":"product_cat","embeddable":true,"href":"https:\/\/latelierducoon.com\/index.php\/wp-json\/wp\/v2\/product_cat?post=4532"},{"taxonomy":"product_tag","embeddable":true,"href":"https:\/\/latelierducoon.com\/index.php\/wp-json\/wp\/v2\/product_tag?post=4532"}],"curies":[{"name":"wp","href":"https:\/\/api.w.org\/{rel}","templated":true}]}}