{"id":5458,"date":"2026-03-12T15:33:55","date_gmt":"2026-03-12T14:33:55","guid":{"rendered":"https:\/\/latelierducoon.com\/?post_type=product&#038;p=5458"},"modified":"2026-03-18T15:44:24","modified_gmt":"2026-03-18T14:44:24","slug":"le-ankaa-sur-mesures","status":"publish","type":"product","link":"https:\/\/latelierducoon.com\/index.php\/produit\/le-ankaa-sur-mesures\/","title":{"rendered":"Le Ankaa sur-mesures"},"content":{"rendered":"<p><strong>Collier \u201cLe Ankaa\u201d \u2728\ud83d\udc3e<\/strong><\/p>\n<p>Un collier qui allie <strong>style, solidit\u00e9 et fabrication artisanale<\/strong> pour accompagner votre chien dans toutes ses aventures.<\/p>\n<p>Le <strong>Ankaa<\/strong> est un collier <strong>sur-mesure et enti\u00e8rement fabriqu\u00e9 \u00e0 la main par moi-m\u00eame<\/strong>. Chaque pi\u00e8ce est r\u00e9alis\u00e9e avec soin, une par une, en <strong>tressage de paracorde (4 cordes)<\/strong> associ\u00e9 \u00e0 une base en <strong>biothane ajustable de 25 mm<\/strong>, reconnue pour sa <strong>r\u00e9sistance, son confort et sa facilit\u00e9 d\u2019entretien<\/strong>.<\/p>\n<p>Un collier unique, pens\u00e9 pour \u00eatre <strong>aussi beau que pratique<\/strong>.<\/p>\n<h3>\ud83c\udfa8 Personnalisation<\/h3>\n<p>Cr\u00e9ez un collier qui ressemble vraiment \u00e0 votre chien :<\/p>\n<ul>\n<li>Choisissez la <strong>couleur du biothane (25 mm ajustable)<\/strong><\/li>\n<li>S\u00e9lectionnez les <strong>4 couleurs de paracorde<\/strong><\/li>\n<\/ul>\n<p>Toutes les <strong>couleurs disponibles<\/strong> sont visibles dans les <strong>photos produits<\/strong>.<\/p>\n<h3>\ud83d\udccf Prise de mesure<\/h3>\n<p>Chaque collier \u00e9tant <strong>r\u00e9alis\u00e9 sur-mesure<\/strong>, il est tr\u00e8s important de <strong>bien mesurer le tour de cou de votre chien<\/strong>.<br \/>\nUn <strong>guide est disponible dans les photos produits<\/strong> pour vous aider.<\/p>\n<p>\u26a0\ufe0f <strong>Important :<\/strong> les colliers \u00e9tant fabriqu\u00e9s sur-mesure, <strong>ils ne sont ni repris ni \u00e9chang\u00e9s en cas d\u2019erreur de taille<\/strong>.<\/p>\n<h3>\ud83c\udf81 Offre sp\u00e9ciale<\/h3>\n<p>Pour l\u2019achat d\u2019un <strong>ensemble laisse + collier<\/strong>, une <strong>m\u00e9daille au choix est offerte<\/strong>.<\/p>\n<p>Pour en profiter :<\/p>\n<ol>\n<li>Passez votre commande<\/li>\n<li>Envoyez-moi un <strong>mail \u00e0 latelierducoon@gmail.com ou un message sur Instagram @latelierducoon<\/strong><\/li>\n<li>Indiquez votre <strong>num\u00e9ro de commande<\/strong> et <strong>la m\u00e9daille que vous souhaitez<\/strong><\/li>\n<\/ol>\n<h3>\u23f3 D\u00e9lais de fabrication<\/h3>\n<p>Chaque collier \u00e9tant <strong>fabriqu\u00e9 \u00e0 la main<\/strong>, le d\u00e9lai est de <strong>2 semaines maximum avant l\u2019envoi<\/strong>.<\/p>\n<h3>\u26a0\ufe0f Important<\/h3>\n<p>Ce collier <strong>n\u2019est pas pr\u00e9conis\u00e9 pour les chiens qui tirent \u00e9norm\u00e9ment en laisse.<\/strong><\/p>\n<h3>\ud83e\uddfc Entretien<\/h3>\n<p><strong>Nettoyage simple :<\/strong><\/p>\n<ul>\n<li>Eau ti\u00e8de<\/li>\n<li>Savon de Marseille<\/li>\n<li>Brosse souple<\/li>\n<li>S\u00e9chage <strong>\u00e0 l\u2019air libre<\/strong> (pas de s\u00e8che-linge)<\/li>\n<\/ul>\n<p><strong>Nettoyage en profondeur (occasionnel) :<\/strong><\/p>\n<ul>\n<li>Placer le collier dans un <strong>filet de lavage<\/strong><\/li>\n<li><strong>Machine \u00e0 30\u00b0C maximum<\/strong><\/li>\n<li><strong>Cycle d\u00e9licat<\/strong><\/li>\n<li><strong>Lessive pour laine<\/strong><\/li>\n<\/ul>\n<p>\u26a0\ufe0f \u00c0 \u00e9viter trop fr\u00e9quemment afin de <strong>pr\u00e9server l\u2019intensit\u00e9 des couleurs et la bouclerie<\/strong>.<\/p>\n<hr \/>\n<p>&nbsp;<\/p>\n","protected":false},"excerpt":{"rendered":"<p>Le collier<strong> Ankaa<\/strong> est une pi\u00e8ce <strong>sur-mesure<\/strong>, enti\u00e8rement fabriqu\u00e9e \u00e0 la main par mes soins. Chaque collier est tress\u00e9 individuellement en paracorde (4 brins) et mont\u00e9 sur une base ajustable en biothane de 25 mm, un mat\u00e9riau reconnu pour sa solidit\u00e9, son confort et sa simplicit\u00e9 d\u2019entretien.<\/p>\n<p>\ud83c\udfa8 <strong>Personnalisation :<\/strong><br \/>\nChoisissez la <strong>couleur du biothane<\/strong> <strong>en 25mm ajustable <\/strong>et les <strong>4 couleurs de cordes<\/strong> (voir photos produits).<\/p>\n<p>\ud83c\udf81 <strong>Offre sp\u00e9ciale :<\/strong><br \/>\nPour l\u2019achat d\u2019un <strong>ensemble laisse + collier<\/strong>, une <strong>m\u00e9daille au choix est offerte<\/strong>.<br \/>\nEnvoyez simplement un <strong>mail \u00e0 latelierducoon@gmail.com ou un message Instagram<\/strong> <strong>@latelierducoon<\/strong> avec votre <strong>num\u00e9ro de commande<\/strong> et la <strong>m\u00e9daille souhait\u00e9e<\/strong>.<\/p>\n<p>\u23f3 <strong>D\u00e9lai de fabrication :<\/strong><br \/>\nJusqu\u2019\u00e0 <strong>2 semaines maximum avant l\u2019envoi<\/strong>.<\/p>\n<p>&nbsp;<\/p>\n","protected":false},"featured_media":5469,"comment_status":"open","ping_status":"closed","template":"","meta":{"_et_pb_use_builder":"","_et_pb_old_content":"","_et_gb_content_width":""},"product_brand":[],"product_cat":[76,16,77,209,210,83],"product_tag":[],"class_list":{"0":"post-5458","1":"product","2":"type-product","3":"status-publish","4":"has-post-thumbnail","6":"product_cat-lunivers-des-chiens","7":"product_cat-non-classe","8":"product_cat-nos-accessoires","9":"product_cat-nos-colliers-laisses","10":"product_cat-nos-colliers-sur-mesures","11":"product_cat-tous-nos-accessoires","13":"first","14":"instock","15":"shipping-taxable","16":"purchasable","17":"product-type-variable"},"yoast_head":"<!-- This site is optimized with the Yoast SEO plugin v27.5 - https:\/\/yoast.com\/product\/yoast-seo-wordpress\/ -->\n<title>Le Ankaa sur-mesures - L\u2019atelier du Coon<\/title>\n<meta name=\"robots\" content=\"index, follow, max-snippet:-1, max-image-preview:large, max-video-preview:-1\" \/>\n<link rel=\"canonical\" href=\"https:\/\/latelierducoon.com\/index.php\/produit\/le-ankaa-sur-mesures\/\" \/>\n<meta property=\"og:locale\" content=\"fr_FR\" \/>\n<meta property=\"og:type\" content=\"article\" \/>\n<meta property=\"og:title\" content=\"Le Ankaa sur-mesures - L\u2019atelier du Coon\" \/>\n<meta property=\"og:description\" content=\"Le collier Ankaa est une pi\u00e8ce sur-mesure, enti\u00e8rement fabriqu\u00e9e \u00e0 la main par mes soins. Chaque collier est tress\u00e9 individuellement en paracorde (4 brins) et mont\u00e9 sur une base ajustable en biothane de 25 mm, un mat\u00e9riau reconnu pour sa solidit\u00e9, son confort et sa simplicit\u00e9 d\u2019entretien. \ud83c\udfa8 Personnalisation : Choisissez la couleur du biothane en 25mm ajustable et les 4 couleurs de cordes (voir photos produits). \ud83c\udf81 Offre sp\u00e9ciale : Pour l\u2019achat d\u2019un ensemble laisse + collier, une m\u00e9daille au choix est offerte. Envoyez simplement un mail \u00e0 latelierducoon@gmail.com ou un message Instagram @latelierducoon avec votre num\u00e9ro de commande et la m\u00e9daille souhait\u00e9e. \u23f3 D\u00e9lai de fabrication : Jusqu\u2019\u00e0 2 semaines maximum avant l\u2019envoi. &nbsp;\" \/>\n<meta property=\"og:url\" content=\"https:\/\/latelierducoon.com\/index.php\/produit\/le-ankaa-sur-mesures\/\" \/>\n<meta property=\"og:site_name\" content=\"L\u2019atelier du Coon\" \/>\n<meta property=\"article:modified_time\" content=\"2026-03-18T14:44:24+00:00\" \/>\n<meta property=\"og:image\" content=\"http:\/\/latelierducoon.com\/wp-content\/uploads\/20-4.png\" \/>\n\t<meta property=\"og:image:width\" content=\"600\" \/>\n\t<meta property=\"og:image:height\" content=\"800\" \/>\n\t<meta property=\"og:image:type\" content=\"image\/png\" \/>\n<meta name=\"twitter:card\" content=\"summary_large_image\" \/>\n<meta name=\"twitter:label1\" content=\"Dur\u00e9e de lecture estim\u00e9e\" \/>\n\t<meta name=\"twitter:data1\" content=\"2 minutes\" \/>\n<script type=\"application\/ld+json\" class=\"yoast-schema-graph\">{\"@context\":\"https:\\\/\\\/schema.org\",\"@graph\":[{\"@type\":\"WebPage\",\"@id\":\"https:\\\/\\\/latelierducoon.com\\\/index.php\\\/produit\\\/le-ankaa-sur-mesures\\\/\",\"url\":\"https:\\\/\\\/latelierducoon.com\\\/index.php\\\/produit\\\/le-ankaa-sur-mesures\\\/\",\"name\":\"Le Ankaa sur-mesures - L\u2019atelier du Coon\",\"isPartOf\":{\"@id\":\"https:\\\/\\\/latelierducoon.com\\\/#website\"},\"primaryImageOfPage\":{\"@id\":\"https:\\\/\\\/latelierducoon.com\\\/index.php\\\/produit\\\/le-ankaa-sur-mesures\\\/#primaryimage\"},\"image\":{\"@id\":\"https:\\\/\\\/latelierducoon.com\\\/index.php\\\/produit\\\/le-ankaa-sur-mesures\\\/#primaryimage\"},\"thumbnailUrl\":\"https:\\\/\\\/latelierducoon.com\\\/wp-content\\\/uploads\\\/20-4.png\",\"datePublished\":\"2026-03-12T14:33:55+00:00\",\"dateModified\":\"2026-03-18T14:44:24+00:00\",\"breadcrumb\":{\"@id\":\"https:\\\/\\\/latelierducoon.com\\\/index.php\\\/produit\\\/le-ankaa-sur-mesures\\\/#breadcrumb\"},\"inLanguage\":\"fr-FR\",\"potentialAction\":[{\"@type\":\"ReadAction\",\"target\":[\"https:\\\/\\\/latelierducoon.com\\\/index.php\\\/produit\\\/le-ankaa-sur-mesures\\\/\"]}]},{\"@type\":\"ImageObject\",\"inLanguage\":\"fr-FR\",\"@id\":\"https:\\\/\\\/latelierducoon.com\\\/index.php\\\/produit\\\/le-ankaa-sur-mesures\\\/#primaryimage\",\"url\":\"https:\\\/\\\/latelierducoon.com\\\/wp-content\\\/uploads\\\/20-4.png\",\"contentUrl\":\"https:\\\/\\\/latelierducoon.com\\\/wp-content\\\/uploads\\\/20-4.png\",\"width\":600,\"height\":800,\"caption\":\"collier chien sur-mesure paracorde biothane fait main\"},{\"@type\":\"BreadcrumbList\",\"@id\":\"https:\\\/\\\/latelierducoon.com\\\/index.php\\\/produit\\\/le-ankaa-sur-mesures\\\/#breadcrumb\",\"itemListElement\":[{\"@type\":\"ListItem\",\"position\":1,\"name\":\"Home\",\"item\":\"https:\\\/\\\/latelierducoon.com\\\/\"},{\"@type\":\"ListItem\",\"position\":2,\"name\":\"Accueil\",\"item\":\"https:\\\/\\\/latelierducoon.com\\\/\"},{\"@type\":\"ListItem\",\"position\":3,\"name\":\"Le Ankaa sur-mesures\"}]},{\"@type\":\"WebSite\",\"@id\":\"https:\\\/\\\/latelierducoon.com\\\/#website\",\"url\":\"https:\\\/\\\/latelierducoon.com\\\/\",\"name\":\"L\u2019atelier du Coon\",\"description\":\"\",\"potentialAction\":[{\"@type\":\"SearchAction\",\"target\":{\"@type\":\"EntryPoint\",\"urlTemplate\":\"https:\\\/\\\/latelierducoon.com\\\/?s={search_term_string}\"},\"query-input\":{\"@type\":\"PropertyValueSpecification\",\"valueRequired\":true,\"valueName\":\"search_term_string\"}}],\"inLanguage\":\"fr-FR\"}]}<\/script>\n<!-- \/ Yoast SEO plugin. -->","yoast_head_json":{"title":"Le Ankaa sur-mesures - L\u2019atelier du Coon","robots":{"index":"index","follow":"follow","max-snippet":"max-snippet:-1","max-image-preview":"max-image-preview:large","max-video-preview":"max-video-preview:-1"},"canonical":"https:\/\/latelierducoon.com\/index.php\/produit\/le-ankaa-sur-mesures\/","og_locale":"fr_FR","og_type":"article","og_title":"Le Ankaa sur-mesures - L\u2019atelier du Coon","og_description":"Le collier Ankaa est une pi\u00e8ce sur-mesure, enti\u00e8rement fabriqu\u00e9e \u00e0 la main par mes soins. Chaque collier est tress\u00e9 individuellement en paracorde (4 brins) et mont\u00e9 sur une base ajustable en biothane de 25 mm, un mat\u00e9riau reconnu pour sa solidit\u00e9, son confort et sa simplicit\u00e9 d\u2019entretien. \ud83c\udfa8 Personnalisation : Choisissez la couleur du biothane en 25mm ajustable et les 4 couleurs de cordes (voir photos produits). \ud83c\udf81 Offre sp\u00e9ciale : Pour l\u2019achat d\u2019un ensemble laisse + collier, une m\u00e9daille au choix est offerte. Envoyez simplement un mail \u00e0 latelierducoon@gmail.com ou un message Instagram @latelierducoon avec votre num\u00e9ro de commande et la m\u00e9daille souhait\u00e9e. \u23f3 D\u00e9lai de fabrication : Jusqu\u2019\u00e0 2 semaines maximum avant l\u2019envoi. &nbsp;","og_url":"https:\/\/latelierducoon.com\/index.php\/produit\/le-ankaa-sur-mesures\/","og_site_name":"L\u2019atelier du Coon","article_modified_time":"2026-03-18T14:44:24+00:00","og_image":[{"width":600,"height":800,"url":"http:\/\/latelierducoon.com\/wp-content\/uploads\/20-4.png","type":"image\/png"}],"twitter_card":"summary_large_image","twitter_misc":{"Dur\u00e9e de lecture estim\u00e9e":"2 minutes"},"schema":{"@context":"https:\/\/schema.org","@graph":[{"@type":"WebPage","@id":"https:\/\/latelierducoon.com\/index.php\/produit\/le-ankaa-sur-mesures\/","url":"https:\/\/latelierducoon.com\/index.php\/produit\/le-ankaa-sur-mesures\/","name":"Le Ankaa sur-mesures - L\u2019atelier du Coon","isPartOf":{"@id":"https:\/\/latelierducoon.com\/#website"},"primaryImageOfPage":{"@id":"https:\/\/latelierducoon.com\/index.php\/produit\/le-ankaa-sur-mesures\/#primaryimage"},"image":{"@id":"https:\/\/latelierducoon.com\/index.php\/produit\/le-ankaa-sur-mesures\/#primaryimage"},"thumbnailUrl":"https:\/\/latelierducoon.com\/wp-content\/uploads\/20-4.png","datePublished":"2026-03-12T14:33:55+00:00","dateModified":"2026-03-18T14:44:24+00:00","breadcrumb":{"@id":"https:\/\/latelierducoon.com\/index.php\/produit\/le-ankaa-sur-mesures\/#breadcrumb"},"inLanguage":"fr-FR","potentialAction":[{"@type":"ReadAction","target":["https:\/\/latelierducoon.com\/index.php\/produit\/le-ankaa-sur-mesures\/"]}]},{"@type":"ImageObject","inLanguage":"fr-FR","@id":"https:\/\/latelierducoon.com\/index.php\/produit\/le-ankaa-sur-mesures\/#primaryimage","url":"https:\/\/latelierducoon.com\/wp-content\/uploads\/20-4.png","contentUrl":"https:\/\/latelierducoon.com\/wp-content\/uploads\/20-4.png","width":600,"height":800,"caption":"collier chien sur-mesure paracorde biothane fait main"},{"@type":"BreadcrumbList","@id":"https:\/\/latelierducoon.com\/index.php\/produit\/le-ankaa-sur-mesures\/#breadcrumb","itemListElement":[{"@type":"ListItem","position":1,"name":"Home","item":"https:\/\/latelierducoon.com\/"},{"@type":"ListItem","position":2,"name":"Accueil","item":"https:\/\/latelierducoon.com\/"},{"@type":"ListItem","position":3,"name":"Le Ankaa sur-mesures"}]},{"@type":"WebSite","@id":"https:\/\/latelierducoon.com\/#website","url":"https:\/\/latelierducoon.com\/","name":"L\u2019atelier du Coon","description":"","potentialAction":[{"@type":"SearchAction","target":{"@type":"EntryPoint","urlTemplate":"https:\/\/latelierducoon.com\/?s={search_term_string}"},"query-input":{"@type":"PropertyValueSpecification","valueRequired":true,"valueName":"search_term_string"}}],"inLanguage":"fr-FR"}]}},"jetpack_sharing_enabled":true,"_links":{"self":[{"href":"https:\/\/latelierducoon.com\/index.php\/wp-json\/wp\/v2\/product\/5458","targetHints":{"allow":["GET"]}}],"collection":[{"href":"https:\/\/latelierducoon.com\/index.php\/wp-json\/wp\/v2\/product"}],"about":[{"href":"https:\/\/latelierducoon.com\/index.php\/wp-json\/wp\/v2\/types\/product"}],"replies":[{"embeddable":true,"href":"https:\/\/latelierducoon.com\/index.php\/wp-json\/wp\/v2\/comments?post=5458"}],"wp:featuredmedia":[{"embeddable":true,"href":"https:\/\/latelierducoon.com\/index.php\/wp-json\/wp\/v2\/media\/5469"}],"wp:attachment":[{"href":"https:\/\/latelierducoon.com\/index.php\/wp-json\/wp\/v2\/media?parent=5458"}],"wp:term":[{"taxonomy":"product_brand","embeddable":true,"href":"https:\/\/latelierducoon.com\/index.php\/wp-json\/wp\/v2\/product_brand?post=5458"},{"taxonomy":"product_cat","embeddable":true,"href":"https:\/\/latelierducoon.com\/index.php\/wp-json\/wp\/v2\/product_cat?post=5458"},{"taxonomy":"product_tag","embeddable":true,"href":"https:\/\/latelierducoon.com\/index.php\/wp-json\/wp\/v2\/product_tag?post=5458"}],"curies":[{"name":"wp","href":"https:\/\/api.w.org\/{rel}","templated":true}]}}