{"id":5528,"date":"2026-03-16T13:26:18","date_gmt":"2026-03-16T12:26:18","guid":{"rendered":"https:\/\/latelierducoon.com\/?post_type=product&#038;p=5528"},"modified":"2026-03-18T15:42:41","modified_gmt":"2026-03-18T14:42:41","slug":"le-ankaa-45-50cm","status":"publish","type":"product","link":"https:\/\/latelierducoon.com\/index.php\/produit\/le-ankaa-45-50cm\/","title":{"rendered":"Le Ankaa 45-50cm"},"content":{"rendered":"<h3 data-section-id=\"yroc2v\" data-start=\"0\" data-end=\"28\">Collier <strong data-start=\"12\" data-end=\"22\">Ankaa<\/strong> \u2728\ud83d\udc3e<\/h3>\n<p data-start=\"30\" data-end=\"339\">Pr\u00eat pour une touche d\u2019\u00e9clat autour du cou de votre chien ? Le <strong data-start=\"93\" data-end=\"111\">collier Ankaa<\/strong> est <strong data-start=\"116\" data-end=\"164\">enti\u00e8rement fabriqu\u00e9 \u00e0 la main par mes soins<\/strong>, chaque pi\u00e8ce \u00e9tant tress\u00e9e une par une avec patience et soin. Un vrai petit bijou artisanal, pens\u00e9 pour allier <strong data-start=\"277\" data-end=\"307\">style, solidit\u00e9 et confort<\/strong> lors de toutes vos aventures.<\/p>\n<p data-start=\"341\" data-end=\"545\">Son tressage en <strong data-start=\"357\" data-end=\"380\">paracorde \u00e0 4 brins<\/strong> m\u00eale des teintes chaleureuses et lumineuses : <em data-start=\"427\" data-end=\"480\">Foggy vert, Moss, Espresso et Tan<\/em>, pour un rendu \u00e0 la fois naturel, \u00e9l\u00e9gant\u2026 et un peu magique \u2728<\/p>\n<p data-start=\"547\" data-end=\"772\">Le tout est mont\u00e9 sur un <strong data-start=\"572\" data-end=\"620\">adaptateur r\u00e9glable en biothane Holy guacamole 25mm<\/strong>, un mat\u00e9riau appr\u00e9ci\u00e9 pour sa <strong data-start=\"651\" data-end=\"705\">r\u00e9sistance, son confort et sa facilit\u00e9 d\u2019entretien<\/strong> (parfait pour les chiens qui aiment vivre \u00e0 fond leurs balades).<\/p>\n<p data-start=\"774\" data-end=\"959\">\ud83d\udccf <strong data-start=\"777\" data-end=\"789\">Taille :<\/strong> adapt\u00e9 pour un tour de cou <strong data-start=\"817\" data-end=\"834\">de 45 \u00e0 50 cm<\/strong>.<br data-start=\"835\" data-end=\"838\" \/>Pour \u00eatre s\u00fbr de choisir la bonne taille, <strong data-start=\"880\" data-end=\"956\">r\u00e9f\u00e9rez-vous aux photos expliquant comment mesurer le cou de votre chien<\/strong>.<\/p>\n<p data-start=\"961\" data-end=\"1068\" data-is-last-node=\"\" data-is-only-node=\"\">Un collier <strong data-start=\"972\" data-end=\"1036\">unique, fait main, et pr\u00eat \u00e0 briller<\/strong>\u00a0au cou de votre compagnon. \ud83d\ude80\ud83d\udc15<\/p>\n<h3>\ud83d\udc3e Offre sp\u00e9ciale<\/h3>\n<p>Pour l\u2019achat d\u2019un <strong>ensemble laisse + collier<\/strong>, une <strong>m\u00e9daille au choix est offerte<\/strong> \ud83c\udf81<\/p>\n<p>Pour en profiter :<\/p>\n<ol>\n<li>Passez votre commande<\/li>\n<li>Envoyez-moi un <strong>mail \u00e0 latelierducoon@gmail.com ou un message sur Instagram @latelierducoon<\/strong><\/li>\n<li>Indiquez <strong>votre num\u00e9ro de commande<\/strong> et <strong>la m\u00e9daille que vous souhaitez<\/strong><\/li>\n<\/ol>\n<h3>\u26a0\ufe0f Important<\/h3>\n<p>Ce collier <strong>n\u2019est pas pr\u00e9conis\u00e9 pour les chiens qui tirent \u00e9norm\u00e9ment en laisse.<\/strong><\/p>\n<h3>\ud83e\uddfc Entretien<\/h3>\n<p>Pour garder votre collier beau le plus longtemps possible :<\/p>\n<p><strong>Nettoyage simple :<\/strong><\/p>\n<ul>\n<li>Eau ti\u00e8de<\/li>\n<li>Savon de Marseille<\/li>\n<li>Brosse souple<\/li>\n<li>S\u00e9chage <strong>\u00e0 l\u2019air libre<\/strong> (pas de s\u00e8che-linge)<\/li>\n<\/ul>\n<p><strong>Nettoyage en profondeur (occasionnel) :<\/strong><\/p>\n<ul>\n<li>Dans un <strong>filet de lavage<\/strong><\/li>\n<li><strong>Machine \u00e0 30\u00b0C maximum<\/strong><\/li>\n<li><strong>Cycle d\u00e9licat<\/strong><\/li>\n<li><strong>Lessive pour laine<\/strong><\/li>\n<\/ul>\n<p>\u26a0\ufe0f \u00c0 faire <strong>le moins possible<\/strong>, afin de pr\u00e9server l\u2019intensit\u00e9 des couleurs et \u00e9viter d\u2019ab\u00eemer la bouclerie.<\/p>\n","protected":false},"excerpt":{"rendered":"<p>Le <strong data-start=\"3\" data-end=\"21\">collier Ankaa<\/strong> est <strong data-start=\"26\" data-end=\"60\">enti\u00e8rement fabriqu\u00e9 \u00e0 la main<\/strong>, avec un tressage en paracorde \u00e0 4 brins aux couleurs <em data-start=\"427\" data-end=\"480\">Foggy vert, Moss, Espresso et Tan<\/em>. Il est mont\u00e9 sur un <strong data-start=\"188\" data-end=\"236\">adaptateur r\u00e9glable en biothane Holy guacamole 25mm<\/strong>, r\u00e9sistant et facile d\u2019entretien.<br data-start=\"270\" data-end=\"273\" \/>Convient pour un <strong data-start=\"290\" data-end=\"319\">tour de cou de 45 \u00e0 50 cm<\/strong> (voir guide de mesure en photo). \u2728\ud83d\udc3e<\/p>\n<p>\ud83c\udf81 <strong>Offre sp\u00e9ciale :<\/strong><br \/>\nPour l\u2019achat d\u2019un <strong>ensemble laisse + collier<\/strong>, une <strong>m\u00e9daille au choix est offerte<\/strong>.<br \/>\nEnvoyez simplement un <strong>mail \u00e0 latelierducoon@gmail.com ou un message Instagram<\/strong> <strong>@latelierducoon<\/strong> avec votre <strong>num\u00e9ro de commande<\/strong> et la <strong>m\u00e9daille souhait\u00e9e<\/strong>.<\/p>\n","protected":false},"featured_media":5529,"comment_status":"open","ping_status":"closed","template":"","meta":{"_et_pb_use_builder":"","_et_pb_old_content":"","_et_gb_content_width":""},"product_brand":[],"product_cat":[76,16,77,209,211,83],"product_tag":[],"class_list":{"0":"post-5528","1":"product","2":"type-product","3":"status-publish","4":"has-post-thumbnail","6":"product_cat-lunivers-des-chiens","7":"product_cat-non-classe","8":"product_cat-nos-accessoires","9":"product_cat-nos-colliers-laisses","10":"product_cat-nos-colliers-prets-a-partir","11":"product_cat-tous-nos-accessoires","13":"first","14":"instock","15":"shipping-taxable","16":"purchasable","17":"product-type-simple"},"yoast_head":"<!-- This site is optimized with the Yoast SEO plugin v27.5 - https:\/\/yoast.com\/product\/yoast-seo-wordpress\/ -->\n<title>Le Ankaa 45-50cm - L\u2019atelier du Coon<\/title>\n<meta name=\"robots\" content=\"index, follow, max-snippet:-1, max-image-preview:large, max-video-preview:-1\" \/>\n<link rel=\"canonical\" href=\"https:\/\/latelierducoon.com\/index.php\/produit\/le-ankaa-45-50cm\/\" \/>\n<meta property=\"og:locale\" content=\"fr_FR\" \/>\n<meta property=\"og:type\" content=\"article\" \/>\n<meta property=\"og:title\" content=\"Le Ankaa 45-50cm - L\u2019atelier du Coon\" \/>\n<meta property=\"og:description\" content=\"Le collier Ankaa est enti\u00e8rement fabriqu\u00e9 \u00e0 la main, avec un tressage en paracorde \u00e0 4 brins aux couleurs Foggy vert, Moss, Espresso et Tan. Il est mont\u00e9 sur un adaptateur r\u00e9glable en biothane Holy guacamole 25mm, r\u00e9sistant et facile d\u2019entretien.Convient pour un tour de cou de 45 \u00e0 50 cm (voir guide de mesure en photo). \u2728\ud83d\udc3e \ud83c\udf81 Offre sp\u00e9ciale : Pour l\u2019achat d\u2019un ensemble laisse + collier, une m\u00e9daille au choix est offerte. Envoyez simplement un mail \u00e0 latelierducoon@gmail.com ou un message Instagram @latelierducoon avec votre num\u00e9ro de commande et la m\u00e9daille souhait\u00e9e.\" \/>\n<meta property=\"og:url\" content=\"https:\/\/latelierducoon.com\/index.php\/produit\/le-ankaa-45-50cm\/\" \/>\n<meta property=\"og:site_name\" content=\"L\u2019atelier du Coon\" \/>\n<meta property=\"article:modified_time\" content=\"2026-03-18T14:42:41+00:00\" \/>\n<meta property=\"og:image\" content=\"http:\/\/latelierducoon.com\/wp-content\/uploads\/4-31.png\" \/>\n\t<meta property=\"og:image:width\" content=\"600\" \/>\n\t<meta property=\"og:image:height\" content=\"800\" \/>\n\t<meta property=\"og:image:type\" content=\"image\/png\" \/>\n<meta name=\"twitter:card\" content=\"summary_large_image\" \/>\n<meta name=\"twitter:label1\" content=\"Dur\u00e9e de lecture estim\u00e9e\" \/>\n\t<meta name=\"twitter:data1\" content=\"2 minutes\" \/>\n<script type=\"application\/ld+json\" class=\"yoast-schema-graph\">{\"@context\":\"https:\\\/\\\/schema.org\",\"@graph\":[{\"@type\":\"WebPage\",\"@id\":\"https:\\\/\\\/latelierducoon.com\\\/index.php\\\/produit\\\/le-ankaa-45-50cm\\\/\",\"url\":\"https:\\\/\\\/latelierducoon.com\\\/index.php\\\/produit\\\/le-ankaa-45-50cm\\\/\",\"name\":\"Le Ankaa 45-50cm - L\u2019atelier du Coon\",\"isPartOf\":{\"@id\":\"https:\\\/\\\/latelierducoon.com\\\/#website\"},\"primaryImageOfPage\":{\"@id\":\"https:\\\/\\\/latelierducoon.com\\\/index.php\\\/produit\\\/le-ankaa-45-50cm\\\/#primaryimage\"},\"image\":{\"@id\":\"https:\\\/\\\/latelierducoon.com\\\/index.php\\\/produit\\\/le-ankaa-45-50cm\\\/#primaryimage\"},\"thumbnailUrl\":\"https:\\\/\\\/latelierducoon.com\\\/wp-content\\\/uploads\\\/4-31.png\",\"datePublished\":\"2026-03-16T12:26:18+00:00\",\"dateModified\":\"2026-03-18T14:42:41+00:00\",\"breadcrumb\":{\"@id\":\"https:\\\/\\\/latelierducoon.com\\\/index.php\\\/produit\\\/le-ankaa-45-50cm\\\/#breadcrumb\"},\"inLanguage\":\"fr-FR\",\"potentialAction\":[{\"@type\":\"ReadAction\",\"target\":[\"https:\\\/\\\/latelierducoon.com\\\/index.php\\\/produit\\\/le-ankaa-45-50cm\\\/\"]}]},{\"@type\":\"ImageObject\",\"inLanguage\":\"fr-FR\",\"@id\":\"https:\\\/\\\/latelierducoon.com\\\/index.php\\\/produit\\\/le-ankaa-45-50cm\\\/#primaryimage\",\"url\":\"https:\\\/\\\/latelierducoon.com\\\/wp-content\\\/uploads\\\/4-31.png\",\"contentUrl\":\"https:\\\/\\\/latelierducoon.com\\\/wp-content\\\/uploads\\\/4-31.png\",\"width\":600,\"height\":800,\"caption\":\"collier chien sur-mesure paracorde biothane fait main\"},{\"@type\":\"BreadcrumbList\",\"@id\":\"https:\\\/\\\/latelierducoon.com\\\/index.php\\\/produit\\\/le-ankaa-45-50cm\\\/#breadcrumb\",\"itemListElement\":[{\"@type\":\"ListItem\",\"position\":1,\"name\":\"Home\",\"item\":\"https:\\\/\\\/latelierducoon.com\\\/\"},{\"@type\":\"ListItem\",\"position\":2,\"name\":\"Accueil\",\"item\":\"https:\\\/\\\/latelierducoon.com\\\/\"},{\"@type\":\"ListItem\",\"position\":3,\"name\":\"Le Ankaa 45-50cm\"}]},{\"@type\":\"WebSite\",\"@id\":\"https:\\\/\\\/latelierducoon.com\\\/#website\",\"url\":\"https:\\\/\\\/latelierducoon.com\\\/\",\"name\":\"L\u2019atelier du Coon\",\"description\":\"\",\"potentialAction\":[{\"@type\":\"SearchAction\",\"target\":{\"@type\":\"EntryPoint\",\"urlTemplate\":\"https:\\\/\\\/latelierducoon.com\\\/?s={search_term_string}\"},\"query-input\":{\"@type\":\"PropertyValueSpecification\",\"valueRequired\":true,\"valueName\":\"search_term_string\"}}],\"inLanguage\":\"fr-FR\"}]}<\/script>\n<!-- \/ Yoast SEO plugin. -->","yoast_head_json":{"title":"Le Ankaa 45-50cm - L\u2019atelier du Coon","robots":{"index":"index","follow":"follow","max-snippet":"max-snippet:-1","max-image-preview":"max-image-preview:large","max-video-preview":"max-video-preview:-1"},"canonical":"https:\/\/latelierducoon.com\/index.php\/produit\/le-ankaa-45-50cm\/","og_locale":"fr_FR","og_type":"article","og_title":"Le Ankaa 45-50cm - L\u2019atelier du Coon","og_description":"Le collier Ankaa est enti\u00e8rement fabriqu\u00e9 \u00e0 la main, avec un tressage en paracorde \u00e0 4 brins aux couleurs Foggy vert, Moss, Espresso et Tan. Il est mont\u00e9 sur un adaptateur r\u00e9glable en biothane Holy guacamole 25mm, r\u00e9sistant et facile d\u2019entretien.Convient pour un tour de cou de 45 \u00e0 50 cm (voir guide de mesure en photo). \u2728\ud83d\udc3e \ud83c\udf81 Offre sp\u00e9ciale : Pour l\u2019achat d\u2019un ensemble laisse + collier, une m\u00e9daille au choix est offerte. Envoyez simplement un mail \u00e0 latelierducoon@gmail.com ou un message Instagram @latelierducoon avec votre num\u00e9ro de commande et la m\u00e9daille souhait\u00e9e.","og_url":"https:\/\/latelierducoon.com\/index.php\/produit\/le-ankaa-45-50cm\/","og_site_name":"L\u2019atelier du Coon","article_modified_time":"2026-03-18T14:42:41+00:00","og_image":[{"width":600,"height":800,"url":"http:\/\/latelierducoon.com\/wp-content\/uploads\/4-31.png","type":"image\/png"}],"twitter_card":"summary_large_image","twitter_misc":{"Dur\u00e9e de lecture estim\u00e9e":"2 minutes"},"schema":{"@context":"https:\/\/schema.org","@graph":[{"@type":"WebPage","@id":"https:\/\/latelierducoon.com\/index.php\/produit\/le-ankaa-45-50cm\/","url":"https:\/\/latelierducoon.com\/index.php\/produit\/le-ankaa-45-50cm\/","name":"Le Ankaa 45-50cm - L\u2019atelier du Coon","isPartOf":{"@id":"https:\/\/latelierducoon.com\/#website"},"primaryImageOfPage":{"@id":"https:\/\/latelierducoon.com\/index.php\/produit\/le-ankaa-45-50cm\/#primaryimage"},"image":{"@id":"https:\/\/latelierducoon.com\/index.php\/produit\/le-ankaa-45-50cm\/#primaryimage"},"thumbnailUrl":"https:\/\/latelierducoon.com\/wp-content\/uploads\/4-31.png","datePublished":"2026-03-16T12:26:18+00:00","dateModified":"2026-03-18T14:42:41+00:00","breadcrumb":{"@id":"https:\/\/latelierducoon.com\/index.php\/produit\/le-ankaa-45-50cm\/#breadcrumb"},"inLanguage":"fr-FR","potentialAction":[{"@type":"ReadAction","target":["https:\/\/latelierducoon.com\/index.php\/produit\/le-ankaa-45-50cm\/"]}]},{"@type":"ImageObject","inLanguage":"fr-FR","@id":"https:\/\/latelierducoon.com\/index.php\/produit\/le-ankaa-45-50cm\/#primaryimage","url":"https:\/\/latelierducoon.com\/wp-content\/uploads\/4-31.png","contentUrl":"https:\/\/latelierducoon.com\/wp-content\/uploads\/4-31.png","width":600,"height":800,"caption":"collier chien sur-mesure paracorde biothane fait main"},{"@type":"BreadcrumbList","@id":"https:\/\/latelierducoon.com\/index.php\/produit\/le-ankaa-45-50cm\/#breadcrumb","itemListElement":[{"@type":"ListItem","position":1,"name":"Home","item":"https:\/\/latelierducoon.com\/"},{"@type":"ListItem","position":2,"name":"Accueil","item":"https:\/\/latelierducoon.com\/"},{"@type":"ListItem","position":3,"name":"Le Ankaa 45-50cm"}]},{"@type":"WebSite","@id":"https:\/\/latelierducoon.com\/#website","url":"https:\/\/latelierducoon.com\/","name":"L\u2019atelier du Coon","description":"","potentialAction":[{"@type":"SearchAction","target":{"@type":"EntryPoint","urlTemplate":"https:\/\/latelierducoon.com\/?s={search_term_string}"},"query-input":{"@type":"PropertyValueSpecification","valueRequired":true,"valueName":"search_term_string"}}],"inLanguage":"fr-FR"}]}},"jetpack_sharing_enabled":true,"_links":{"self":[{"href":"https:\/\/latelierducoon.com\/index.php\/wp-json\/wp\/v2\/product\/5528","targetHints":{"allow":["GET"]}}],"collection":[{"href":"https:\/\/latelierducoon.com\/index.php\/wp-json\/wp\/v2\/product"}],"about":[{"href":"https:\/\/latelierducoon.com\/index.php\/wp-json\/wp\/v2\/types\/product"}],"replies":[{"embeddable":true,"href":"https:\/\/latelierducoon.com\/index.php\/wp-json\/wp\/v2\/comments?post=5528"}],"wp:featuredmedia":[{"embeddable":true,"href":"https:\/\/latelierducoon.com\/index.php\/wp-json\/wp\/v2\/media\/5529"}],"wp:attachment":[{"href":"https:\/\/latelierducoon.com\/index.php\/wp-json\/wp\/v2\/media?parent=5528"}],"wp:term":[{"taxonomy":"product_brand","embeddable":true,"href":"https:\/\/latelierducoon.com\/index.php\/wp-json\/wp\/v2\/product_brand?post=5528"},{"taxonomy":"product_cat","embeddable":true,"href":"https:\/\/latelierducoon.com\/index.php\/wp-json\/wp\/v2\/product_cat?post=5528"},{"taxonomy":"product_tag","embeddable":true,"href":"https:\/\/latelierducoon.com\/index.php\/wp-json\/wp\/v2\/product_tag?post=5528"}],"curies":[{"name":"wp","href":"https:\/\/api.w.org\/{rel}","templated":true}]}}